{"id":782631,"date":"2026-02-23T12:47:07","date_gmt":"2026-02-23T09:47:07","guid":{"rendered":"https:\/\/roveyayinevi.com.tr\/index.php\/urun\/sigorta-sektoru-ve-karlilik\/"},"modified":"2026-04-15T03:39:58","modified_gmt":"2026-04-15T00:39:58","slug":"sigorta-sektoru-ve-karlilik","status":"publish","type":"product","link":"https:\/\/roveyayinevi.com.tr\/index.php\/urun\/sigorta-sektoru-ve-karlilik\/","title":{"rendered":"Sigorta Sekt\u00f6r\u00fc ve Karl\u0131l\u0131k"},"content":{"rendered":"<p>Dr. \u015eerafettin Okan Yayla bu \u00e7al\u0131\u015fmas\u0131nda, sigortac\u0131l\u0131k sekt\u00f6r\u00fcn\u00fc i\u015fletme ve ekonomi disiplinlerinin kesi\u015fiminde, k\u00e2rl\u0131l\u0131k ekseninde inceliyor. K\u00e2r kavram\u0131n\u0131n teorik \u00e7er\u00e7evesinden ba\u015flayarak, sigorta \u015firketlerinin yap\u0131sal \u00f6zelliklerini, gelir-gider dinamiklerini ve s\u00fcrd\u00fcr\u00fclebilirlik ko\u015fullar\u0131n\u0131 detayl\u0131 bi\u00e7imde analiz ediyor. Elementer sigorta i\u015fletmelerine odaklanan kitap, sekt\u00f6r\u00fcn \u00f6zg\u00fcn k\u00e2rl\u0131l\u0131k g\u00f6stergelerini ve finansal tablolar\u0131n\u0131 \u00e7\u00f6z\u00fcmleyerek okuyucuya net ve b\u00fct\u00fcnc\u00fcl bir bak\u0131\u015f sunuyor.Teorik temelin ard\u0131ndan, T\u00fcrkiye sigorta piyasas\u0131nda faaliyet g\u00f6steren bir firma \u00fczerinden yap\u0131lan ampirik analizle kitap hem akademik bilgiye hem saha ger\u00e7ekli\u011fine temas ediyor. Sigorta Sekt\u00f6r\u00fc ve K\u00e2rl\u0131l\u0131k, sigorta sekt\u00f6r\u00fcne ilgi duyan akademisyenler, \u00f6\u011frenciler ve uygulay\u0131c\u0131lar i\u00e7in hem analitik hem de pratik bir rehber niteli\u011fi ta\u015f\u0131yor. <\/p>\n","protected":false},"excerpt":{"rendered":"<p>Dr. \u015eerafettin Okan Yayla bu \u00e7al\u0131\u015fmas\u0131nda, sigortac\u0131l\u0131k sekt\u00f6r\u00fcn\u00fc i\u015fletme ve ekonomi disiplinlerinin kesi\u015fiminde, k\u00e2rl\u0131l\u0131k ekseninde inceliyor. K\u00e2r kavram\u0131n\u0131n teorik \u00e7er\u00e7evesinden ba\u015flayarak, sigorta \u015firketlerinin yap\u0131sal \u00f6zelliklerini, gelir-gider<span class=\"excerpt-hellip\"> [\u2026]<\/span><\/p>\n","protected":false},"featured_media":0,"template":"","meta":{"_monsterinsights_skip_tracking":false,"_monsterinsights_sitenote_active":false,"_monsterinsights_sitenote_note":"","_monsterinsights_sitenote_category":0},"product_brand":[],"product_cat":[13043,17647],"product_tag":[],"class_list":{"0":"post-782631","1":"product","2":"type-product","3":"status-publish","5":"product_cat-ekonomi","6":"product_cat-is-dunyasi","7":"pa_cilt-ciltsiz","8":"pa_tur-kitap","9":"pa_yayinevi-liberte-yayinlari","10":"pa_yazar-serafettin-okan-yayla","12":"first","13":"instock","14":"sale","15":"shipping-taxable","16":"purchasable","17":"product-type-simple"},"_links":{"self":[{"href":"https:\/\/roveyayinevi.com.tr\/index.php\/wp-json\/wp\/v2\/product\/782631","targetHints":{"allow":["GET"]}}],"collection":[{"href":"https:\/\/roveyayinevi.com.tr\/index.php\/wp-json\/wp\/v2\/product"}],"about":[{"href":"https:\/\/roveyayinevi.com.tr\/index.php\/wp-json\/wp\/v2\/types\/product"}],"wp:attachment":[{"href":"https:\/\/roveyayinevi.com.tr\/index.php\/wp-json\/wp\/v2\/media?parent=782631"}],"wp:term":[{"taxonomy":"product_brand","embeddable":true,"href":"https:\/\/roveyayinevi.com.tr\/index.php\/wp-json\/wp\/v2\/product_brand?post=782631"},{"taxonomy":"product_cat","embeddable":true,"href":"https:\/\/roveyayinevi.com.tr\/index.php\/wp-json\/wp\/v2\/product_cat?post=782631"},{"taxonomy":"product_tag","embeddable":true,"href":"https:\/\/roveyayinevi.com.tr\/index.php\/wp-json\/wp\/v2\/product_tag?post=782631"}],"curies":[{"name":"wp","href":"https:\/\/api.w.org\/{rel}","templated":true}]}}