{"id":782630,"date":"2026-02-23T12:46:25","date_gmt":"2026-02-23T09:46:25","guid":{"rendered":"https:\/\/roveyayinevi.com.tr\/index.php\/urun\/ussakiler-abdurrahman-sami-niyazi-ve-ahmet-sucaeddin\/"},"modified":"2026-04-15T03:39:28","modified_gmt":"2026-04-15T00:39:28","slug":"ussakiler-abdurrahman-sami-niyazi-ve-ahmet-sucaeddin","status":"publish","type":"product","link":"https:\/\/roveyayinevi.com.tr\/index.php\/urun\/ussakiler-abdurrahman-sami-niyazi-ve-ahmet-sucaeddin\/","title":{"rendered":"U\u015f\u015fakiler \/Abdurrahman Sami Niyazi ve Ahmet \u015e\u00fccaeddin"},"content":{"rendered":"<p>U\u015f\u015f\u00e2k\u00eelik veya U\u015f\u015f\u00e2kk\u00eeye, \u015eeyh Seyyid Hasan H\u00fcsameddin\u2019e dayanan Halvet\u00eelik tarikat\u0131n\u0131n bir koludur. U\u015f\u015fak\u00ee, \u00e2\u015f\u0131k kelimesinin \u00e7o\u011fulu olan \u201cu\u015f\u015f\u00e2k\u201ctan t\u00fcremi\u015ftir. U\u015f\u015f\u00e2kk\u00eeyye yolu kendi i\u00e7inde de bir\u00e7ok kollara ayr\u0131lm\u0131\u015ft\u0131r. U\u015f\u015f\u00e2kk\u00eeli\u011fin merkez tekkesi \u0130stanbul Kas\u0131mpa\u015fa\u2019da bulunan \u00c2sitane-i U\u015f\u015f\u00e2kk\u00eeyyedir. Uzun bir tarih\u00ee ge\u00e7mi\u015fi bulunan U\u015f\u015fak\u00ee tarikat\u0131n\u0131n son temsilcileri olan Abdurrahman S\u00e2mi Niyazi Efendi ile Ali \u015e\u00fccaeddin Efendi ve ard\u0131llar\u0131ndan baz\u0131lar\u0131 bu kitapta anlat\u0131lmaktad\u0131r. Yazar, U\u015f\u015f\u00e2kk\u00eelerin bu son temsilcileriyle ilgili kendisinde mevcut belge ve bilgileri tan\u0131k vererek kitab\u0131nda anlatmaktad\u0131r. <\/p>\n","protected":false},"excerpt":{"rendered":"<p>U\u015f\u015f\u00e2k\u00eelik veya U\u015f\u015f\u00e2kk\u00eeye, \u015eeyh Seyyid Hasan H\u00fcsameddin\u2019e dayanan Halvet\u00eelik tarikat\u0131n\u0131n bir koludur. U\u015f\u015fak\u00ee, \u00e2\u015f\u0131k kelimesinin \u00e7o\u011fulu olan \u201cu\u015f\u015f\u00e2k\u201ctan t\u00fcremi\u015ftir. U\u015f\u015f\u00e2kk\u00eeyye yolu kendi i\u00e7inde de bir\u00e7ok kollara<span class=\"excerpt-hellip\"> [\u2026]<\/span><\/p>\n","protected":false},"featured_media":0,"template":"","meta":{"_monsterinsights_skip_tracking":false,"_monsterinsights_sitenote_active":false,"_monsterinsights_sitenote_note":"","_monsterinsights_sitenote_category":0},"product_brand":[],"product_cat":[12718],"product_tag":[],"class_list":{"0":"post-782630","1":"product","2":"type-product","3":"status-publish","5":"product_cat-din","6":"pa_cilt-ciltsiz","7":"pa_tur-kitap","8":"pa_yayinevi-kultur-ajans-yayinlari","9":"pa_yazar-selahattin-aydemir","11":"first","12":"instock","13":"sale","14":"shipping-taxable","15":"purchasable","16":"product-type-simple"},"_links":{"self":[{"href":"https:\/\/roveyayinevi.com.tr\/index.php\/wp-json\/wp\/v2\/product\/782630","targetHints":{"allow":["GET"]}}],"collection":[{"href":"https:\/\/roveyayinevi.com.tr\/index.php\/wp-json\/wp\/v2\/product"}],"about":[{"href":"https:\/\/roveyayinevi.com.tr\/index.php\/wp-json\/wp\/v2\/types\/product"}],"wp:attachment":[{"href":"https:\/\/roveyayinevi.com.tr\/index.php\/wp-json\/wp\/v2\/media?parent=782630"}],"wp:term":[{"taxonomy":"product_brand","embeddable":true,"href":"https:\/\/roveyayinevi.com.tr\/index.php\/wp-json\/wp\/v2\/product_brand?post=782630"},{"taxonomy":"product_cat","embeddable":true,"href":"https:\/\/roveyayinevi.com.tr\/index.php\/wp-json\/wp\/v2\/product_cat?post=782630"},{"taxonomy":"product_tag","embeddable":true,"href":"https:\/\/roveyayinevi.com.tr\/index.php\/wp-json\/wp\/v2\/product_tag?post=782630"}],"curies":[{"name":"wp","href":"https:\/\/api.w.org\/{rel}","templated":true}]}}