{"id":782628,"date":"2026-02-23T12:46:06","date_gmt":"2026-02-23T09:46:06","guid":{"rendered":"https:\/\/roveyayinevi.com.tr\/index.php\/urun\/gunduz-gunceleri-ciltli\/"},"modified":"2026-04-15T03:39:18","modified_gmt":"2026-04-15T00:39:18","slug":"gunduz-gunceleri-ciltli","status":"publish","type":"product","link":"https:\/\/roveyayinevi.com.tr\/index.php\/urun\/gunduz-gunceleri-ciltli\/","title":{"rendered":"G\u00fcnd\u00fcz G\u00fcnceleri (Ciltli)"},"content":{"rendered":"<p>\u201cBir \u00e7at\u0131 alt\u0131nda toplanm\u0131\u015f, birbiri i\u00e7in atan kalplerdir aile, benim ailem. G\u00fcnd\u00fczler.\u201d Gonca G\u00fcnd\u00fcz alt\u0131 \u00e7ocuklu ailenin d\u00f6rt numaras\u0131d\u0131r. G\u00fcnd\u00fcz ailesinin tatl\u0131 ama biraz da asabi olan\u0131d\u0131r. Onunla ge\u00e7inemeyenin sorunu kar\u015f\u0131s\u0131ndakinde aramas\u0131n\u0131 ister ve baz\u0131 karde\u015fleriyle aras\u0131 hep karde\u015f gibidir, bilirsiniz i\u015fte. Asl\u0131nda son zamanlarda Gonca\u2019n\u0131n kalbi biraz dertli de diyebiliriz. Son zamanlar dedi\u011fim zaman dilimi de bir y\u0131l\u0131 a\u015fk\u0131n\u2026 Kar\u015f\u0131 evde oturan Yekta\u2019ya epeydir kar\u015f\u0131l\u0131ks\u0131z a\u015fkla ba\u011flanm\u0131\u015ft\u0131r fakat bu a\u015fk onun i\u00e7in melankoli de\u011fil e\u011flencelidir de \u00e7\u00fcnk\u00fc Gonca hi\u00e7bir erke\u011fin onun kalbini k\u0131rmas\u0131na izin vermez. Gonca\u2019n\u0131n \u00e7at\u0131 kat\u0131ndaki odas\u0131ndan a\u00e7\u0131lan pencere asl\u0131nda t\u00fcm ailenin defterini aralar \u00e7\u00fcnk\u00fc G\u00fcnd\u00fczler ger\u00e7ekten olayl\u0131 olduklar\u0131 kadar birbirlerine \u00e7ok ba\u011fl\u0131d\u0131r. Bu deli dolu ailenin maceralar\u0131 bir an olsun bitmez ve onlara tan\u0131k olurken hep yanlar\u0131ndaym\u0131\u015fs\u0131n\u0131z gibi hissedersiniz. \u201cBiz G\u00fcnd\u00fcz ailesiyiz, her g\u00fcn\u00fcme yazacak bir\u00e7ok an\u0131 biriktiririz. Bu gece de yazaca\u011f\u0131m g\u00fcnceme; G\u00fcnd\u00fczleri \u00e7ok seviyorum diye.\u201d<\/p>\n","protected":false},"excerpt":{"rendered":"<p>\u201cBir \u00e7at\u0131 alt\u0131nda toplanm\u0131\u015f, birbiri i\u00e7in atan kalplerdir aile, benim ailem. G\u00fcnd\u00fczler.\u201d Gonca G\u00fcnd\u00fcz alt\u0131 \u00e7ocuklu ailenin d\u00f6rt numaras\u0131d\u0131r. G\u00fcnd\u00fcz ailesinin tatl\u0131 ama biraz da asabi<span class=\"excerpt-hellip\"> [\u2026]<\/span><\/p>\n","protected":false},"featured_media":0,"template":"","meta":{"_monsterinsights_skip_tracking":false,"_monsterinsights_sitenote_active":false,"_monsterinsights_sitenote_note":"","_monsterinsights_sitenote_category":0},"product_brand":[],"product_cat":[12291,12711],"product_tag":[],"class_list":{"0":"post-782628","1":"product","2":"type-product","3":"status-publish","5":"product_cat-edebiyat","6":"product_cat-roman-oyku","7":"pa_cilt-ciltli","8":"pa_tur-kitap","9":"pa_yayinevi-ephesus-yayinlari","10":"pa_yazar-sumeyye-demirkan","12":"first","13":"instock","14":"sale","15":"shipping-taxable","16":"purchasable","17":"product-type-simple"},"_links":{"self":[{"href":"https:\/\/roveyayinevi.com.tr\/index.php\/wp-json\/wp\/v2\/product\/782628","targetHints":{"allow":["GET"]}}],"collection":[{"href":"https:\/\/roveyayinevi.com.tr\/index.php\/wp-json\/wp\/v2\/product"}],"about":[{"href":"https:\/\/roveyayinevi.com.tr\/index.php\/wp-json\/wp\/v2\/types\/product"}],"wp:attachment":[{"href":"https:\/\/roveyayinevi.com.tr\/index.php\/wp-json\/wp\/v2\/media?parent=782628"}],"wp:term":[{"taxonomy":"product_brand","embeddable":true,"href":"https:\/\/roveyayinevi.com.tr\/index.php\/wp-json\/wp\/v2\/product_brand?post=782628"},{"taxonomy":"product_cat","embeddable":true,"href":"https:\/\/roveyayinevi.com.tr\/index.php\/wp-json\/wp\/v2\/product_cat?post=782628"},{"taxonomy":"product_tag","embeddable":true,"href":"https:\/\/roveyayinevi.com.tr\/index.php\/wp-json\/wp\/v2\/product_tag?post=782628"}],"curies":[{"name":"wp","href":"https:\/\/api.w.org\/{rel}","templated":true}]}}