{"id":782626,"date":"2026-02-23T12:45:18","date_gmt":"2026-02-23T09:45:18","guid":{"rendered":"https:\/\/roveyayinevi.com.tr\/index.php\/urun\/pastacilik-101-ciltli\/"},"modified":"2026-04-15T03:38:44","modified_gmt":"2026-04-15T00:38:44","slug":"pastacilik-101-ciltli","status":"publish","type":"product","link":"https:\/\/roveyayinevi.com.tr\/index.php\/urun\/pastacilik-101-ciltli\/","title":{"rendered":"Pastac\u0131l\u0131k 101 (Ciltli)"},"content":{"rendered":"<p>Mutfaklar\u0131n vazge\u00e7ilmez lezzeti pastac\u0131l\u0131k hakk\u0131nda her \u015fey. T\u00fcrk\u00e7e olarak haz\u0131rlanm\u0131\u015f en kapsaml\u0131 ba\u015fvuru kayna\u011f\u0131 olmas\u0131 ama\u00e7lanan bu kitab\u0131 okurken e\u011flenece\u011finizi de umuyoruz. \u00c7\u00fcnk\u00fc aralara ilginizi \u00e7ekecek hik\u00e2yeler de eklendi. Bu kitap, \u201co kek\u201di sadece sevginin kabartmad\u0131\u011f\u0131n\u0131 anlat\u0131rken prati\u011fi g\u00fc\u00e7l\u00fc olan pastac\u0131lara konunun teorisinden de s\u00f6z ediyor. Gen\u00e7 pasta \u015fefi adaylar\u0131na ilham verirken pastac\u0131l\u0131kla hobi ama\u00e7l\u0131 u\u011fra\u015fanlara neden-sonu\u00e7 ili\u015fkisini g\u00f6steriyor. Ve tabii en \u00f6nemlisi pastac\u0131l\u0131\u011f\u0131n kimya ve matematikle kopmaz ba\u011flar\u0131n\u0131n alt\u0131n\u0131 \u00e7iziyor.<\/p>\n","protected":false},"excerpt":{"rendered":"<p>Mutfaklar\u0131n vazge\u00e7ilmez lezzeti pastac\u0131l\u0131k hakk\u0131nda her \u015fey. T\u00fcrk\u00e7e olarak haz\u0131rlanm\u0131\u015f en kapsaml\u0131 ba\u015fvuru kayna\u011f\u0131 olmas\u0131 ama\u00e7lanan bu kitab\u0131 okurken e\u011flenece\u011finizi de umuyoruz. \u00c7\u00fcnk\u00fc aralara ilginizi \u00e7ekecek<span class=\"excerpt-hellip\"> [\u2026]<\/span><\/p>\n","protected":false},"featured_media":0,"template":"","meta":{"_monsterinsights_skip_tracking":false,"_monsterinsights_sitenote_active":false,"_monsterinsights_sitenote_note":"","_monsterinsights_sitenote_category":0},"product_brand":[],"product_cat":[12457],"product_tag":[],"class_list":{"0":"post-782626","1":"product","2":"type-product","3":"status-publish","5":"product_cat-yemek-kitaplari","6":"pa_cilt-ciltli","7":"pa_tur-kitap","8":"pa_yayinevi-remzi-kitabevi","9":"pa_yazar-bahar-yilmaz","11":"first","12":"instock","13":"sale","14":"shipping-taxable","15":"purchasable","16":"product-type-simple"},"_links":{"self":[{"href":"https:\/\/roveyayinevi.com.tr\/index.php\/wp-json\/wp\/v2\/product\/782626","targetHints":{"allow":["GET"]}}],"collection":[{"href":"https:\/\/roveyayinevi.com.tr\/index.php\/wp-json\/wp\/v2\/product"}],"about":[{"href":"https:\/\/roveyayinevi.com.tr\/index.php\/wp-json\/wp\/v2\/types\/product"}],"wp:attachment":[{"href":"https:\/\/roveyayinevi.com.tr\/index.php\/wp-json\/wp\/v2\/media?parent=782626"}],"wp:term":[{"taxonomy":"product_brand","embeddable":true,"href":"https:\/\/roveyayinevi.com.tr\/index.php\/wp-json\/wp\/v2\/product_brand?post=782626"},{"taxonomy":"product_cat","embeddable":true,"href":"https:\/\/roveyayinevi.com.tr\/index.php\/wp-json\/wp\/v2\/product_cat?post=782626"},{"taxonomy":"product_tag","embeddable":true,"href":"https:\/\/roveyayinevi.com.tr\/index.php\/wp-json\/wp\/v2\/product_tag?post=782626"}],"curies":[{"name":"wp","href":"https:\/\/api.w.org\/{rel}","templated":true}]}}