{"id":782624,"date":"2026-02-23T12:44:38","date_gmt":"2026-02-23T09:44:38","guid":{"rendered":"https:\/\/roveyayinevi.com.tr\/index.php\/urun\/karanligin-esirleri\/"},"modified":"2026-04-15T03:38:16","modified_gmt":"2026-04-15T00:38:16","slug":"karanligin-esirleri","status":"publish","type":"product","link":"https:\/\/roveyayinevi.com.tr\/index.php\/urun\/karanligin-esirleri\/","title":{"rendered":"Karanl\u0131\u011f\u0131n Esirleri"},"content":{"rendered":"<p>Kitap Tan\u0131t\u0131m Yaz\u0131s\u0131 : Yapm\u0131\u015f oldu\u011fumuz hatalar\u0131n geri d\u00f6n\u00fclemez k\u0131y\u0131s\u0131nda, \u00e7\u00fcr\u00fcm\u00fc\u015f ruhlar\u0131m\u0131z i\u00e7in haz\u0131rlanan bir kaosun e\u015fi\u011findeyiz. Nefretin ve \u00f6fkenin dirilip kar\u015f\u0131m\u0131za geldi\u011fi g\u00fcn yapmam\u0131z gereken yeg\u00e2ne \u015fey birbirimizin elinden tutmak olacakt\u0131r. Fakat insano\u011flu lanetlerle kutsanm\u0131\u015f kadim k\u00f6t\u00fcl\u00fcklerin elinde birer kuklad\u0131r. D\u00f6k\u00fclen her kan i\u00e7in daha fazlas\u0131n\u0131 isteyen ve bununla yetinmeyip i\u015fkencelerden do\u011fan \u00e7\u0131\u011fl\u0131klarla tatmin olan bu varl\u0131klar\u0131n kar\u015f\u0131s\u0131nda nas\u0131l ayakta duracaklar? Ruhlar\u0131m\u0131z, ya sonsuz bah\u00e7enin ye\u015filliklerine kar\u0131\u015facak, ya da katranla bezenmi\u015f, ard\u0131 arkas\u0131 kesilmez hayk\u0131r\u0131\u015flar\u0131n karanl\u0131\u011f\u0131na esir olacaklar.<\/p>\n","protected":false},"excerpt":{"rendered":"<p>Kitap Tan\u0131t\u0131m Yaz\u0131s\u0131 : Yapm\u0131\u015f oldu\u011fumuz hatalar\u0131n geri d\u00f6n\u00fclemez k\u0131y\u0131s\u0131nda, \u00e7\u00fcr\u00fcm\u00fc\u015f ruhlar\u0131m\u0131z i\u00e7in haz\u0131rlanan bir kaosun e\u015fi\u011findeyiz. Nefretin ve \u00f6fkenin dirilip kar\u015f\u0131m\u0131za geldi\u011fi g\u00fcn yapmam\u0131z gereken<span class=\"excerpt-hellip\"> [\u2026]<\/span><\/p>\n","protected":false},"featured_media":0,"template":"","meta":{"_monsterinsights_skip_tracking":false,"_monsterinsights_sitenote_active":false,"_monsterinsights_sitenote_note":"","_monsterinsights_sitenote_category":0},"product_brand":[],"product_cat":[12291,14777],"product_tag":[],"class_list":{"0":"post-782624","1":"product","2":"type-product","3":"status-publish","5":"product_cat-edebiyat","6":"product_cat-fantastik","7":"pa_cilt-ciltsiz","8":"pa_tur-kitap","9":"pa_yayinevi-yediveren-yayinlari","10":"pa_yazar-furkan-gursu","12":"first","13":"instock","14":"sale","15":"shipping-taxable","16":"purchasable","17":"product-type-simple"},"_links":{"self":[{"href":"https:\/\/roveyayinevi.com.tr\/index.php\/wp-json\/wp\/v2\/product\/782624","targetHints":{"allow":["GET"]}}],"collection":[{"href":"https:\/\/roveyayinevi.com.tr\/index.php\/wp-json\/wp\/v2\/product"}],"about":[{"href":"https:\/\/roveyayinevi.com.tr\/index.php\/wp-json\/wp\/v2\/types\/product"}],"wp:attachment":[{"href":"https:\/\/roveyayinevi.com.tr\/index.php\/wp-json\/wp\/v2\/media?parent=782624"}],"wp:term":[{"taxonomy":"product_brand","embeddable":true,"href":"https:\/\/roveyayinevi.com.tr\/index.php\/wp-json\/wp\/v2\/product_brand?post=782624"},{"taxonomy":"product_cat","embeddable":true,"href":"https:\/\/roveyayinevi.com.tr\/index.php\/wp-json\/wp\/v2\/product_cat?post=782624"},{"taxonomy":"product_tag","embeddable":true,"href":"https:\/\/roveyayinevi.com.tr\/index.php\/wp-json\/wp\/v2\/product_tag?post=782624"}],"curies":[{"name":"wp","href":"https:\/\/api.w.org\/{rel}","templated":true}]}}