{"id":782622,"date":"2026-02-23T12:44:05","date_gmt":"2026-02-23T09:44:05","guid":{"rendered":"https:\/\/roveyayinevi.com.tr\/index.php\/urun\/mandala-yasamini-renklendir\/"},"modified":"2026-04-15T03:37:50","modified_gmt":"2026-04-15T00:37:50","slug":"mandala-yasamini-renklendir","status":"publish","type":"product","link":"https:\/\/roveyayinevi.com.tr\/index.php\/urun\/mandala-yasamini-renklendir\/","title":{"rendered":"Mandala \u2013 Ya\u015fam\u0131n\u0131 Renklendir!"},"content":{"rendered":"<p>Kitap Tan\u0131t\u0131m Yaz\u0131s\u0131 : Boyama yapmak sadece \u00e7ocuklar i\u00e7in de\u011fil!Yeti\u015fkinler i\u00e7in haz\u0131rlad\u0131\u011f\u0131m\u0131z bu boyama kitab\u0131yla hem e\u011flenecek hem de stres atacaks\u0131n\u0131z.Birbirinden g\u00fczel desenleri kendi ruh halinize g\u00f6re renklendirirken zaman\u0131n nas\u0131l ge\u00e7ti\u011finianlamayacaks\u0131n\u0131z.Ya\u015fam\u0131n\u0131 Renklendir-Mandala B\u00fcy\u00fckler \u0130\u00e7in Boyama Kitab\u0131&#8217;nda 23 adet \u00e7izim sizleri bekliyor.Kullan\u0131lan Reklam Mecralar\u0131 : Sosyal medya, gazete ve dergi ekleri, sponsorlu reklamlar<\/p>\n","protected":false},"excerpt":{"rendered":"<p>Kitap Tan\u0131t\u0131m Yaz\u0131s\u0131 : Boyama yapmak sadece \u00e7ocuklar i\u00e7in de\u011fil!Yeti\u015fkinler i\u00e7in haz\u0131rlad\u0131\u011f\u0131m\u0131z bu boyama kitab\u0131yla hem e\u011flenecek hem de stres atacaks\u0131n\u0131z.Birbirinden g\u00fczel desenleri kendi ruh halinize<span class=\"excerpt-hellip\"> [\u2026]<\/span><\/p>\n","protected":false},"featured_media":0,"template":"","meta":{"_monsterinsights_skip_tracking":false,"_monsterinsights_sitenote_active":false,"_monsterinsights_sitenote_note":"","_monsterinsights_sitenote_category":0},"product_brand":[],"product_cat":[38511,15563],"product_tag":[],"class_list":{"0":"post-782622","1":"product","2":"type-product","3":"status-publish","5":"product_cat-buyukler-icin-boyama-mandala","6":"product_cat-hobi","7":"pa_cilt-ciltsiz","8":"pa_tur-kitap","9":"pa_yayinevi-yediveren-yayinlari","10":"pa_yazar-kolektif","12":"first","13":"instock","14":"sale","15":"shipping-taxable","16":"purchasable","17":"product-type-simple"},"_links":{"self":[{"href":"https:\/\/roveyayinevi.com.tr\/index.php\/wp-json\/wp\/v2\/product\/782622","targetHints":{"allow":["GET"]}}],"collection":[{"href":"https:\/\/roveyayinevi.com.tr\/index.php\/wp-json\/wp\/v2\/product"}],"about":[{"href":"https:\/\/roveyayinevi.com.tr\/index.php\/wp-json\/wp\/v2\/types\/product"}],"wp:attachment":[{"href":"https:\/\/roveyayinevi.com.tr\/index.php\/wp-json\/wp\/v2\/media?parent=782622"}],"wp:term":[{"taxonomy":"product_brand","embeddable":true,"href":"https:\/\/roveyayinevi.com.tr\/index.php\/wp-json\/wp\/v2\/product_brand?post=782622"},{"taxonomy":"product_cat","embeddable":true,"href":"https:\/\/roveyayinevi.com.tr\/index.php\/wp-json\/wp\/v2\/product_cat?post=782622"},{"taxonomy":"product_tag","embeddable":true,"href":"https:\/\/roveyayinevi.com.tr\/index.php\/wp-json\/wp\/v2\/product_tag?post=782622"}],"curies":[{"name":"wp","href":"https:\/\/api.w.org\/{rel}","templated":true}]}}