{"id":782621,"date":"2026-02-23T12:44:03","date_gmt":"2026-02-23T09:44:03","guid":{"rendered":"https:\/\/roveyayinevi.com.tr\/index.php\/urun\/mandala-renklerle-eglen\/"},"modified":"2026-04-15T03:37:50","modified_gmt":"2026-04-15T00:37:50","slug":"mandala-renklerle-eglen","status":"publish","type":"product","link":"https:\/\/roveyayinevi.com.tr\/index.php\/urun\/mandala-renklerle-eglen\/","title":{"rendered":"Mandala &#8211; Renklerle E\u011flen!"},"content":{"rendered":"<p>Boyama yapmak sadece \u00e7ocuklar i\u00e7in de\u011fil!Yeti\u015fkinler i\u00e7in haz\u0131rlad\u0131\u011f\u0131m\u0131z bu boyama kitab\u0131yla hem e\u011flenecek hem de stres atacaks\u0131n\u0131z.Birbirinden g\u00fczel desenleri kendi ruh halinize g\u00f6re renklendirirken zaman\u0131n nas\u0131l ge\u00e7ti\u011fini anlamayacaks\u0131n\u0131z.Renklerle E\u011flen-Mandala B\u00fcy\u00fckler \u0130\u00e7in Boyama Kitab\u0131&#8217;nda 23 adet \u00e7izim sizleri bekliyor.<\/p>\n","protected":false},"excerpt":{"rendered":"<p>Boyama yapmak sadece \u00e7ocuklar i\u00e7in de\u011fil!Yeti\u015fkinler i\u00e7in haz\u0131rlad\u0131\u011f\u0131m\u0131z bu boyama kitab\u0131yla hem e\u011flenecek hem de stres atacaks\u0131n\u0131z.Birbirinden g\u00fczel desenleri kendi ruh halinize g\u00f6re renklendirirken zaman\u0131n nas\u0131l<span class=\"excerpt-hellip\"> [\u2026]<\/span><\/p>\n","protected":false},"featured_media":0,"template":"","meta":{"_monsterinsights_skip_tracking":false,"_monsterinsights_sitenote_active":false,"_monsterinsights_sitenote_note":"","_monsterinsights_sitenote_category":0},"product_brand":[],"product_cat":[38511,15563],"product_tag":[],"class_list":{"0":"post-782621","1":"product","2":"type-product","3":"status-publish","5":"product_cat-buyukler-icin-boyama-mandala","6":"product_cat-hobi","7":"pa_cilt-ciltsiz","8":"pa_tur-kitap","9":"pa_yayinevi-yediveren-yayinlari","10":"pa_yazar-kolektif","12":"first","13":"instock","14":"sale","15":"shipping-taxable","16":"purchasable","17":"product-type-simple"},"_links":{"self":[{"href":"https:\/\/roveyayinevi.com.tr\/index.php\/wp-json\/wp\/v2\/product\/782621","targetHints":{"allow":["GET"]}}],"collection":[{"href":"https:\/\/roveyayinevi.com.tr\/index.php\/wp-json\/wp\/v2\/product"}],"about":[{"href":"https:\/\/roveyayinevi.com.tr\/index.php\/wp-json\/wp\/v2\/types\/product"}],"wp:attachment":[{"href":"https:\/\/roveyayinevi.com.tr\/index.php\/wp-json\/wp\/v2\/media?parent=782621"}],"wp:term":[{"taxonomy":"product_brand","embeddable":true,"href":"https:\/\/roveyayinevi.com.tr\/index.php\/wp-json\/wp\/v2\/product_brand?post=782621"},{"taxonomy":"product_cat","embeddable":true,"href":"https:\/\/roveyayinevi.com.tr\/index.php\/wp-json\/wp\/v2\/product_cat?post=782621"},{"taxonomy":"product_tag","embeddable":true,"href":"https:\/\/roveyayinevi.com.tr\/index.php\/wp-json\/wp\/v2\/product_tag?post=782621"}],"curies":[{"name":"wp","href":"https:\/\/api.w.org\/{rel}","templated":true}]}}