{"id":782620,"date":"2026-02-23T12:43:58","date_gmt":"2026-02-23T09:43:58","guid":{"rendered":"https:\/\/roveyayinevi.com.tr\/index.php\/urun\/80-gunde-devri-alem-7\/"},"modified":"2026-04-15T03:37:48","modified_gmt":"2026-04-15T00:37:48","slug":"80-gunde-devri-alem-7","status":"publish","type":"product","link":"https:\/\/roveyayinevi.com.tr\/index.php\/urun\/80-gunde-devri-alem-7\/","title":{"rendered":"80 G\u00fcnde Devri Alem"},"content":{"rendered":"<p>Phileas Fogg, olduk\u00e7a d\u00fczenli, bir o kadar da gizemli bir \u0130ngiliz beyefendisidir. \u00dcyesi oldu\u011fu kul\u00fcpte zaman ge\u00e7irirken bir gazete yaz\u0131s\u0131na denk gelir. Bu yaz\u0131 seksen g\u00fcnde d\u00fcnyay\u0131 gezmenin m\u00fcmk\u00fcn oldu\u011funu anlatmaktad\u0131r.Phileas Fogg, bunun m\u00fcmk\u00fcn oldu\u011funu, arkada\u015flar\u0131 ise imk\u00e2ns\u0131z oldu\u011funu savunur. Sonunda bir iddiaya tutu\u015furlar ve seksen g\u00fcn s\u00fcrecek olan ser\u00fcvenimiz ba\u015flam\u0131\u015f olur.<\/p>\n","protected":false},"excerpt":{"rendered":"<p>Phileas Fogg, olduk\u00e7a d\u00fczenli, bir o kadar da gizemli bir \u0130ngiliz beyefendisidir. \u00dcyesi oldu\u011fu kul\u00fcpte zaman ge\u00e7irirken bir gazete yaz\u0131s\u0131na denk gelir. Bu yaz\u0131 seksen g\u00fcnde<span class=\"excerpt-hellip\"> [\u2026]<\/span><\/p>\n","protected":false},"featured_media":0,"template":"","meta":{"_monsterinsights_skip_tracking":false,"_monsterinsights_sitenote_active":false,"_monsterinsights_sitenote_note":"","_monsterinsights_sitenote_category":0},"product_brand":[],"product_cat":[12274,12284],"product_tag":[],"class_list":{"0":"post-782620","1":"product","2":"type-product","3":"status-publish","5":"product_cat-cocuk-ve-genclik-kitaplari","6":"product_cat-hikayeler","7":"pa_cilt-ciltsiz","8":"pa_tur-kitap","9":"pa_yayinevi-yediveren-cocuk","10":"pa_yazar-jules-verne","12":"first","13":"instock","14":"sale","15":"shipping-taxable","16":"purchasable","17":"product-type-simple"},"_links":{"self":[{"href":"https:\/\/roveyayinevi.com.tr\/index.php\/wp-json\/wp\/v2\/product\/782620","targetHints":{"allow":["GET"]}}],"collection":[{"href":"https:\/\/roveyayinevi.com.tr\/index.php\/wp-json\/wp\/v2\/product"}],"about":[{"href":"https:\/\/roveyayinevi.com.tr\/index.php\/wp-json\/wp\/v2\/types\/product"}],"wp:attachment":[{"href":"https:\/\/roveyayinevi.com.tr\/index.php\/wp-json\/wp\/v2\/media?parent=782620"}],"wp:term":[{"taxonomy":"product_brand","embeddable":true,"href":"https:\/\/roveyayinevi.com.tr\/index.php\/wp-json\/wp\/v2\/product_brand?post=782620"},{"taxonomy":"product_cat","embeddable":true,"href":"https:\/\/roveyayinevi.com.tr\/index.php\/wp-json\/wp\/v2\/product_cat?post=782620"},{"taxonomy":"product_tag","embeddable":true,"href":"https:\/\/roveyayinevi.com.tr\/index.php\/wp-json\/wp\/v2\/product_tag?post=782620"}],"curies":[{"name":"wp","href":"https:\/\/api.w.org\/{rel}","templated":true}]}}