{"id":782619,"date":"2026-02-23T12:43:54","date_gmt":"2026-02-23T09:43:54","guid":{"rendered":"https:\/\/roveyayinevi.com.tr\/index.php\/urun\/yureginle-yasa\/"},"modified":"2026-04-15T03:37:48","modified_gmt":"2026-04-15T00:37:48","slug":"yureginle-yasa","status":"publish","type":"product","link":"https:\/\/roveyayinevi.com.tr\/index.php\/urun\/yureginle-yasa\/","title":{"rendered":"Y\u00fcre\u011finle Ya\u015fa"},"content":{"rendered":"<p>Afrika\u2019n\u0131n balta girmemi\u015f ormanlar\u0131nda hazine arayanbir grup, rehberlik i\u00e7in yerlilerle anla\u015f\u0131r. Hazine aray\u0131\u015f\u0131 sabah\u0131n erken saatlerinden g\u00fcn bat\u0131m\u0131na kadar aral\u0131ks\u0131z s\u00fcrmektedir. Zaman kaybetmeye tahamm\u00fcl\u00fc olmayan hazine avc\u0131lar\u0131 bir an \u00f6nce hazineye ula\u015fmak istiyordur. Bu nedenle acele ediyor ve \u00e7ok az dinlenerek saatler s\u00fcren ke\u015fif y\u00fcr\u00fcy\u00fc\u015fleri yap\u0131yordur. G\u00fcnlerce s\u00fcren bu aray\u0131\u015flardan biridir. Hazine avc\u0131lar\u0131 k\u0131sa bir mola verdikten sonra tekrar harekete ge\u00e7mi\u015ftir. Ancak yerliler oturduklar\u0131 yerde \u00f6ylece bekliyordur. Oysa g\u00fcn bitiyor, vakit ge\u00e7iyor ve bir an \u00f6nce hedefe ula\u015f\u0131lmas\u0131 gerekiyordur. \u015ea\u015fk\u0131nl\u0131klar\u0131n\u0131 bir kenara b\u0131rak\u0131p terc\u00fcman arac\u0131l\u0131\u011f\u0131yla onlara neden beklediklerini sorarlar. Ald\u0131klar\u0131 cevap olduk\u00e7a ilgin\u00e7tir. &#8220;O kadar h\u0131zl\u0131 ilerliyoruz ki ruhlar\u0131m\u0131z geride kald\u0131. Onlar\u0131 beklemeliyiz.&#8221; \u0130\u00e7inde bulundu\u011fumuz \u00e7a\u011f h\u0131zla geli\u015fen teknoloji ve de\u011fi\u015fim \u00e7a\u011f\u0131. Ayak uydurabilmek i\u00e7in bizler de ayn\u0131 h\u0131zda ya\u015f\u0131yoruz. Ruhlar\u0131m\u0131z\u0131, duygular\u0131m\u0131z\u0131 ve insanl\u0131\u011f\u0131m\u0131z\u0131 gerilerde b\u0131rakarak\u2026 Bu kitab\u0131n sayfalar\u0131nda ilerlerken zaman\u0131 hissetmeyi, insana de\u011fer vermeyi, kazanman\u0131n paradan ba\u015fka yollarla da olabilece\u011fini g\u00f6receksiniz. Her sayfada g\u00f6rd\u00fc\u011f\u00fcn\u00fcz \u015fey asl\u0131nda y\u00fcre\u011finiz olacakt\u0131r. Y\u00fcre\u011finizle b\u00fct\u00fcnle\u015fip ya\u015fad\u0131\u011f\u0131n\u0131zda hayat\u0131n ne kadar farkl\u0131 ve anlaml\u0131 oldu\u011funu ke\u015ffedeceksiniz. Unutmay\u0131n! &#8220;Yaln\u0131zca nefes al\u0131p vermeniz ve zaman\u0131n ge\u00e7mesi ger\u00e7ekten ya\u015famaya yetmez.&#8221;<\/p>\n","protected":false},"excerpt":{"rendered":"<p>Afrika\u2019n\u0131n balta girmemi\u015f ormanlar\u0131nda hazine arayanbir grup, rehberlik i\u00e7in yerlilerle anla\u015f\u0131r. Hazine aray\u0131\u015f\u0131 sabah\u0131n erken saatlerinden g\u00fcn bat\u0131m\u0131na kadar aral\u0131ks\u0131z s\u00fcrmektedir. Zaman kaybetmeye tahamm\u00fcl\u00fc olmayan hazine<span class=\"excerpt-hellip\"> [\u2026]<\/span><\/p>\n","protected":false},"featured_media":0,"template":"","meta":{"_monsterinsights_skip_tracking":false,"_monsterinsights_sitenote_active":false,"_monsterinsights_sitenote_note":"","_monsterinsights_sitenote_category":0},"product_brand":[],"product_cat":[12364,12376],"product_tag":[],"class_list":{"0":"post-782619","1":"product","2":"type-product","3":"status-publish","5":"product_cat-genel-konular","6":"product_cat-kisisel-gelisim","7":"pa_cilt-ciltsiz","8":"pa_tur-kitap","9":"pa_yayinevi-yediveren-yayinlari","10":"pa_yazar-murat-tunali","12":"first","13":"instock","14":"sale","15":"shipping-taxable","16":"purchasable","17":"product-type-simple"},"_links":{"self":[{"href":"https:\/\/roveyayinevi.com.tr\/index.php\/wp-json\/wp\/v2\/product\/782619","targetHints":{"allow":["GET"]}}],"collection":[{"href":"https:\/\/roveyayinevi.com.tr\/index.php\/wp-json\/wp\/v2\/product"}],"about":[{"href":"https:\/\/roveyayinevi.com.tr\/index.php\/wp-json\/wp\/v2\/types\/product"}],"wp:attachment":[{"href":"https:\/\/roveyayinevi.com.tr\/index.php\/wp-json\/wp\/v2\/media?parent=782619"}],"wp:term":[{"taxonomy":"product_brand","embeddable":true,"href":"https:\/\/roveyayinevi.com.tr\/index.php\/wp-json\/wp\/v2\/product_brand?post=782619"},{"taxonomy":"product_cat","embeddable":true,"href":"https:\/\/roveyayinevi.com.tr\/index.php\/wp-json\/wp\/v2\/product_cat?post=782619"},{"taxonomy":"product_tag","embeddable":true,"href":"https:\/\/roveyayinevi.com.tr\/index.php\/wp-json\/wp\/v2\/product_tag?post=782619"}],"curies":[{"name":"wp","href":"https:\/\/api.w.org\/{rel}","templated":true}]}}