{"id":782615,"date":"2026-02-23T12:42:03","date_gmt":"2026-02-23T09:42:03","guid":{"rendered":"https:\/\/roveyayinevi.com.tr\/index.php\/urun\/fragmanlar-11\/"},"modified":"2026-04-15T03:36:25","modified_gmt":"2026-04-15T00:36:25","slug":"fragmanlar-11","status":"publish","type":"product","link":"https:\/\/roveyayinevi.com.tr\/index.php\/urun\/fragmanlar-11\/","title":{"rendered":"Fragmanlar"},"content":{"rendered":"<p>Okur bu kitapta ne bulacak?   Klazomenai\u2019de varl\u0131kl\u0131 bir aileye mensup Anaksagoras\u2019\u0131n aile miras\u0131yla ilgilenmeyip felsefe \u00f6\u011frenimi i\u00e7in gen\u00e7 ya\u015fta memleketini terk edi\u015fini, felsefe ate\u015fini \u0130yonya\u2019dan Atina\u2019ya ta\u015f\u0131yan ki\u015fi olmas\u0131n\u0131, g\u00f6kta\u015f\u0131 ya\u011fmuru ve deprem tahminlerinin tutmas\u0131yla \u00fcn yapmas\u0131n\u0131, Euripides\u2019in hocas\u0131 ve Perikles\u2019in dan\u0131\u015fman\u0131 olmas\u0131n\u0131, her \u015feyin ba\u015f\u0131n\u0131n birbiriyle hemh\u00e2l olan e\u015f par\u00e7al\u0131lar veya tohumlar oldu\u011funu \u00f6ne s\u00fcrmesini, bunlar\u0131 ayr\u0131\u015ft\u0131ran ve \u00e7ekip \u00e7eviren bir kozmik ak\u0131l fikrini ortaya atmas\u0131n\u0131, her \u015feyde her \u015feyden bir par\u00e7a oldu\u011funu s\u00f6ylemesini, g\u00f6kbilim ve felsefe tutkusunun Atina\u2019da dinsizlikle su\u00e7lanmas\u0131na neden olmas\u0131n\u0131, dan\u0131\u015fmanl\u0131\u011f\u0131n\u0131 yapt\u0131\u011f\u0131 Perikles sayesinde idam\u0131n e\u015fi\u011finden d\u00f6nmesini, nihayet Lampsakos\u2019a \u00e7ekilip burada \u00f6l\u00fcm\u00fc beklemesini ve daha bir \u00e7ok \u015feyi\u2026<\/p>\n","protected":false},"excerpt":{"rendered":"<p>Okur bu kitapta ne bulacak? Klazomenai\u2019de varl\u0131kl\u0131 bir aileye mensup Anaksagoras\u2019\u0131n aile miras\u0131yla ilgilenmeyip felsefe \u00f6\u011frenimi i\u00e7in gen\u00e7 ya\u015fta memleketini terk edi\u015fini, felsefe ate\u015fini \u0130yonya\u2019dan Atina\u2019ya<span class=\"excerpt-hellip\"> [\u2026]<\/span><\/p>\n","protected":false},"featured_media":0,"template":"","meta":{"_monsterinsights_skip_tracking":false,"_monsterinsights_sitenote_active":false,"_monsterinsights_sitenote_note":"","_monsterinsights_sitenote_category":0},"product_brand":[],"product_cat":[20351,12388],"product_tag":[],"class_list":{"0":"post-782615","1":"product","2":"type-product","3":"status-publish","5":"product_cat-dusunce","6":"product_cat-felsefe","7":"pa_cilt-ciltsiz","8":"pa_tur-kitap","9":"pa_yayinevi-ketebe-yayinlari","10":"pa_yazar-anaksagoras","12":"first","13":"instock","14":"sale","15":"shipping-taxable","16":"purchasable","17":"product-type-simple"},"_links":{"self":[{"href":"https:\/\/roveyayinevi.com.tr\/index.php\/wp-json\/wp\/v2\/product\/782615","targetHints":{"allow":["GET"]}}],"collection":[{"href":"https:\/\/roveyayinevi.com.tr\/index.php\/wp-json\/wp\/v2\/product"}],"about":[{"href":"https:\/\/roveyayinevi.com.tr\/index.php\/wp-json\/wp\/v2\/types\/product"}],"wp:attachment":[{"href":"https:\/\/roveyayinevi.com.tr\/index.php\/wp-json\/wp\/v2\/media?parent=782615"}],"wp:term":[{"taxonomy":"product_brand","embeddable":true,"href":"https:\/\/roveyayinevi.com.tr\/index.php\/wp-json\/wp\/v2\/product_brand?post=782615"},{"taxonomy":"product_cat","embeddable":true,"href":"https:\/\/roveyayinevi.com.tr\/index.php\/wp-json\/wp\/v2\/product_cat?post=782615"},{"taxonomy":"product_tag","embeddable":true,"href":"https:\/\/roveyayinevi.com.tr\/index.php\/wp-json\/wp\/v2\/product_tag?post=782615"}],"curies":[{"name":"wp","href":"https:\/\/api.w.org\/{rel}","templated":true}]}}