{"id":782612,"date":"2026-02-23T12:38:44","date_gmt":"2026-02-23T09:38:44","guid":{"rendered":"https:\/\/roveyayinevi.com.tr\/index.php\/urun\/fragmanlar-10\/"},"modified":"2026-04-15T03:33:58","modified_gmt":"2026-04-15T00:33:58","slug":"fragmanlar-10","status":"publish","type":"product","link":"https:\/\/roveyayinevi.com.tr\/index.php\/urun\/fragmanlar-10\/","title":{"rendered":"Fragmanlar"},"content":{"rendered":"<p>Okur bu kitapta ne bulacak? Pythagoras\u2019\u0131n Yunan diyar\u0131ndan M\u0131s\u0131r\u2019a g\u00f6\u00e7mesini, burada uzun y\u0131llar kald\u0131ktan sonra M\u0131s\u0131r\u2019dan \u00e7\u0131k\u0131p b\u00fct\u00fcn bir Ortado\u011fu\u2019yu dola\u015fmas\u0131n\u0131 ve b\u00f6lgenin kadim bilgelik ve gizemlerini toplay\u0131p Miletos\u2019a ta\u015f\u0131mas\u0131n\u0131, burada Thales ile birlikte Pherekydes\u2019in \u00f6\u011frencisi olmalar\u0131n\u0131, ard\u0131ndan \u0130talya\u2019ya g\u00f6\u00e7\u00fcp kendi okulunu veya deyim yerindeyse tarikat\u0131n\u0131 kurmas\u0131n\u0131, burada kendini Hermes\u2019in o\u011flu diye tan\u0131tmas\u0131n\u0131 ve haricilere g\u00f6sterdi\u011fi kerametleri, bilgeli\u011fiyle b\u00fcy\u00fck \u00fcn yap\u0131p kitlesel bir lidere d\u00f6n\u00fc\u015fmesini ve \u00f6\u011frencileriyle birlikte b\u00fct\u00fcn \u0130talya\u2019y\u0131 y\u00f6netir hale gelmesini, ba\u015f\u0131m\u0131za tiran olur korkusuyla \u00f6ld\u00fcr\u00fclmesini, okulun kendine has beslenme d\u00fczenini, okulunun ikili yap\u0131s\u0131n\u0131, kamuya a\u00e7\u0131k derslerinde dinleyicilerine sundu\u011fu \u00f6\u011fretisini, i\u00e7eride yaln\u0131zca k\u0131demli \u00f6\u011frencileriyle payla\u015ft\u0131\u011f\u0131 s\u0131r kabilinden \u00f6\u011fretileri, bu s\u0131rlar konusunda \u00f6\u011frencilerin ketumlu\u011funu ve bunlar\u0131 haricilere anlatanlar\u0131n ba\u015f\u0131na gelenleri, ruh g\u00f6\u00e7\u00fcn\u00fc temellendirme \u015feklini, g\u00f6kteki ve yerdeki her \u015feyde say\u0131sal kar\u015f\u0131l\u0131\u011f\u0131 olan bir armoni g\u00f6rmesini, m\u00fczik teorisinin temellerini at\u0131\u015f\u0131n\u0131, onlu\u011fun ve on noktal\u0131 \u00fc\u00e7genin onun etiyolojisindeki hatta bir b\u00fct\u00fcn olarak kozmolojisindeki \u00f6zel yerini, \u00f6l\u00e7\u00fclemezlik problemi ve irrasyonel say\u0131lar \u00fczerine \u00e7al\u0131\u015fmalar\u0131n\u0131, birden veya birimden belirsiz ikiliye, bunlardan noktaya, noktadan do\u011fru par\u00e7as\u0131na, do\u011fru par\u00e7as\u0131ndan d\u00fczleme, d\u00fczlemden kat\u0131 cisimlere do\u011fal varolanlar\u0131 nas\u0131l t\u00fcretti\u011fini, ay alt\u0131yla ay \u00fcst\u00fcn\u00fc ay\u0131rmas\u0131n\u0131, evrenin merkezinde yer dahil t\u00fcm y\u0131ld\u0131zlar\u0131n etraf\u0131nda d\u00f6nd\u00fc\u011f\u00fc alev alev yanan bir ocak g\u00f6rmesini, g\u00f6ky\u00fcz\u00fcnde olmas\u0131 gerekti\u011fini d\u00fc\u015f\u00fcnd\u00fc\u011f\u00fc onlu diziyi tamamlayabilmek ad\u0131na kar\u015f\u0131-yer diye bir \u015fey uydurmas\u0131n\u0131, felsefenin ve kozmosun isim babas\u0131 olmas\u0131n\u0131 ve daha bir\u00e7ok ilgin\u00e7 \u015feyi. <\/p>\n","protected":false},"excerpt":{"rendered":"<p>Okur bu kitapta ne bulacak? Pythagoras\u2019\u0131n Yunan diyar\u0131ndan M\u0131s\u0131r\u2019a g\u00f6\u00e7mesini, burada uzun y\u0131llar kald\u0131ktan sonra M\u0131s\u0131r\u2019dan \u00e7\u0131k\u0131p b\u00fct\u00fcn bir Ortado\u011fu\u2019yu dola\u015fmas\u0131n\u0131 ve b\u00f6lgenin kadim bilgelik ve<span class=\"excerpt-hellip\"> [\u2026]<\/span><\/p>\n","protected":false},"featured_media":0,"template":"","meta":{"_monsterinsights_skip_tracking":false,"_monsterinsights_sitenote_active":false,"_monsterinsights_sitenote_note":"","_monsterinsights_sitenote_category":0},"product_brand":[],"product_cat":[12388],"product_tag":[],"class_list":{"0":"post-782612","1":"product","2":"type-product","3":"status-publish","5":"product_cat-felsefe","6":"pa_cilt-ciltsiz","7":"pa_tur-kitap","8":"pa_yayinevi-ketebe-yayinlari","9":"pa_yazar-pythagoras","11":"first","12":"instock","13":"sale","14":"shipping-taxable","15":"purchasable","16":"product-type-simple"},"_links":{"self":[{"href":"https:\/\/roveyayinevi.com.tr\/index.php\/wp-json\/wp\/v2\/product\/782612","targetHints":{"allow":["GET"]}}],"collection":[{"href":"https:\/\/roveyayinevi.com.tr\/index.php\/wp-json\/wp\/v2\/product"}],"about":[{"href":"https:\/\/roveyayinevi.com.tr\/index.php\/wp-json\/wp\/v2\/types\/product"}],"wp:attachment":[{"href":"https:\/\/roveyayinevi.com.tr\/index.php\/wp-json\/wp\/v2\/media?parent=782612"}],"wp:term":[{"taxonomy":"product_brand","embeddable":true,"href":"https:\/\/roveyayinevi.com.tr\/index.php\/wp-json\/wp\/v2\/product_brand?post=782612"},{"taxonomy":"product_cat","embeddable":true,"href":"https:\/\/roveyayinevi.com.tr\/index.php\/wp-json\/wp\/v2\/product_cat?post=782612"},{"taxonomy":"product_tag","embeddable":true,"href":"https:\/\/roveyayinevi.com.tr\/index.php\/wp-json\/wp\/v2\/product_tag?post=782612"}],"curies":[{"name":"wp","href":"https:\/\/api.w.org\/{rel}","templated":true}]}}