{"id":782611,"date":"2026-02-23T12:38:19","date_gmt":"2026-02-23T09:38:19","guid":{"rendered":"https:\/\/roveyayinevi.com.tr\/index.php\/urun\/tarihsellik-dusuncesi-ve-hadislerin-anlasilmasi\/"},"modified":"2026-04-15T03:33:22","modified_gmt":"2026-04-15T00:33:22","slug":"tarihsellik-dusuncesi-ve-hadislerin-anlasilmasi","status":"publish","type":"product","link":"https:\/\/roveyayinevi.com.tr\/index.php\/urun\/tarihsellik-dusuncesi-ve-hadislerin-anlasilmasi\/","title":{"rendered":"Tarihsellik D\u00fc\u015f\u00fcncesi ve Hadislerin Anla\u015f\u0131lmas\u0131"},"content":{"rendered":"<p>Eylemleri, kendisini ku\u015fatan ortam, imk\u00e2n ve \u015fartlar\u0131 ile s\u0131n\u0131rl\u0131 olan insan, tarihsel olarak ya\u015fayan\/davranan bir \u00f6znedir. \u0130nsan\u0131 bu ba\u011flamda ele alan d\u00fc\u015f\u00fcnce tarihsellik\/tarihselcilik olarak ifade edilir. M\u00fcsl\u00fcman \u00e2limlerin s\u00fcnnet ve hadisler \u00fczerinde, ba\u015flang\u0131\u00e7tan bu yana yapmakta olduklar\u0131 birtak\u0131m tart\u0131\u015fmalar, tarihsellik d\u00fc\u015f\u00fcncesi ile birebir \u00f6rt\u00fc\u015fmese de bir t\u00fcr tarihsellik bilincinin var oldu\u011funu g\u00f6stermektedir. Bu kitap, hadisleri anlamada b\u00f6ylesi bir bak\u0131\u015f a\u00e7\u0131s\u0131ndan nas\u0131l yararlan\u0131labilece\u011fini tespit etmeye bir taraftan da M\u00fcsl\u00fcmanlar taraf\u0131ndan olu\u015fturulan hadisleri anlamaya y\u00f6nelik \u00e7abalar ile bir sentez olu\u015fturmaya \u00e7al\u0131\u015fmaktad\u0131r.<\/p>\n","protected":false},"excerpt":{"rendered":"<p>Eylemleri, kendisini ku\u015fatan ortam, imk\u00e2n ve \u015fartlar\u0131 ile s\u0131n\u0131rl\u0131 olan insan, tarihsel olarak ya\u015fayan\/davranan bir \u00f6znedir. \u0130nsan\u0131 bu ba\u011flamda ele alan d\u00fc\u015f\u00fcnce tarihsellik\/tarihselcilik olarak ifade edilir.<span class=\"excerpt-hellip\"> [\u2026]<\/span><\/p>\n","protected":false},"featured_media":0,"template":"","meta":{"_monsterinsights_skip_tracking":false,"_monsterinsights_sitenote_active":false,"_monsterinsights_sitenote_note":"","_monsterinsights_sitenote_category":0},"product_brand":[],"product_cat":[12718,12719],"product_tag":[],"class_list":{"0":"post-782611","1":"product","2":"type-product","3":"status-publish","5":"product_cat-din","6":"product_cat-islam","7":"pa_cilt-ciltsiz","8":"pa_tur-kitap","9":"pa_yayinevi-otto-yayinlari","10":"pa_yazar-nevzat-tarti","12":"first","13":"instock","14":"sale","15":"shipping-taxable","16":"purchasable","17":"product-type-simple"},"_links":{"self":[{"href":"https:\/\/roveyayinevi.com.tr\/index.php\/wp-json\/wp\/v2\/product\/782611","targetHints":{"allow":["GET"]}}],"collection":[{"href":"https:\/\/roveyayinevi.com.tr\/index.php\/wp-json\/wp\/v2\/product"}],"about":[{"href":"https:\/\/roveyayinevi.com.tr\/index.php\/wp-json\/wp\/v2\/types\/product"}],"wp:attachment":[{"href":"https:\/\/roveyayinevi.com.tr\/index.php\/wp-json\/wp\/v2\/media?parent=782611"}],"wp:term":[{"taxonomy":"product_brand","embeddable":true,"href":"https:\/\/roveyayinevi.com.tr\/index.php\/wp-json\/wp\/v2\/product_brand?post=782611"},{"taxonomy":"product_cat","embeddable":true,"href":"https:\/\/roveyayinevi.com.tr\/index.php\/wp-json\/wp\/v2\/product_cat?post=782611"},{"taxonomy":"product_tag","embeddable":true,"href":"https:\/\/roveyayinevi.com.tr\/index.php\/wp-json\/wp\/v2\/product_tag?post=782611"}],"curies":[{"name":"wp","href":"https:\/\/api.w.org\/{rel}","templated":true}]}}