{"id":782610,"date":"2026-02-23T12:37:59","date_gmt":"2026-02-23T09:37:59","guid":{"rendered":"https:\/\/roveyayinevi.com.tr\/index.php\/urun\/ideolojik-hadisciligin-tarihi-arka-plani\/"},"modified":"2026-04-15T03:33:21","modified_gmt":"2026-04-15T00:33:21","slug":"ideolojik-hadisciligin-tarihi-arka-plani","status":"publish","type":"product","link":"https:\/\/roveyayinevi.com.tr\/index.php\/urun\/ideolojik-hadisciligin-tarihi-arka-plani\/","title":{"rendered":"\u0130deolojik Hadis\u00e7ili\u011fin Tarihi Arka Plan\u0131"},"content":{"rendered":"<p>Bu eserde, \u0130slam hukukunun kayna\u011f\u0131 olmas\u0131 bak\u0131m\u0131ndan s\u00fcnnet kavram\u0131 ele al\u0131nmaktad\u0131r. Bu kavram\u0131n Muvatta\u2019daki kullan\u0131m\u0131ndan hareketle ilk devir fakihlerinin konuyu nas\u0131l alg\u0131lad\u0131klar\u0131 \u00f6rnekleriyle ortaya koyulmu\u015ftur. Eserde, \u0130slam f\u0131kh\u0131n\u0131n temel mefhumlar\u0131 olan s\u00fcnnet, hadis, icm\u00e2 ve ictihad \u00fczerindeki genelge\u00e7er kabullerin, erken d\u00f6nem telakkileri ile \u00f6rt\u00fc\u015fmedi\u011fi g\u00f6zler \u00f6n\u00fcne serilmi\u015ftir. Kuru bir \u00fcslup kullan\u0131lmay\u0131p; Muvatta\u2019 ve konuyla ilgili ba\u015fka kaynaklar kullan\u0131larak dil, rivayet ve sosyal ba\u011flam ili\u015fkileri kurulmu\u015ftur.<\/p>\n","protected":false},"excerpt":{"rendered":"<p>Bu eserde, \u0130slam hukukunun kayna\u011f\u0131 olmas\u0131 bak\u0131m\u0131ndan s\u00fcnnet kavram\u0131 ele al\u0131nmaktad\u0131r. Bu kavram\u0131n Muvatta\u2019daki kullan\u0131m\u0131ndan hareketle ilk devir fakihlerinin konuyu nas\u0131l alg\u0131lad\u0131klar\u0131 \u00f6rnekleriyle ortaya koyulmu\u015ftur. Eserde,<span class=\"excerpt-hellip\"> [\u2026]<\/span><\/p>\n","protected":false},"featured_media":0,"template":"","meta":{"_monsterinsights_skip_tracking":false,"_monsterinsights_sitenote_active":false,"_monsterinsights_sitenote_note":"","_monsterinsights_sitenote_category":0},"product_brand":[],"product_cat":[13036,12718,12719],"product_tag":[],"class_list":{"0":"post-782610","1":"product","2":"type-product","3":"status-publish","5":"product_cat-arastirma-inceleme-islam","6":"product_cat-din","7":"product_cat-islam","8":"pa_cilt-ciltsiz","9":"pa_tur-kitap","10":"pa_yayinevi-otto-yayinlari","11":"pa_yazar-mehmet-emin-ozafsar","13":"first","14":"instock","15":"sale","16":"shipping-taxable","17":"purchasable","18":"product-type-simple"},"_links":{"self":[{"href":"https:\/\/roveyayinevi.com.tr\/index.php\/wp-json\/wp\/v2\/product\/782610","targetHints":{"allow":["GET"]}}],"collection":[{"href":"https:\/\/roveyayinevi.com.tr\/index.php\/wp-json\/wp\/v2\/product"}],"about":[{"href":"https:\/\/roveyayinevi.com.tr\/index.php\/wp-json\/wp\/v2\/types\/product"}],"wp:attachment":[{"href":"https:\/\/roveyayinevi.com.tr\/index.php\/wp-json\/wp\/v2\/media?parent=782610"}],"wp:term":[{"taxonomy":"product_brand","embeddable":true,"href":"https:\/\/roveyayinevi.com.tr\/index.php\/wp-json\/wp\/v2\/product_brand?post=782610"},{"taxonomy":"product_cat","embeddable":true,"href":"https:\/\/roveyayinevi.com.tr\/index.php\/wp-json\/wp\/v2\/product_cat?post=782610"},{"taxonomy":"product_tag","embeddable":true,"href":"https:\/\/roveyayinevi.com.tr\/index.php\/wp-json\/wp\/v2\/product_tag?post=782610"}],"curies":[{"name":"wp","href":"https:\/\/api.w.org\/{rel}","templated":true}]}}