{"id":782609,"date":"2026-02-23T12:35:15","date_gmt":"2026-02-23T09:35:15","guid":{"rendered":"https:\/\/roveyayinevi.com.tr\/index.php\/urun\/antik-yunanda-gunluk-hayat\/"},"modified":"2026-04-15T03:30:48","modified_gmt":"2026-04-15T00:30:48","slug":"antik-yunanda-gunluk-hayat","status":"publish","type":"product","link":"https:\/\/roveyayinevi.com.tr\/index.php\/urun\/antik-yunanda-gunluk-hayat\/","title":{"rendered":"Antik Yunan\u2019da G\u00fcnl\u00fck Hayat"},"content":{"rendered":"<p>Antik Yunan d\u00fcnyas\u0131na dair derinlemesine bir ke\u015ffe haz\u0131r m\u0131s\u0131n\u0131z? Robert Garland, Antik Yunan\u2019da G\u00fcnl\u00fck Hayat ile sizi klasik Yunan toplumunun g\u00fcnl\u00fck ya\u015fam\u0131n\u0131n ayr\u0131nt\u0131lar\u0131na g\u00f6t\u00fcr\u00fcyor. Bu kapsaml\u0131 \u00e7al\u0131\u015fma, hem akademik ara\u015ft\u0131rmalar i\u00e7in vazge\u00e7ilmez bir kaynak hem de genel okuyucular i\u00e7in s\u00fcr\u00fckleyici bir yolculuk sunuyor. Garland, antik Yunanlar\u0131n sosyal yap\u0131s\u0131ndan ekonomik faaliyetlerine, dini uygulamalar\u0131ndan k\u00fclt\u00fcrel etkinliklerine kadar geni\u015f bir yelpazeyi ele al\u0131yor. Aile hayat\u0131, e\u011fitim sistemi, k\u00f6lelik d\u00fczeni gibi sosyal konular\u0131n yan\u0131 s\u0131ra tar\u0131m, ticaret ve zanaat gibi ekonomik faaliyetleri de ayr\u0131nt\u0131l\u0131 bir \u015fekilde inceliyor. Yunan dininin g\u00fcnl\u00fck ya\u015fam \u00fczerindeki etkilerini, tanr\u0131lar ve tanr\u0131\u00e7alarla olan ili\u015fkileri ve dini bayramlar\u0131 titizlikle anlat\u0131yor. Ayr\u0131ca tiyatro, spor, m\u00fczik ve edebiyat gibi k\u00fclt\u00fcrel etkinliklere dair zengin bilgiler sunarken, antik Yunanlar\u0131n giyim, yiyecek, bar\u0131nma ve ki\u015fisel bak\u0131m gibi g\u00fcnl\u00fck ya\u015fam pratiklerini de g\u00f6zler \u00f6n\u00fcne seriyor. Garland\u2019\u0131n sade ve anla\u015f\u0131l\u0131r anlat\u0131m tarz\u0131, okuyuculara antik d\u00fcnyan\u0131n kap\u0131lar\u0131n\u0131 aral\u0131yor ve bu d\u00f6neme dair daha derin bir anlay\u0131\u015f kazand\u0131r\u0131yor.   \u201cBu ger\u00e7ekten klasik d\u00fcnyaya m\u00fckemmel bir giri\u015f.\u201d \u2013Peter Heinegg, Union College<\/p>\n","protected":false},"excerpt":{"rendered":"<p>Antik Yunan d\u00fcnyas\u0131na dair derinlemesine bir ke\u015ffe haz\u0131r m\u0131s\u0131n\u0131z? Robert Garland, Antik Yunan\u2019da G\u00fcnl\u00fck Hayat ile sizi klasik Yunan toplumunun g\u00fcnl\u00fck ya\u015fam\u0131n\u0131n ayr\u0131nt\u0131lar\u0131na g\u00f6t\u00fcr\u00fcyor. Bu kapsaml\u0131<span class=\"excerpt-hellip\"> [\u2026]<\/span><\/p>\n","protected":false},"featured_media":0,"template":"","meta":{"_monsterinsights_skip_tracking":false,"_monsterinsights_sitenote_active":false,"_monsterinsights_sitenote_note":"","_monsterinsights_sitenote_category":0},"product_brand":[],"product_cat":[12370,12304],"product_tag":[],"class_list":{"0":"post-782609","1":"product","2":"type-product","3":"status-publish","5":"product_cat-arastirma-inceleme","6":"product_cat-tarih","7":"pa_cilt-ciltsiz","8":"pa_tur-kitap","9":"pa_yayinevi-alfa-yayinlari","10":"pa_yazar-robert-garland","12":"first","13":"instock","14":"sale","15":"shipping-taxable","16":"purchasable","17":"product-type-simple"},"_links":{"self":[{"href":"https:\/\/roveyayinevi.com.tr\/index.php\/wp-json\/wp\/v2\/product\/782609","targetHints":{"allow":["GET"]}}],"collection":[{"href":"https:\/\/roveyayinevi.com.tr\/index.php\/wp-json\/wp\/v2\/product"}],"about":[{"href":"https:\/\/roveyayinevi.com.tr\/index.php\/wp-json\/wp\/v2\/types\/product"}],"wp:attachment":[{"href":"https:\/\/roveyayinevi.com.tr\/index.php\/wp-json\/wp\/v2\/media?parent=782609"}],"wp:term":[{"taxonomy":"product_brand","embeddable":true,"href":"https:\/\/roveyayinevi.com.tr\/index.php\/wp-json\/wp\/v2\/product_brand?post=782609"},{"taxonomy":"product_cat","embeddable":true,"href":"https:\/\/roveyayinevi.com.tr\/index.php\/wp-json\/wp\/v2\/product_cat?post=782609"},{"taxonomy":"product_tag","embeddable":true,"href":"https:\/\/roveyayinevi.com.tr\/index.php\/wp-json\/wp\/v2\/product_tag?post=782609"}],"curies":[{"name":"wp","href":"https:\/\/api.w.org\/{rel}","templated":true}]}}