{"id":782608,"date":"2026-02-23T12:35:09","date_gmt":"2026-02-23T09:35:09","guid":{"rendered":"https:\/\/roveyayinevi.com.tr\/index.php\/urun\/donusumun-seruveni\/"},"modified":"2026-04-15T03:30:29","modified_gmt":"2026-04-15T00:30:29","slug":"donusumun-seruveni","status":"publish","type":"product","link":"https:\/\/roveyayinevi.com.tr\/index.php\/urun\/donusumun-seruveni\/","title":{"rendered":"D\u00f6n\u00fc\u015f\u00fcm\u00fcn Ser\u00fcveni"},"content":{"rendered":"<p>Bu siyer \u00e7al\u0131\u015fmas\u0131n\u0131n temel hedefi, onlarca olay\u0131 ve ili\u015fkiler yuma\u011f\u0131n\u0131 b\u00fct\u00fcnc\u00fcl ve tutarl\u0131 bir \u015fekilde ele almakt\u0131r. Bunun i\u00e7in; \u2022 Bu eserde anlatmaktan ziyade tan\u0131mak \u00f6ncelendi. \u2022 Ge\u00e7i\u015fken \u00fcslupla okuyucunun dikkatinin da\u011f\u0131lmadan metne odaklanabilmesi ama\u00e7land\u0131. \u2022 Her ba\u015fl\u0131\u011f\u0131n kendi i\u00e7erisinde bir anlat\u0131ya ve b\u00fct\u00fcnl\u00fc\u011fe sahip olmas\u0131 hedeflendi. \u2022 Kitab\u0131n i\u00e7erisinde yeri geldik\u00e7e ya\u015fananlara dair ifadelerin ideali vurgulamaya y\u00f6nelik olmas\u0131 ama\u00e7land\u0131. \u2022 Kitap kaleme al\u0131n\u0131rken b\u00fcy\u00fck \u00f6l\u00e7\u00fcde \u00fczerinde uzla\u015f\u0131lm\u0131\u015f temel kaynaklar tercih edildi. \u2022 Uzun soluklu ve titiz bir \u00e7al\u0131\u015fman\u0131n sonucu ortaya \u00e7\u0131kan bu eser, Peygamber Efendimiz\u2019in hayat\u0131n\u0131 zevkle ve ibretle okuyabilmeniz i\u00e7in t\u00fcm imk\u00e2nlar seferber edilerek haz\u0131rland\u0131.<\/p>\n","protected":false},"excerpt":{"rendered":"<p>Bu siyer \u00e7al\u0131\u015fmas\u0131n\u0131n temel hedefi, onlarca olay\u0131 ve ili\u015fkiler yuma\u011f\u0131n\u0131 b\u00fct\u00fcnc\u00fcl ve tutarl\u0131 bir \u015fekilde ele almakt\u0131r. Bunun i\u00e7in; \u2022 Bu eserde anlatmaktan ziyade tan\u0131mak \u00f6ncelendi.<span class=\"excerpt-hellip\"> [\u2026]<\/span><\/p>\n","protected":false},"featured_media":0,"template":"","meta":{"_monsterinsights_skip_tracking":false,"_monsterinsights_sitenote_active":false,"_monsterinsights_sitenote_note":"","_monsterinsights_sitenote_category":0},"product_brand":[],"product_cat":[12718,12719],"product_tag":[],"class_list":{"0":"post-782608","1":"product","2":"type-product","3":"status-publish","5":"product_cat-din","6":"product_cat-islam","7":"pa_cilt-ciltsiz","8":"pa_tur-kitap","9":"pa_yayinevi-otto-yayinlari","10":"pa_yazar-nurullah-yazar","12":"first","13":"instock","14":"sale","15":"shipping-taxable","16":"purchasable","17":"product-type-simple"},"_links":{"self":[{"href":"https:\/\/roveyayinevi.com.tr\/index.php\/wp-json\/wp\/v2\/product\/782608","targetHints":{"allow":["GET"]}}],"collection":[{"href":"https:\/\/roveyayinevi.com.tr\/index.php\/wp-json\/wp\/v2\/product"}],"about":[{"href":"https:\/\/roveyayinevi.com.tr\/index.php\/wp-json\/wp\/v2\/types\/product"}],"wp:attachment":[{"href":"https:\/\/roveyayinevi.com.tr\/index.php\/wp-json\/wp\/v2\/media?parent=782608"}],"wp:term":[{"taxonomy":"product_brand","embeddable":true,"href":"https:\/\/roveyayinevi.com.tr\/index.php\/wp-json\/wp\/v2\/product_brand?post=782608"},{"taxonomy":"product_cat","embeddable":true,"href":"https:\/\/roveyayinevi.com.tr\/index.php\/wp-json\/wp\/v2\/product_cat?post=782608"},{"taxonomy":"product_tag","embeddable":true,"href":"https:\/\/roveyayinevi.com.tr\/index.php\/wp-json\/wp\/v2\/product_tag?post=782608"}],"curies":[{"name":"wp","href":"https:\/\/api.w.org\/{rel}","templated":true}]}}