{"id":782606,"date":"2026-02-23T12:31:44","date_gmt":"2026-02-23T09:31:44","guid":{"rendered":"https:\/\/roveyayinevi.com.tr\/index.php\/urun\/icimden-kuslar-gocuyor\/"},"modified":"2026-03-25T20:50:22","modified_gmt":"2026-03-25T17:50:22","slug":"icimden-kuslar-gocuyor","status":"publish","type":"product","link":"https:\/\/roveyayinevi.com.tr\/index.php\/urun\/icimden-kuslar-gocuyor\/","title":{"rendered":"\u0130\u00e7imden Ku\u015flar G\u00f6\u00e7\u00fcyor"},"content":{"rendered":"<p>\u201c\u0130kinci yar\u0131y\u0131 en az kay\u0131pla kapatabilmek i\u00e7in neler yapmam gerekiyor bundan b\u00f6yle?\u201d   \u0130\u00e7imden Ku\u015flar G\u00f6\u00e7\u00fcyor, v\u00fccuduyla, zihniyle, ge\u00e7mi\u015f ve gelece\u011fiyle ac\u0131mas\u0131zca ve d\u00fcr\u00fcst\u00e7e hesapla\u015fan, dolu dolu ya\u015fanm\u0131\u015f y\u0131llar\u0131n ard\u0131ndan yolu yaln\u0131zl\u0131\u011fa varan bir kad\u0131n\u0131n roman\u0131. \u0130nci Aral, zaman\u0131n h\u0131z\u0131na yeti\u015fmenin ya da yeti\u015fmeye \u00e7al\u0131\u015f\u0131rken ayn\u0131 kalman\u0131n imk\u00e2ns\u0131zl\u0131\u011f\u0131n\u0131, kendini orta ya\u015f\u0131n e\u015fi\u011finde bulan bir kad\u0131n\u0131n, gen\u00e7lik ku\u015flar\u0131n\u0131n g\u00f6\u00e7e durdu\u011fu bu mevsime ad\u0131m at\u0131\u015f\u0131 \u00fczerinden incelikle ele al\u0131yor, ya\u015fam\u0131n \u00f6l\u00fcmle dans edilen d\u00f6nemine ayna tutuyor.   Hen\u00fcz her \u015fey yolundayken, bedenim bana yabanc\u0131la\u015fmaya ba\u015flamam\u0131\u015fken daha, b\u00fct\u00fcn tan\u0131\u015fmalardan, ba\u015flang\u0131\u00e7 ve biti\u015flerden, sevecenlik, a\u015fa\u011f\u0131lanma, ayr\u0131l\u0131k ya da gidi\u015f d\u00f6n\u00fc\u015flerden, b\u00fcy\u00fck bunal\u0131mlar ve \u015fa\u015fk\u0131n, yaral\u0131 dola\u015fmalardan sonra bir g\u00fcn ac\u0131 \u00e7ekmekten b\u0131km\u0131\u015f oldu\u011fumu d\u00fc\u015f\u00fcn\u00fcp d\u00fcz bir \u00e7izgiyi \u00f6zledim. D\u00fcz. D\u00fcmd\u00fcz. Yata\u011f\u0131nda uslu bir su gibi akmaya \u00f6zendim. <\/p>\n","protected":false},"excerpt":{"rendered":"<p>\u201c\u0130kinci yar\u0131y\u0131 en az kay\u0131pla kapatabilmek i\u00e7in neler yapmam gerekiyor bundan b\u00f6yle?\u201d \u0130\u00e7imden Ku\u015flar G\u00f6\u00e7\u00fcyor, v\u00fccuduyla, zihniyle, ge\u00e7mi\u015f ve gelece\u011fiyle ac\u0131mas\u0131zca ve d\u00fcr\u00fcst\u00e7e hesapla\u015fan, dolu dolu<span class=\"excerpt-hellip\"> [\u2026]<\/span><\/p>\n","protected":false},"featured_media":0,"template":"","meta":{"_monsterinsights_skip_tracking":false,"_monsterinsights_sitenote_active":false,"_monsterinsights_sitenote_note":"","_monsterinsights_sitenote_category":0},"product_brand":[],"product_cat":[12291,12711],"product_tag":[],"class_list":{"0":"post-782606","1":"product","2":"type-product","3":"status-publish","5":"product_cat-edebiyat","6":"product_cat-roman-oyku","7":"pa_cilt-ciltsiz","8":"pa_tur-kitap","9":"pa_yayinevi-everest-yayinlari","10":"pa_yazar-inci-aral","12":"first","13":"instock","14":"sale","15":"shipping-taxable","16":"purchasable","17":"product-type-simple"},"_links":{"self":[{"href":"https:\/\/roveyayinevi.com.tr\/index.php\/wp-json\/wp\/v2\/product\/782606","targetHints":{"allow":["GET"]}}],"collection":[{"href":"https:\/\/roveyayinevi.com.tr\/index.php\/wp-json\/wp\/v2\/product"}],"about":[{"href":"https:\/\/roveyayinevi.com.tr\/index.php\/wp-json\/wp\/v2\/types\/product"}],"wp:attachment":[{"href":"https:\/\/roveyayinevi.com.tr\/index.php\/wp-json\/wp\/v2\/media?parent=782606"}],"wp:term":[{"taxonomy":"product_brand","embeddable":true,"href":"https:\/\/roveyayinevi.com.tr\/index.php\/wp-json\/wp\/v2\/product_brand?post=782606"},{"taxonomy":"product_cat","embeddable":true,"href":"https:\/\/roveyayinevi.com.tr\/index.php\/wp-json\/wp\/v2\/product_cat?post=782606"},{"taxonomy":"product_tag","embeddable":true,"href":"https:\/\/roveyayinevi.com.tr\/index.php\/wp-json\/wp\/v2\/product_tag?post=782606"}],"curies":[{"name":"wp","href":"https:\/\/api.w.org\/{rel}","templated":true}]}}