{"id":782605,"date":"2026-02-23T12:31:41","date_gmt":"2026-02-23T09:31:41","guid":{"rendered":"https:\/\/roveyayinevi.com.tr\/index.php\/urun\/golgede-kirk-derece-2\/"},"modified":"2026-04-15T03:27:44","modified_gmt":"2026-04-15T00:27:44","slug":"golgede-kirk-derece-2","status":"publish","type":"product","link":"https:\/\/roveyayinevi.com.tr\/index.php\/urun\/golgede-kirk-derece-2\/","title":{"rendered":"G\u00f6lgede K\u0131rk Derece"},"content":{"rendered":"<p>\u201cKaranl\u0131k yava\u015f\u00e7a a\u00e7\u0131l\u0131yor. G\u00fcne\u015fin do\u011fu\u015fu engellenemez\u2026\u201d   \u0130nci Aral\u2019\u0131n 2001 Yunus Nadi \u00d6yk\u00fc \u00d6d\u00fcl\u00fc\u2019ne lay\u0131k g\u00f6r\u00fclen \u00f6yk\u00fc toplam\u0131 G\u00f6lgede K\u0131rk Derece, erkek egemen anlay\u0131\u015f\u0131n ve mevcut d\u00fczenin kurallar\u0131n\u0131n, birey ve \u00f6zellikle kad\u0131nlar \u00fczerinde kurdu\u011fu bask\u0131y\u0131, yazar\u0131n yaratt\u0131\u011f\u0131 farkl\u0131 kad\u0131n tipleri \u00fczerinden, \u00e7oksesli anlat\u0131m\u0131n imk\u00e2nlar\u0131yla ortaya koyuyor. Aile ba\u011flar\u0131n\u0131n, kad\u0131n-erkek ili\u015fkilerinin ve birey-toplum ili\u015fkisinin sevgisizlik, ge\u00e7 kalm\u0131\u015fl\u0131k hissi, irade, vicdan, dayatma gibi odaklar \u00fczerinden irdelendi\u011fi G\u00f6lgede K\u0131rk Derece\u2019nin atmosferi, yaln\u0131zca ataerkil d\u00fczenin \u015fiddetinden de\u011fil, ayn\u0131 zamanda siyasi hadiselerin ve yeni yeni kurulmaya \u00e7al\u0131\u015f\u0131lan d\u00fczenin sanc\u0131lar\u0131ndan olu\u015fuyor.   \u00c7\u00fcr\u00fcm\u00fc\u015f bir suyun buruklu\u011fu var, \u00f6p\u00fcc\u00fcklerin ula\u015famad\u0131\u011f\u0131 a\u011fz\u0131mda. G\u00f6z boyalar\u0131m ellerime bula\u015f\u0131yor. Ye\u015fil-k\u0131rm\u0131z\u0131 trafik i\u015faretleri anlams\u0131zca yan\u0131p s\u00f6n\u00fcyor, korna sesleri balkonuma y\u00fckseliyor ve ben h\u00e2l\u00e2 ne zaman nerede ge\u00e7ip ne zaman nerede duraca\u011f\u0131m\u0131 iyice bilmiyorum. Hi\u00e7bir kar\u015f\u0131la\u015fman\u0131n yaralar\u0131m\u0131 saramayaca\u011f\u0131n\u0131 biliyorum ama art\u0131k. Yok hay\u0131r, \u00f6l\u00fcm\u00fc d\u00fc\u015f\u00fcnm\u00fcyorum, ya\u015famay\u0131 beceremeyenlerin intiharlar\u0131 da bir i\u015fe yaramaz. <\/p>\n","protected":false},"excerpt":{"rendered":"<p>\u201cKaranl\u0131k yava\u015f\u00e7a a\u00e7\u0131l\u0131yor. G\u00fcne\u015fin do\u011fu\u015fu engellenemez\u2026\u201d \u0130nci Aral\u2019\u0131n 2001 Yunus Nadi \u00d6yk\u00fc \u00d6d\u00fcl\u00fc\u2019ne lay\u0131k g\u00f6r\u00fclen \u00f6yk\u00fc toplam\u0131 G\u00f6lgede K\u0131rk Derece, erkek egemen anlay\u0131\u015f\u0131n ve mevcut d\u00fczenin<span class=\"excerpt-hellip\"> [\u2026]<\/span><\/p>\n","protected":false},"featured_media":0,"template":"","meta":{"_monsterinsights_skip_tracking":false,"_monsterinsights_sitenote_active":false,"_monsterinsights_sitenote_note":"","_monsterinsights_sitenote_category":0},"product_brand":[],"product_cat":[12291,12711],"product_tag":[],"class_list":{"0":"post-782605","1":"product","2":"type-product","3":"status-publish","5":"product_cat-edebiyat","6":"product_cat-roman-oyku","7":"pa_cilt-ciltsiz","8":"pa_tur-kitap","9":"pa_yayinevi-everest-yayinlari","10":"pa_yazar-inci-aral","12":"first","13":"instock","14":"sale","15":"shipping-taxable","16":"purchasable","17":"product-type-simple"},"_links":{"self":[{"href":"https:\/\/roveyayinevi.com.tr\/index.php\/wp-json\/wp\/v2\/product\/782605","targetHints":{"allow":["GET"]}}],"collection":[{"href":"https:\/\/roveyayinevi.com.tr\/index.php\/wp-json\/wp\/v2\/product"}],"about":[{"href":"https:\/\/roveyayinevi.com.tr\/index.php\/wp-json\/wp\/v2\/types\/product"}],"wp:attachment":[{"href":"https:\/\/roveyayinevi.com.tr\/index.php\/wp-json\/wp\/v2\/media?parent=782605"}],"wp:term":[{"taxonomy":"product_brand","embeddable":true,"href":"https:\/\/roveyayinevi.com.tr\/index.php\/wp-json\/wp\/v2\/product_brand?post=782605"},{"taxonomy":"product_cat","embeddable":true,"href":"https:\/\/roveyayinevi.com.tr\/index.php\/wp-json\/wp\/v2\/product_cat?post=782605"},{"taxonomy":"product_tag","embeddable":true,"href":"https:\/\/roveyayinevi.com.tr\/index.php\/wp-json\/wp\/v2\/product_tag?post=782605"}],"curies":[{"name":"wp","href":"https:\/\/api.w.org\/{rel}","templated":true}]}}