{"id":782604,"date":"2026-02-23T12:30:54","date_gmt":"2026-02-23T09:30:54","guid":{"rendered":"https:\/\/roveyayinevi.com.tr\/index.php\/urun\/freddynin-pizza-dukkaninda-bes-gece-fazbearin-korkunc-tipleri-7-kayaliklar\/"},"modified":"2026-04-15T03:27:08","modified_gmt":"2026-04-15T00:27:08","slug":"freddynin-pizza-dukkaninda-bes-gece-fazbearin-korkunc-tipleri-7-kayaliklar","status":"publish","type":"product","link":"https:\/\/roveyayinevi.com.tr\/index.php\/urun\/freddynin-pizza-dukkaninda-bes-gece-fazbearin-korkunc-tipleri-7-kayaliklar\/","title":{"rendered":"Freddy\u2019nin Pizza D\u00fckkan\u0131\u2019nda Be\u015f Gece Fazbear\u2019\u0131n Korkun\u00e7 Tipleri 7: Kayal\u0131klar"},"content":{"rendered":"<p>Freddy\u2019nin Pizza Du\u0308kk\u00e2n\u0131\u2019nda Be\u015f Gece\u2019nin hayranlar\u0131, en cesur FNAF oyuncular\u0131n\u0131n bile geceleri uykular\u0131n\u0131 ka\u00e7\u0131racak u\u0308\u00e7 \u00f6yku\u0308den olu\u015fan bu nefes kesici koleksiyonu ka\u00e7\u0131rmak \u0130STEMEYECEKLER! Baz\u0131 \u015feyler zor yoldan \u00f6\u011frenilmelidir. Reed, okulundaki zorbaya kendisine bula\u015fmamas\u0131 gerekti\u011fini \u00f6\u011fretme f\u0131rsat\u0131 yakalar ama sonunda ders kontrolden \u00e7\u0131kar. Bek\u00e2r bir baba olan Robert, ku\u0308\u00e7u\u0308k o\u011fluna her an\u0131nda e\u015flik etmesi i\u00e7in su\u0308slu\u0308 bir oyuncak ay\u0131 sat\u0131n ald\u0131\u011f\u0131nda ebeveynlik konusunda h\u0131zland\u0131r\u0131lm\u0131\u015f bir ders al\u0131r. En bu\u0308yu\u0308k hayali okuldaki Bilim Kulu\u0308bu\u0308\u2019ne kat\u0131lmak olan Chris, kabul edilmek i\u00e7in tu\u0308yler u\u0308rpertici bir deney yapmaya raz\u0131 olur. Ancak Freddy\u2019nin Pizza Du\u0308kk\u00e2n\u0131\u2019nda Be\u015f Gece\u2019nin k\u00f6tu\u0308cu\u0308l evreninde \u00f6\u011frenmek i\u00e7in ac\u0131 \u00e7ekmeyi g\u00f6ze almak gerekmektedir. Freddy\u2019nin Pizza Du\u0308kk\u00e2n\u0131\u2019nda Be\u015f Gece\u2019nin yarat\u0131c\u0131s\u0131 Scott Cawthon, bu yedinci kitapta serinin farkl\u0131 u\u00e7lar\u0131ndan u\u0308\u00e7 tekinsiz hik\u00e2ye anlat\u0131yor. Hem de hayranlar\u0131n en sevdi\u011fi sanat\u00e7\u0131 LadyFiszi\u2019nin kapak resmiyle! <\/p>\n","protected":false},"excerpt":{"rendered":"<p>Freddy\u2019nin Pizza Du\u0308kk\u00e2n\u0131\u2019nda Be\u015f Gece\u2019nin hayranlar\u0131, en cesur FNAF oyuncular\u0131n\u0131n bile geceleri uykular\u0131n\u0131 ka\u00e7\u0131racak u\u0308\u00e7 \u00f6yku\u0308den olu\u015fan bu nefes kesici koleksiyonu ka\u00e7\u0131rmak \u0130STEMEYECEKLER! Baz\u0131 \u015feyler zor<span class=\"excerpt-hellip\"> [\u2026]<\/span><\/p>\n","protected":false},"featured_media":0,"template":"","meta":{"_monsterinsights_skip_tracking":false,"_monsterinsights_sitenote_active":false,"_monsterinsights_sitenote_note":"","_monsterinsights_sitenote_category":0},"product_brand":[],"product_cat":[12291,14777],"product_tag":[],"class_list":{"0":"post-782604","1":"product","2":"type-product","3":"status-publish","5":"product_cat-edebiyat","6":"product_cat-fantastik","7":"pa_cilt-ciltsiz","8":"pa_tur-kitap","9":"pa_yayinevi-olimpos-yayinlari","10":"pa_yazar-scott-cawthon","12":"first","13":"instock","14":"sale","15":"shipping-taxable","16":"purchasable","17":"product-type-simple"},"_links":{"self":[{"href":"https:\/\/roveyayinevi.com.tr\/index.php\/wp-json\/wp\/v2\/product\/782604","targetHints":{"allow":["GET"]}}],"collection":[{"href":"https:\/\/roveyayinevi.com.tr\/index.php\/wp-json\/wp\/v2\/product"}],"about":[{"href":"https:\/\/roveyayinevi.com.tr\/index.php\/wp-json\/wp\/v2\/types\/product"}],"wp:attachment":[{"href":"https:\/\/roveyayinevi.com.tr\/index.php\/wp-json\/wp\/v2\/media?parent=782604"}],"wp:term":[{"taxonomy":"product_brand","embeddable":true,"href":"https:\/\/roveyayinevi.com.tr\/index.php\/wp-json\/wp\/v2\/product_brand?post=782604"},{"taxonomy":"product_cat","embeddable":true,"href":"https:\/\/roveyayinevi.com.tr\/index.php\/wp-json\/wp\/v2\/product_cat?post=782604"},{"taxonomy":"product_tag","embeddable":true,"href":"https:\/\/roveyayinevi.com.tr\/index.php\/wp-json\/wp\/v2\/product_tag?post=782604"}],"curies":[{"name":"wp","href":"https:\/\/api.w.org\/{rel}","templated":true}]}}