{"id":782603,"date":"2026-02-23T12:29:28","date_gmt":"2026-02-23T09:29:28","guid":{"rendered":"https:\/\/roveyayinevi.com.tr\/index.php\/urun\/freddynin-pizza-dukkaninda-bes-gece-fazbearin-korkunc-tipleri-grafik-roman-serisi-1\/"},"modified":"2026-04-15T03:25:57","modified_gmt":"2026-04-15T00:25:57","slug":"freddynin-pizza-dukkaninda-bes-gece-fazbearin-korkunc-tipleri-grafik-roman-serisi-1","status":"publish","type":"product","link":"https:\/\/roveyayinevi.com.tr\/index.php\/urun\/freddynin-pizza-dukkaninda-bes-gece-fazbearin-korkunc-tipleri-grafik-roman-serisi-1\/","title":{"rendered":"Freddy\u2019nin Pizza D\u00fckkan\u0131\u2019nda Be\u015f Gece: Fazbear\u2019\u0131n Korkun\u00e7 Tipleri Grafik Roman Serisi #1"},"content":{"rendered":"<p>En b\u00fcy\u00fck dile\u011finiz nedir? Oswald, Sarah ve Oscar bu sorunun cevab\u0131n\u0131 bildiklerini d\u00fc\u015f\u00fcn\u00fcyorlard\u0131. Oswald o yaz\u0131n b\u00f6ylesine s\u0131k\u0131c\u0131 olmamas\u0131n\u0131 istiyordu. Sarah g\u00fczel olmay\u0131, Oscar da kasabada t\u00fckenmi\u015f olan mekanik oyunca\u011fa sahip olmay\u0131 istiyordu. Ancak Freddy\u2019nin Pizza D\u00fckk\u00e2n\u0131\u2019nda Be\u015f Gece\u2019nin s\u00fcrprizlerle dolu d\u00fcnyas\u0131nda, bu i\u00e7ten dileklerin korkun\u00e7 bir bedeli vard\u0131.   Serinin bu kitab\u0131nda, New York Times \u00e7oksatan\u0131 Fazbear\u2019\u0131n Korkun\u00e7 Tipleri serisinden \u00fc\u00e7 \u00f6yk\u00fc, \u00fcrpertici \u00e7izimlerle bulu\u015fuyor. Dikkatli olun: Bu deh\u015fet verici hik\u00e2yeler, en s\u0131k\u0131 Freddy\u2019nin Pizza D\u00fckk\u00e2n\u0131\u2019nda Be\u015f Gece hayranlar\u0131n\u0131n bile t\u00fcylerini diken diken edecek. <\/p>\n","protected":false},"excerpt":{"rendered":"<p>En b\u00fcy\u00fck dile\u011finiz nedir? Oswald, Sarah ve Oscar bu sorunun cevab\u0131n\u0131 bildiklerini d\u00fc\u015f\u00fcn\u00fcyorlard\u0131. Oswald o yaz\u0131n b\u00f6ylesine s\u0131k\u0131c\u0131 olmamas\u0131n\u0131 istiyordu. Sarah g\u00fczel olmay\u0131, Oscar da kasabada<span class=\"excerpt-hellip\"> [\u2026]<\/span><\/p>\n","protected":false},"featured_media":0,"template":"","meta":{"_monsterinsights_skip_tracking":false,"_monsterinsights_sitenote_active":false,"_monsterinsights_sitenote_note":"","_monsterinsights_sitenote_category":0},"product_brand":[],"product_cat":[12291,14777],"product_tag":[],"class_list":{"0":"post-782603","1":"product","2":"type-product","3":"status-publish","5":"product_cat-edebiyat","6":"product_cat-fantastik","7":"pa_cilt-ciltsiz","8":"pa_tur-kitap","9":"pa_yayinevi-olimpos-yayinlari","10":"pa_yazar-scott-cawthon","12":"first","13":"instock","14":"sale","15":"shipping-taxable","16":"purchasable","17":"product-type-simple"},"_links":{"self":[{"href":"https:\/\/roveyayinevi.com.tr\/index.php\/wp-json\/wp\/v2\/product\/782603","targetHints":{"allow":["GET"]}}],"collection":[{"href":"https:\/\/roveyayinevi.com.tr\/index.php\/wp-json\/wp\/v2\/product"}],"about":[{"href":"https:\/\/roveyayinevi.com.tr\/index.php\/wp-json\/wp\/v2\/types\/product"}],"wp:attachment":[{"href":"https:\/\/roveyayinevi.com.tr\/index.php\/wp-json\/wp\/v2\/media?parent=782603"}],"wp:term":[{"taxonomy":"product_brand","embeddable":true,"href":"https:\/\/roveyayinevi.com.tr\/index.php\/wp-json\/wp\/v2\/product_brand?post=782603"},{"taxonomy":"product_cat","embeddable":true,"href":"https:\/\/roveyayinevi.com.tr\/index.php\/wp-json\/wp\/v2\/product_cat?post=782603"},{"taxonomy":"product_tag","embeddable":true,"href":"https:\/\/roveyayinevi.com.tr\/index.php\/wp-json\/wp\/v2\/product_tag?post=782603"}],"curies":[{"name":"wp","href":"https:\/\/api.w.org\/{rel}","templated":true}]}}