{"id":782602,"date":"2026-02-23T12:28:52","date_gmt":"2026-02-23T09:28:52","guid":{"rendered":"https:\/\/roveyayinevi.com.tr\/index.php\/urun\/bu-kitabi-yasaklayin\/"},"modified":"2026-04-08T03:21:41","modified_gmt":"2026-04-08T00:21:41","slug":"bu-kitabi-yasaklayin","status":"publish","type":"product","link":"https:\/\/roveyayinevi.com.tr\/index.php\/urun\/bu-kitabi-yasaklayin\/","title":{"rendered":"Bu Kitab\u0131 Yasaklay\u0131n"},"content":{"rendered":"<p>Her \u015fey, Amy Anne\u2019in en sevdi\u011fi kitab\u0131 okul k\u00fct\u00fcphanesinden almaya gitti\u011fi g\u00fcn ba\u015flar. K\u00fct\u00fcphaneci Bayan Jones ona k\u00f6t\u00fc haberi verir: Amy Anne\u2019in en sevdi\u011fi kitap yasaklanm\u0131\u015ft\u0131r! Bunun nedeni ise s\u0131n\u0131f arkada\u015flar\u0131ndan birinin annesinin bu kitab\u0131n \u00e7ocuklar i\u00e7in uygun olmad\u0131\u011f\u0131n\u0131 d\u00fc\u015f\u00fcnmesidir.   \u00c7ok ge\u00e7meden, Amy Anne ve arkada\u015flar\u0131 kendilerini kitap yasa\u011f\u0131, sans\u00fcr ve neyi okuyup neyi okumayacaklar\u0131na kimin karar verebilece\u011fi konusunda beklenmedik bir m\u00fccadelenin i\u00e7inde bulurlar.   Bu Kitab\u0131 Yasaklay\u0131n, en sevdi\u011fi kitap okul k\u00fct\u00fcphanesinde yasakland\u0131\u011f\u0131nda sesini y\u00fckseltme ve kar\u015f\u0131 koyma cesaretini bulan bir \u00f6\u011frencinin hik\u00e2yesini anlatan ilham verici bir roman. <\/p>\n","protected":false},"excerpt":{"rendered":"<p>Her \u015fey, Amy Anne\u2019in en sevdi\u011fi kitab\u0131 okul k\u00fct\u00fcphanesinden almaya gitti\u011fi g\u00fcn ba\u015flar. K\u00fct\u00fcphaneci Bayan Jones ona k\u00f6t\u00fc haberi verir: Amy Anne\u2019in en sevdi\u011fi kitap yasaklanm\u0131\u015ft\u0131r!<span class=\"excerpt-hellip\"> [\u2026]<\/span><\/p>\n","protected":false},"featured_media":0,"template":"","meta":{"_monsterinsights_skip_tracking":false,"_monsterinsights_sitenote_active":false,"_monsterinsights_sitenote_note":"","_monsterinsights_sitenote_category":0},"product_brand":[],"product_cat":[12274],"product_tag":[],"class_list":{"0":"post-782602","1":"product","2":"type-product","3":"status-publish","5":"product_cat-cocuk-ve-genclik-kitaplari","6":"pa_cilt-ciltsiz","7":"pa_tur-kitap","8":"pa_yayinevi-can-cocuk-yayinlari","9":"pa_yazar-alan-gratz","11":"first","12":"instock","13":"sale","14":"shipping-taxable","15":"purchasable","16":"product-type-simple"},"_links":{"self":[{"href":"https:\/\/roveyayinevi.com.tr\/index.php\/wp-json\/wp\/v2\/product\/782602","targetHints":{"allow":["GET"]}}],"collection":[{"href":"https:\/\/roveyayinevi.com.tr\/index.php\/wp-json\/wp\/v2\/product"}],"about":[{"href":"https:\/\/roveyayinevi.com.tr\/index.php\/wp-json\/wp\/v2\/types\/product"}],"wp:attachment":[{"href":"https:\/\/roveyayinevi.com.tr\/index.php\/wp-json\/wp\/v2\/media?parent=782602"}],"wp:term":[{"taxonomy":"product_brand","embeddable":true,"href":"https:\/\/roveyayinevi.com.tr\/index.php\/wp-json\/wp\/v2\/product_brand?post=782602"},{"taxonomy":"product_cat","embeddable":true,"href":"https:\/\/roveyayinevi.com.tr\/index.php\/wp-json\/wp\/v2\/product_cat?post=782602"},{"taxonomy":"product_tag","embeddable":true,"href":"https:\/\/roveyayinevi.com.tr\/index.php\/wp-json\/wp\/v2\/product_tag?post=782602"}],"curies":[{"name":"wp","href":"https:\/\/api.w.org\/{rel}","templated":true}]}}