{"id":782599,"date":"2026-02-23T12:26:43","date_gmt":"2026-02-23T09:26:43","guid":{"rendered":"https:\/\/roveyayinevi.com.tr\/index.php\/urun\/havalimaninda-bir-hafta\/"},"modified":"2026-04-16T03:12:27","modified_gmt":"2026-04-16T00:12:27","slug":"havalimaninda-bir-hafta","status":"publish","type":"product","link":"https:\/\/roveyayinevi.com.tr\/index.php\/urun\/havalimaninda-bir-hafta\/","title":{"rendered":"Havaliman\u0131nda  Bir Hafta"},"content":{"rendered":"<p>G\u00fcndelik hayat\u0131n felsefesini tart\u0131\u015ft\u0131\u011f\u0131 kitaplar\u0131yla d\u00fcnya \u00e7ap\u0131nda b\u00fcy\u00fck bir okur kitlesi edinmi\u015f olan Alain de Botton, bu kez medeniyetimizin vitrini olarak g\u00f6rd\u00fc\u011f\u00fc havalimanlar\u0131n\u0131 ke\u015ffe \u00e7\u0131k\u0131yor. D\u00fcnyan\u0131n en i\u015flek ve modern havalimanlar\u0131ndan birinde bir hafta ya\u015f\u0131yor; elindeki s\u0131n\u0131rs\u0131z giri\u015f izniyle terminalin alt\u0131n\u0131 \u00fcst\u00fcne getiriyor. Bu havaliman\u0131 ziyareti, yazar\u0131n teknolojiye duydu\u011fumuz sadakatten do\u011fay\u0131 nas\u0131l da tahrip etti\u011fimize, kar\u015f\u0131l\u0131kl\u0131 ileti\u015fimimizden seyahat etmeyi romantikle\u015ftirmemize kadar pek \u00e7ok konu \u00fczerinde d\u00fc\u015f\u00fcnmesine imk\u00e2n sa\u011fl\u0131yor. De Botton, havaliman\u0131nda uzun uzad\u0131ya vakit ge\u00e7irmenin, tahmin edilenden \u00e7ok daha ayd\u0131nlat\u0131c\u0131 bir faaliyet oldu\u011funu, ak\u0131l dolu ve esprili bir yolla g\u00f6steriyor. De Botton\u2019un izlenimleri, \u00fcnl\u00fc foto\u011fraf\u00e7\u0131 Richard Baker\u2019in g\u00f6z\u00fcnden karelerle ete kemi\u011fe b\u00fcr\u00fcn\u00fcyor.   \u201cMerak ediyorum, De Botton hayat\u0131nda hi\u00e7 s\u0131k\u0131c\u0131 bir c\u00fcmle yazm\u0131\u015f m\u0131d\u0131r acaba?\u201d \u2013Jan Morris   \u201cDe Botton\u2019un bu hediyesi, nas\u0131l ya\u015fad\u0131\u011f\u0131m\u0131z\u0131 ve bir \u015feyleri nas\u0131l de\u011fi\u015ftirebilece\u011fimizi d\u00fc\u015f\u00fcnmeye te\u015fvik ediyor.\u201d \u2013The Times <\/p>\n","protected":false},"excerpt":{"rendered":"<p>G\u00fcndelik hayat\u0131n felsefesini tart\u0131\u015ft\u0131\u011f\u0131 kitaplar\u0131yla d\u00fcnya \u00e7ap\u0131nda b\u00fcy\u00fck bir okur kitlesi edinmi\u015f olan Alain de Botton, bu kez medeniyetimizin vitrini olarak g\u00f6rd\u00fc\u011f\u00fc havalimanlar\u0131n\u0131 ke\u015ffe \u00e7\u0131k\u0131yor. D\u00fcnyan\u0131n<span class=\"excerpt-hellip\"> [\u2026]<\/span><\/p>\n","protected":false},"featured_media":0,"template":"","meta":{"_monsterinsights_skip_tracking":false,"_monsterinsights_sitenote_active":false,"_monsterinsights_sitenote_note":"","_monsterinsights_sitenote_category":0},"product_brand":[],"product_cat":[12777,12291],"product_tag":[],"class_list":{"0":"post-782599","1":"product","2":"type-product","3":"status-publish","5":"product_cat-deneme","6":"product_cat-edebiyat","7":"pa_cilt-ciltsiz","8":"pa_tur-kitap","9":"pa_yayinevi-everest-yayinlari","10":"pa_yazar-alain-de-botton","12":"first","13":"instock","14":"sale","15":"shipping-taxable","16":"purchasable","17":"product-type-simple"},"_links":{"self":[{"href":"https:\/\/roveyayinevi.com.tr\/index.php\/wp-json\/wp\/v2\/product\/782599","targetHints":{"allow":["GET"]}}],"collection":[{"href":"https:\/\/roveyayinevi.com.tr\/index.php\/wp-json\/wp\/v2\/product"}],"about":[{"href":"https:\/\/roveyayinevi.com.tr\/index.php\/wp-json\/wp\/v2\/types\/product"}],"wp:attachment":[{"href":"https:\/\/roveyayinevi.com.tr\/index.php\/wp-json\/wp\/v2\/media?parent=782599"}],"wp:term":[{"taxonomy":"product_brand","embeddable":true,"href":"https:\/\/roveyayinevi.com.tr\/index.php\/wp-json\/wp\/v2\/product_brand?post=782599"},{"taxonomy":"product_cat","embeddable":true,"href":"https:\/\/roveyayinevi.com.tr\/index.php\/wp-json\/wp\/v2\/product_cat?post=782599"},{"taxonomy":"product_tag","embeddable":true,"href":"https:\/\/roveyayinevi.com.tr\/index.php\/wp-json\/wp\/v2\/product_tag?post=782599"}],"curies":[{"name":"wp","href":"https:\/\/api.w.org\/{rel}","templated":true}]}}