{"id":782598,"date":"2026-02-23T12:24:39","date_gmt":"2026-02-23T09:24:39","guid":{"rendered":"https:\/\/roveyayinevi.com.tr\/index.php\/urun\/gorevimiz-felsefe\/"},"modified":"2026-04-16T03:10:38","modified_gmt":"2026-04-16T00:10:38","slug":"gorevimiz-felsefe","status":"publish","type":"product","link":"https:\/\/roveyayinevi.com.tr\/index.php\/urun\/gorevimiz-felsefe\/","title":{"rendered":"G\u00f6revimiz Felsefe"},"content":{"rendered":"<p>Biz kimiz? Nereden geliyoruz? Do\u011fruluk nedir? Bir \u015feyin do\u011frulu\u011fundan nas\u0131l emin olabiliriz? Neden bu kadar \u00e7ok soru soruyoruz? \u0130\u015fte bu sorular hayat\u0131m\u0131z\u0131n her a\u015famas\u0131nda kar\u015f\u0131m\u0131za \u00e7\u0131kar kafam\u0131z\u0131 kar\u0131\u015ft\u0131r\u0131r. Ama felsefe cevaplardan \u00e7ok sorularla ilgilenir. D\u00fcnyada bir\u00e7ok filozof vard\u0131r ve onlar\u0131 anlamak her zaman kolay de\u011fildir. G\u00f6revimiz Felsefe\u2019de Sara Gomel, Profes\u00f6r Artemisia Arke- Omega\u2019yla, bizi e\u011flenceli oyun ve deneylerle benzersiz bir d\u00fc\u015f\u00fcnce yolculu\u011funa \u00e7\u0131kar\u0131yor. Bu kitapla felsefe ger\u00e7ekten \u00e7ocuk oyunca\u011f\u0131!   Soru\u015fturmalar Ge\u00e7mi\u015fteki filozoflar\u0131n izninde Felsefe Oyunlar\u0131 Zekam\u0131z\u0131 keskinle\u015ftirmek i\u00e7in Felsefe Deneyleri \u00c7\u00fcnk\u00fc iyi bir d\u00fc\u015f\u00fcn\u00fcr daima kendini sorgular!<\/p>\n","protected":false},"excerpt":{"rendered":"<p>Biz kimiz? Nereden geliyoruz? Do\u011fruluk nedir? Bir \u015feyin do\u011frulu\u011fundan nas\u0131l emin olabiliriz? Neden bu kadar \u00e7ok soru soruyoruz? \u0130\u015fte bu sorular hayat\u0131m\u0131z\u0131n her a\u015famas\u0131nda kar\u015f\u0131m\u0131za \u00e7\u0131kar<span class=\"excerpt-hellip\"> [\u2026]<\/span><\/p>\n","protected":false},"featured_media":0,"template":"","meta":{"_monsterinsights_skip_tracking":false,"_monsterinsights_sitenote_active":false,"_monsterinsights_sitenote_note":"","_monsterinsights_sitenote_category":0},"product_brand":[],"product_cat":[13829,12274],"product_tag":[],"class_list":{"0":"post-782598","1":"product","2":"type-product","3":"status-publish","5":"product_cat-bilimsel-kitaplar","6":"product_cat-cocuk-ve-genclik-kitaplari","7":"pa_cilt-ciltsiz","8":"pa_tur-kitap","9":"pa_yayinevi-everest-yayinlari","10":"pa_yazar-sara-gomel","12":"first","13":"instock","14":"sale","15":"shipping-taxable","16":"purchasable","17":"product-type-simple"},"_links":{"self":[{"href":"https:\/\/roveyayinevi.com.tr\/index.php\/wp-json\/wp\/v2\/product\/782598","targetHints":{"allow":["GET"]}}],"collection":[{"href":"https:\/\/roveyayinevi.com.tr\/index.php\/wp-json\/wp\/v2\/product"}],"about":[{"href":"https:\/\/roveyayinevi.com.tr\/index.php\/wp-json\/wp\/v2\/types\/product"}],"wp:attachment":[{"href":"https:\/\/roveyayinevi.com.tr\/index.php\/wp-json\/wp\/v2\/media?parent=782598"}],"wp:term":[{"taxonomy":"product_brand","embeddable":true,"href":"https:\/\/roveyayinevi.com.tr\/index.php\/wp-json\/wp\/v2\/product_brand?post=782598"},{"taxonomy":"product_cat","embeddable":true,"href":"https:\/\/roveyayinevi.com.tr\/index.php\/wp-json\/wp\/v2\/product_cat?post=782598"},{"taxonomy":"product_tag","embeddable":true,"href":"https:\/\/roveyayinevi.com.tr\/index.php\/wp-json\/wp\/v2\/product_tag?post=782598"}],"curies":[{"name":"wp","href":"https:\/\/api.w.org\/{rel}","templated":true}]}}