{"id":782593,"date":"2026-02-23T12:22:59","date_gmt":"2026-02-23T09:22:59","guid":{"rendered":"https:\/\/roveyayinevi.com.tr\/index.php\/urun\/evcil-hayvanllar-0-2-yas-bebek-dokun-hisset\/"},"modified":"2026-04-16T03:08:57","modified_gmt":"2026-04-16T00:08:57","slug":"evcil-hayvanllar-0-2-yas-bebek-dokun-hisset","status":"publish","type":"product","link":"https:\/\/roveyayinevi.com.tr\/index.php\/urun\/evcil-hayvanllar-0-2-yas-bebek-dokun-hisset\/","title":{"rendered":"EVC\u0130L HAYVANLLAR   \/ 0-2 Ya\u015f Bebek Dokun Hisset"},"content":{"rendered":"<p>Evcil HayvanlarG\u00fcvenli ve sa\u011flam bu kitap, bebe\u011finizin kau\u00e7uk banyo \u00f6rdeklerinden pamuk gibi yumu\u015fac\u0131k havlulara bir\u00e7ok doku ve kavramla tan\u0131\u015fmas\u0131na ve onlar\u0131 ke\u015ffetmesine yard\u0131mc\u0131 olacak.Serinin di\u011fer kitaplar\u0131na g\u00f6z atmay\u0131 unutmay\u0131n.<\/p>\n","protected":false},"excerpt":{"rendered":"<p>Evcil HayvanlarG\u00fcvenli ve sa\u011flam bu kitap, bebe\u011finizin kau\u00e7uk banyo \u00f6rdeklerinden pamuk gibi yumu\u015fac\u0131k havlulara bir\u00e7ok doku ve kavramla tan\u0131\u015fmas\u0131na ve onlar\u0131 ke\u015ffetmesine yard\u0131mc\u0131 olacak.Serinin di\u011fer kitaplar\u0131na<span class=\"excerpt-hellip\"> [\u2026]<\/span><\/p>\n","protected":false},"featured_media":0,"template":"","meta":{"_monsterinsights_skip_tracking":false,"_monsterinsights_sitenote_active":false,"_monsterinsights_sitenote_note":"","_monsterinsights_sitenote_category":0},"product_brand":[],"product_cat":[12274,12518],"product_tag":[],"class_list":{"0":"post-782593","1":"product","2":"type-product","3":"status-publish","5":"product_cat-cocuk-ve-genclik-kitaplari","6":"product_cat-okul-oncesi-kitaplar","7":"pa_cilt-ciltli","8":"pa_tur-kitap","9":"pa_yayinevi-beta-kids","10":"pa_yazar-victoria-h-dawn-sirett","12":"first","13":"instock","14":"sale","15":"shipping-taxable","16":"purchasable","17":"product-type-simple"},"_links":{"self":[{"href":"https:\/\/roveyayinevi.com.tr\/index.php\/wp-json\/wp\/v2\/product\/782593","targetHints":{"allow":["GET"]}}],"collection":[{"href":"https:\/\/roveyayinevi.com.tr\/index.php\/wp-json\/wp\/v2\/product"}],"about":[{"href":"https:\/\/roveyayinevi.com.tr\/index.php\/wp-json\/wp\/v2\/types\/product"}],"wp:attachment":[{"href":"https:\/\/roveyayinevi.com.tr\/index.php\/wp-json\/wp\/v2\/media?parent=782593"}],"wp:term":[{"taxonomy":"product_brand","embeddable":true,"href":"https:\/\/roveyayinevi.com.tr\/index.php\/wp-json\/wp\/v2\/product_brand?post=782593"},{"taxonomy":"product_cat","embeddable":true,"href":"https:\/\/roveyayinevi.com.tr\/index.php\/wp-json\/wp\/v2\/product_cat?post=782593"},{"taxonomy":"product_tag","embeddable":true,"href":"https:\/\/roveyayinevi.com.tr\/index.php\/wp-json\/wp\/v2\/product_tag?post=782593"}],"curies":[{"name":"wp","href":"https:\/\/api.w.org\/{rel}","templated":true}]}}