{"id":782589,"date":"2026-02-23T12:20:35","date_gmt":"2026-02-23T09:20:35","guid":{"rendered":"https:\/\/roveyayinevi.com.tr\/index.php\/urun\/her-insan-kendini-tamamlamak-ister\/"},"modified":"2026-04-16T03:07:20","modified_gmt":"2026-04-16T00:07:20","slug":"her-insan-kendini-tamamlamak-ister","status":"publish","type":"product","link":"https:\/\/roveyayinevi.com.tr\/index.php\/urun\/her-insan-kendini-tamamlamak-ister\/","title":{"rendered":"Her \u0130nsan Kendini Tamamlamak \u0130ster"},"content":{"rendered":"<p>\u201cK\u0130\u015e\u0130, HIRS VE SUN\u0130 AMA\u00c7LARLA DE\u011e\u0130L, ANCAK GER\u00c7EK DO\u011eASIYLA KEND\u0130N\u0130 A\u015eAR.\u201d   Ge\u015ftalt Terapi ekol\u00fcn\u00fcn kurucular\u0131ndan Perls, insan insana ili\u015fkiye vurgu yaparak, nedenleri tak\u0131nt\u0131 haline getirmek yerine, \u015fimdi ve burada ne oldu\u011funa, bunun da nas\u0131l oldu\u011funa odaklanan bir terapi yakla\u015f\u0131m\u0131n\u0131 vurgulad\u0131. \u00c7\u00fcnk\u00fc ki\u015fi, ancak ger\u00e7ek bir dinleyicinin temas\u0131yla, e\u015fli\u011fiyle d\u00f6n\u00fc\u015f\u00fcr ve b\u00fcy\u00fcr. Ge\u015ftalt Terapi ekol\u00fc, d\u00fcnya \u00e7ap\u0131nda en \u00e7ok kullan\u0131lan terapi ekolleri aras\u0131ndad\u0131r, varolu\u015fsal bir yakla\u015f\u0131md\u0131r ve sadece karakter \u00f6zellikleri ya da semptomlarla ilgilenmez, ki\u015finin t\u00fcm varolu\u015fuyla ilgilenir.   Bu kitap, Ge\u015ftalt Terapi\u2019nin sihirli yanlar\u0131n\u0131 ke\u015ffetmemizi sa\u011flayan Perls\u2019\u00fcn hayat\u0131n\u0131 ve Ge\u015ftalt Terapi kavramlar\u0131n\u0131 aktar\u0131yor. Fark\u0131ndal\u0131k, b\u00fct\u00fcnc\u00fcll\u00fck ilkesi, sa\u011fl\u0131kl\u0131 ki\u015finin \u00f6zellikleri, ihtiya\u00e7lar, tamamlanmam\u0131\u015f i\u015fler, diren\u00e7, k\u00f6rd\u00fc\u011f\u00fcm kavramlar\u0131 ile terapistin durmas\u0131 gereken yarat\u0131c\u0131 tarafs\u0131zl\u0131\u011f\u0131 ele al\u0131yor. <\/p>\n","protected":false},"excerpt":{"rendered":"<p>\u201cK\u0130\u015e\u0130, HIRS VE SUN\u0130 AMA\u00c7LARLA DE\u011e\u0130L, ANCAK GER\u00c7EK DO\u011eASIYLA KEND\u0130N\u0130 A\u015eAR.\u201d Ge\u015ftalt Terapi ekol\u00fcn\u00fcn kurucular\u0131ndan Perls, insan insana ili\u015fkiye vurgu yaparak, nedenleri tak\u0131nt\u0131 haline getirmek yerine,<span class=\"excerpt-hellip\"> [\u2026]<\/span><\/p>\n","protected":false},"featured_media":0,"template":"","meta":{"_monsterinsights_skip_tracking":false,"_monsterinsights_sitenote_active":false,"_monsterinsights_sitenote_note":"","_monsterinsights_sitenote_category":0},"product_brand":[],"product_cat":[12357],"product_tag":[],"class_list":{"0":"post-782589","1":"product","2":"type-product","3":"status-publish","5":"product_cat-psikoloji","6":"pa_cilt-ciltsiz","7":"pa_tur-kitap","8":"pa_yayinevi-destek-yayinlari","9":"pa_yazar-bilgen-isik-karasahin","11":"first","12":"instock","13":"sale","14":"shipping-taxable","15":"purchasable","16":"product-type-simple"},"_links":{"self":[{"href":"https:\/\/roveyayinevi.com.tr\/index.php\/wp-json\/wp\/v2\/product\/782589","targetHints":{"allow":["GET"]}}],"collection":[{"href":"https:\/\/roveyayinevi.com.tr\/index.php\/wp-json\/wp\/v2\/product"}],"about":[{"href":"https:\/\/roveyayinevi.com.tr\/index.php\/wp-json\/wp\/v2\/types\/product"}],"wp:attachment":[{"href":"https:\/\/roveyayinevi.com.tr\/index.php\/wp-json\/wp\/v2\/media?parent=782589"}],"wp:term":[{"taxonomy":"product_brand","embeddable":true,"href":"https:\/\/roveyayinevi.com.tr\/index.php\/wp-json\/wp\/v2\/product_brand?post=782589"},{"taxonomy":"product_cat","embeddable":true,"href":"https:\/\/roveyayinevi.com.tr\/index.php\/wp-json\/wp\/v2\/product_cat?post=782589"},{"taxonomy":"product_tag","embeddable":true,"href":"https:\/\/roveyayinevi.com.tr\/index.php\/wp-json\/wp\/v2\/product_tag?post=782589"}],"curies":[{"name":"wp","href":"https:\/\/api.w.org\/{rel}","templated":true}]}}