{"id":782588,"date":"2026-02-23T12:19:52","date_gmt":"2026-02-23T09:19:52","guid":{"rendered":"https:\/\/roveyayinevi.com.tr\/index.php\/urun\/freddynin-pizza-dukkaninda-bes-gece-fazbearin-korkunc-tipleri-6-karabakal\/"},"modified":"2026-03-28T03:10:11","modified_gmt":"2026-03-28T00:10:11","slug":"freddynin-pizza-dukkaninda-bes-gece-fazbearin-korkunc-tipleri-6-karabakal","status":"publish","type":"product","link":"https:\/\/roveyayinevi.com.tr\/index.php\/urun\/freddynin-pizza-dukkaninda-bes-gece-fazbearin-korkunc-tipleri-6-karabakal\/","title":{"rendered":"Freddy&#8217;nin Pizza D\u00fckkan\u0131&#8217;nda Be\u015f Gece Fazbear&#8217;\u0131n Korkun\u00e7 Tipleri 6 &#8211; Karabakal"},"content":{"rendered":"<p>Freddy\u2019nin Pizza Du\u0308kk\u00e2n\u0131\u2019nda Be\u015f Gece\u2019nin hayranlar\u0131, en cesur FNAF oyuncular\u0131n\u0131n bile geceleri uykular\u0131n\u0131 ka\u00e7\u0131racak u\u0308\u00e7 \u00f6yku\u0308den olu\u015fan bu nefes kesici koleksiyonu ka\u00e7\u0131rmak istemeyecekler&#8230;                                                                                                                               Nole, \u00e7irkin bir ger\u00e7ekle yu\u0308zle\u015fmekten ka\u00e7\u0131nmaya \u00e7al\u0131\u015f\u0131rken ge\u00e7mi\u015fte i\u015flenmi\u015f gu\u0308nahlar\u0131 cezaland\u0131ran bir canavar\u0131n kurban\u0131 olur. Gu\u0308n ge\u00e7tik\u00e7e daha da zay\u0131flayan dokuz ya\u015f\u0131ndaki Jake, hasta olmadan \u00f6nceki zamanlara d\u00f6nu\u0308p yeniden sa\u011fl\u0131kl\u0131 oldu\u011fu bir hayat\u0131n hayalini kurar. Kibirli abisi ve mesafeli babas\u0131na de\u011ferli bir birey oldu\u011funu kan\u0131tlamak isteyen Toby, korkun\u00e7 sonu\u00e7lar\u0131 olan bir atari oyununda \u00e7aresizce zafer kazanmaya \u00e7al\u0131\u015f\u0131r. Ancak Freddy\u2019nin Pizza Du\u0308kk\u00e2n\u0131\u2019nda Be\u015f Gece\u2019nin \u00f6ng\u00f6ru\u0308lemez du\u0308nyas\u0131nda, bazen yaln\u0131zca ge\u00e7mi\u015f bile bir hayat\u0131 y\u00f6netebilir. Serinin yarat\u0131c\u0131s\u0131 Scott Cawthon, alt\u0131nc\u0131 kitapta Freddy\u2019nin Pizza Du\u0308kk\u00e2n\u0131\u2019nda Be\u015f Gece du\u0308nyas\u0131n\u0131n farkl\u0131 u\u00e7lar\u0131nda ya\u015fanan u\u0308\u00e7 farkl\u0131 \u00f6yku\u0308yu\u0308 anlat\u0131yor ve bunu yaparken hayranlar\u0131n en sevdi\u011fi sanat\u00e7\u0131 LadyFiszi\u2019nin kapak resmini kullan\u0131yor. Okurlar\u0131n dikkatine: Korkun\u00e7 \u00f6yku\u0308lerden olu\u015fan bu koleksiyon, en s\u0131k\u0131 Freddy\u2019nin Pizza Du\u0308kk\u00e2n\u0131\u2019nda Be\u015f Gece hayranlar\u0131n\u0131 bile tedirgin etmeye yetecek. <\/p>\n","protected":false},"excerpt":{"rendered":"<p>Freddy\u2019nin Pizza Du\u0308kk\u00e2n\u0131\u2019nda Be\u015f Gece\u2019nin hayranlar\u0131, en cesur FNAF oyuncular\u0131n\u0131n bile geceleri uykular\u0131n\u0131 ka\u00e7\u0131racak u\u0308\u00e7 \u00f6yku\u0308den olu\u015fan bu nefes kesici koleksiyonu ka\u00e7\u0131rmak istemeyecekler&#8230; Nole, \u00e7irkin bir<span class=\"excerpt-hellip\"> [\u2026]<\/span><\/p>\n","protected":false},"featured_media":0,"template":"","meta":{"_monsterinsights_skip_tracking":false,"_monsterinsights_sitenote_active":false,"_monsterinsights_sitenote_note":"","_monsterinsights_sitenote_category":0},"product_brand":[],"product_cat":[12291,17033],"product_tag":[],"class_list":{"0":"post-782588","1":"product","2":"type-product","3":"status-publish","5":"product_cat-edebiyat","6":"product_cat-korku-gerilim","7":"pa_cilt-ciltsiz","8":"pa_tur-kitap","9":"pa_yayinevi-olimpos-yayinlari","10":"pa_yazar-scott-cawthon-kelly-parra-andrea-waggener","12":"first","13":"instock","14":"sale","15":"shipping-taxable","16":"purchasable","17":"product-type-simple"},"_links":{"self":[{"href":"https:\/\/roveyayinevi.com.tr\/index.php\/wp-json\/wp\/v2\/product\/782588","targetHints":{"allow":["GET"]}}],"collection":[{"href":"https:\/\/roveyayinevi.com.tr\/index.php\/wp-json\/wp\/v2\/product"}],"about":[{"href":"https:\/\/roveyayinevi.com.tr\/index.php\/wp-json\/wp\/v2\/types\/product"}],"wp:attachment":[{"href":"https:\/\/roveyayinevi.com.tr\/index.php\/wp-json\/wp\/v2\/media?parent=782588"}],"wp:term":[{"taxonomy":"product_brand","embeddable":true,"href":"https:\/\/roveyayinevi.com.tr\/index.php\/wp-json\/wp\/v2\/product_brand?post=782588"},{"taxonomy":"product_cat","embeddable":true,"href":"https:\/\/roveyayinevi.com.tr\/index.php\/wp-json\/wp\/v2\/product_cat?post=782588"},{"taxonomy":"product_tag","embeddable":true,"href":"https:\/\/roveyayinevi.com.tr\/index.php\/wp-json\/wp\/v2\/product_tag?post=782588"}],"curies":[{"name":"wp","href":"https:\/\/api.w.org\/{rel}","templated":true}]}}