{"id":782587,"date":"2026-02-23T12:19:48","date_gmt":"2026-02-23T09:19:48","guid":{"rendered":"https:\/\/roveyayinevi.com.tr\/index.php\/urun\/freddynin-pizza-dukkaninda-bes-gece-fazbearin-korkunc-tipleri-5-tavsan-cagrisi\/"},"modified":"2026-04-16T03:07:18","modified_gmt":"2026-04-16T00:07:18","slug":"freddynin-pizza-dukkaninda-bes-gece-fazbearin-korkunc-tipleri-5-tavsan-cagrisi","status":"publish","type":"product","link":"https:\/\/roveyayinevi.com.tr\/index.php\/urun\/freddynin-pizza-dukkaninda-bes-gece-fazbearin-korkunc-tipleri-5-tavsan-cagrisi\/","title":{"rendered":"Freddy&#8217;nin Pizza D\u00fckkan\u0131&#8217;nda Be\u015f Gece Fazbear&#8217;\u0131n Korkun\u00e7 Tipleri 5 &#8211; Tav\u015fan \u00c7a\u011fr\u0131s\u0131"},"content":{"rendered":"<p>Freddy\u2019nin Pizza Du\u0308kk\u00e2n\u0131\u2019nda Be\u015f Gece\u2019nin hayranlar\u0131, en cesur FNAF oyuncular\u0131n\u0131n bile geceleri uykular\u0131n\u0131 ka\u00e7\u0131racak u\u0308\u00e7 \u00f6yku\u0308den olu\u015fan bu nefes kesici koleksiyonu ka\u00e7\u0131rmak istemeyecekler&#8230;                                                                                                                          \u00dcrku\u0308tu\u0308cu\u0308 oyuncaklardan i\u00e7 burkan oyunlara, bu korkun\u00e7 \u00f6yku\u0308 koleksiyonu en sert Freddy\u2019nin Pizza Du\u0308kk\u00e2n\u0131\u2019nda Be\u015f Gece hayranlar\u0131n\u0131 bile huzursuz etmeye yetiyor. Bu kitapta, serinin yarat\u0131c\u0131s\u0131 Scott Cawthon, FNAF du\u0308nyas\u0131n\u0131n farkl\u0131 u\u00e7lar\u0131nda ya\u015fanan u\u0308\u00e7 farkl\u0131 \u00f6yku\u0308 anlat\u0131yor. Her \u00f6yku\u0308, hayranlar\u0131n en sevdi\u011fi oyun yarat\u0131c\u0131lar\u0131n\u0131n e\u015fli\u011fiyle korkuya yepyeni bir y\u00f6n verilerek okurla bulu\u015fuyor. Okurlar\u0131n dikkatine: Bu u\u0308rku\u0308tu\u0308cu\u0308 du\u0308nyada, her umutsuz dile\u011fin beklenmedik bir bedeli oldu\u011funu, en gu\u0308zel arma\u011fanlar\u0131n i\u00e7inden korkun\u00e7 gu\u0308\u00e7lerin ortaya \u00e7\u0131kabilece\u011fini ve zarars\u0131z \u015fakalar\u0131n korkun\u00e7 \u015fekillerde ters tepebilece\u011fini g\u00f6rece\u011fiz. <\/p>\n","protected":false},"excerpt":{"rendered":"<p>Freddy\u2019nin Pizza Du\u0308kk\u00e2n\u0131\u2019nda Be\u015f Gece\u2019nin hayranlar\u0131, en cesur FNAF oyuncular\u0131n\u0131n bile geceleri uykular\u0131n\u0131 ka\u00e7\u0131racak u\u0308\u00e7 \u00f6yku\u0308den olu\u015fan bu nefes kesici koleksiyonu ka\u00e7\u0131rmak istemeyecekler&#8230; \u00dcrku\u0308tu\u0308cu\u0308 oyuncaklardan i\u00e7<span class=\"excerpt-hellip\"> [\u2026]<\/span><\/p>\n","protected":false},"featured_media":0,"template":"","meta":{"_monsterinsights_skip_tracking":false,"_monsterinsights_sitenote_active":false,"_monsterinsights_sitenote_note":"","_monsterinsights_sitenote_category":0},"product_brand":[],"product_cat":[12291,17033],"product_tag":[],"class_list":{"0":"post-782587","1":"product","2":"type-product","3":"status-publish","5":"product_cat-edebiyat","6":"product_cat-korku-gerilim","7":"pa_cilt-ciltsiz","8":"pa_tur-kitap","9":"pa_yayinevi-olimpos-yayinlari","10":"pa_yazar-scott-cawthon-elley-cooper-andrea-waggener","12":"first","13":"instock","14":"sale","15":"shipping-taxable","16":"purchasable","17":"product-type-simple"},"_links":{"self":[{"href":"https:\/\/roveyayinevi.com.tr\/index.php\/wp-json\/wp\/v2\/product\/782587","targetHints":{"allow":["GET"]}}],"collection":[{"href":"https:\/\/roveyayinevi.com.tr\/index.php\/wp-json\/wp\/v2\/product"}],"about":[{"href":"https:\/\/roveyayinevi.com.tr\/index.php\/wp-json\/wp\/v2\/types\/product"}],"wp:attachment":[{"href":"https:\/\/roveyayinevi.com.tr\/index.php\/wp-json\/wp\/v2\/media?parent=782587"}],"wp:term":[{"taxonomy":"product_brand","embeddable":true,"href":"https:\/\/roveyayinevi.com.tr\/index.php\/wp-json\/wp\/v2\/product_brand?post=782587"},{"taxonomy":"product_cat","embeddable":true,"href":"https:\/\/roveyayinevi.com.tr\/index.php\/wp-json\/wp\/v2\/product_cat?post=782587"},{"taxonomy":"product_tag","embeddable":true,"href":"https:\/\/roveyayinevi.com.tr\/index.php\/wp-json\/wp\/v2\/product_tag?post=782587"}],"curies":[{"name":"wp","href":"https:\/\/api.w.org\/{rel}","templated":true}]}}