{"id":782582,"date":"2026-02-23T12:16:40","date_gmt":"2026-02-23T09:16:40","guid":{"rendered":"https:\/\/roveyayinevi.com.tr\/index.php\/urun\/dr-gelecek\/"},"modified":"2026-04-12T03:08:25","modified_gmt":"2026-04-12T00:08:25","slug":"dr-gelecek","status":"publish","type":"product","link":"https:\/\/roveyayinevi.com.tr\/index.php\/urun\/dr-gelecek\/","title":{"rendered":"Dr. Gelecek"},"content":{"rendered":"<p>Kendini hayat kurtarmaya adam\u0131\u015f ba\u015far\u0131l\u0131 doktor Jim Parsons bir g\u00fcn evinden \u00e7\u0131kt\u0131\u011f\u0131nda kendisini gelece\u011fin d\u00fcnyas\u0131nda bulur. \u00d6l\u00fcm\u00fcn y\u00fcceltildi\u011fi, ya\u015fl\u0131 insanlar\u0131n olmad\u0131\u011f\u0131, bireyin de\u011fil \u0131rk\u0131n ilerlemesinin \u00f6nemli oldu\u011fu gelece\u011fin toplumunda Dr. Parsons bir kad\u0131n\u0131n hayat\u0131n\u0131 kurtard\u0131\u011f\u0131nda kendini ba\u015f d\u00f6nd\u00fcr\u00fcc\u00fc bir ser\u00fcvenin i\u00e7inde bulur. Zaman yolculu\u011fu paradokslar\u0131, gelece\u011fin yok olan d\u00fcnyas\u0131, Francis Drake, Amerika Yerlileri, \u00fcst\u00fcn \u0131rklar\u2026 Yaln\u0131zca Philip K. Dick&#8217;in yazabilece\u011fi t\u00fcrden bir macera. G\u00f6zlerinizi kapat\u0131n, zaman geminiz kalk\u0131\u015fa ge\u00e7mek \u00fczere.  <\/p>\n","protected":false},"excerpt":{"rendered":"<p>Kendini hayat kurtarmaya adam\u0131\u015f ba\u015far\u0131l\u0131 doktor Jim Parsons bir g\u00fcn evinden \u00e7\u0131kt\u0131\u011f\u0131nda kendisini gelece\u011fin d\u00fcnyas\u0131nda bulur. \u00d6l\u00fcm\u00fcn y\u00fcceltildi\u011fi, ya\u015fl\u0131 insanlar\u0131n olmad\u0131\u011f\u0131, bireyin de\u011fil \u0131rk\u0131n ilerlemesinin \u00f6nemli<span class=\"excerpt-hellip\"> [\u2026]<\/span><\/p>\n","protected":false},"featured_media":0,"template":"","meta":{"_monsterinsights_skip_tracking":false,"_monsterinsights_sitenote_active":false,"_monsterinsights_sitenote_note":"","_monsterinsights_sitenote_category":0},"product_brand":[],"product_cat":[12291,12711],"product_tag":[],"class_list":{"0":"post-782582","1":"product","2":"type-product","3":"status-publish","5":"product_cat-edebiyat","6":"product_cat-roman-oyku","7":"pa_cilt-ciltsiz","8":"pa_tur-kitap","9":"pa_yayinevi-alfa-yayinlari","10":"pa_yazar-philip-k-dick","12":"first","13":"instock","14":"sale","15":"shipping-taxable","16":"purchasable","17":"product-type-simple"},"_links":{"self":[{"href":"https:\/\/roveyayinevi.com.tr\/index.php\/wp-json\/wp\/v2\/product\/782582","targetHints":{"allow":["GET"]}}],"collection":[{"href":"https:\/\/roveyayinevi.com.tr\/index.php\/wp-json\/wp\/v2\/product"}],"about":[{"href":"https:\/\/roveyayinevi.com.tr\/index.php\/wp-json\/wp\/v2\/types\/product"}],"wp:attachment":[{"href":"https:\/\/roveyayinevi.com.tr\/index.php\/wp-json\/wp\/v2\/media?parent=782582"}],"wp:term":[{"taxonomy":"product_brand","embeddable":true,"href":"https:\/\/roveyayinevi.com.tr\/index.php\/wp-json\/wp\/v2\/product_brand?post=782582"},{"taxonomy":"product_cat","embeddable":true,"href":"https:\/\/roveyayinevi.com.tr\/index.php\/wp-json\/wp\/v2\/product_cat?post=782582"},{"taxonomy":"product_tag","embeddable":true,"href":"https:\/\/roveyayinevi.com.tr\/index.php\/wp-json\/wp\/v2\/product_tag?post=782582"}],"curies":[{"name":"wp","href":"https:\/\/api.w.org\/{rel}","templated":true}]}}