{"id":782581,"date":"2026-02-23T12:16:27","date_gmt":"2026-02-23T09:16:27","guid":{"rendered":"https:\/\/roveyayinevi.com.tr\/index.php\/urun\/roma-tarihi-roma-dunyasinda-savas-baris-ve-fetih\/"},"modified":"2026-04-03T03:06:12","modified_gmt":"2026-04-03T00:06:12","slug":"roma-tarihi-roma-dunyasinda-savas-baris-ve-fetih","status":"publish","type":"product","link":"https:\/\/roveyayinevi.com.tr\/index.php\/urun\/roma-tarihi-roma-dunyasinda-savas-baris-ve-fetih\/","title":{"rendered":"Roma Tarihi &#8211; Roma D\u00fcnyas\u0131nda Sava\u015f Bar\u0131\u015f ve Fetih"},"content":{"rendered":"<p>Antik Roma tarihi konusunda uzmanla\u015fm\u0131\u015f bir tarih\u00e7i ve yazar olan Adrian Goldsworthy Roma \u0130mparatorlu\u011fu\u2019nun geli\u015fmesini ve i\u015fleyi\u015fini s\u00fcr\u00fckleyici bir \u015fekilde anlat\u0131yor.Goldsworthy, Roma Tarihi: Roma D\u00fcnyas\u0131nda Sava\u015f Bar\u0131\u015f ve Fetih\u2019te b\u00fct\u00fcn dikkatini d\u00fcnya k\u00fclt\u00fcr\u00fcnde derin izler b\u0131rakmay\u0131 ba\u015farm\u0131\u015f Roma \u0130mparatorlu\u011fu\u2019na veriyor. F\u0131rat Nehri\u2019nden Atlantik k\u0131y\u0131s\u0131na kadar uzanan geni\u015f topraklar\u0131 ele ge\u00e7iren Romal\u0131lar\u0131n d\u00fcnyan\u0131n bu kadar b\u00fcy\u00fck bir b\u00f6l\u00fcm\u00fcn\u00fc nas\u0131l kontrol alt\u0131na ald\u0131klar\u0131n\u0131 inceliyor. Fethedilen b\u00f6lgelerin isyanlar\u0131n\u0131 canl\u0131 bir \u015fekilde anlat\u0131yor, neden patlak verdiklerini, \u00e7o\u011funun neden ba\u015far\u0131s\u0131z oldu\u011funu ve nas\u0131l son derece nadir hale geldiklerini inceliyor. D\u00fc\u015fmanl\u0131\u011f\u0131n Roma\u2019n\u0131n geli\u015fine verilen tepkilerden sadece biri oldu\u011funu ve fethedilen halklar\u0131n en ba\u015f\u0131ndan itibaren i\u015fbirli\u011fi yapt\u0131\u011f\u0131n\u0131, ittifaklar kurdu\u011funu ve i\u015fgalcilere kat\u0131larak direni\u015f hareketlerinin kaybolmas\u0131na neden oldu\u011funu ortaya koyuyor.Roma Tarihi: Roma D\u00fcnyas\u0131nda Sava\u015f Bar\u0131\u015f ve Fetih, okuyucuyu sald\u0131rgan bir Cumhuriyet\u2019in kanl\u0131 fetihlerinden Caesar ve Augustus \u00e7a\u011f\u0131na, Marcus Aurelius gibi gayretli imparatorlar\u0131n y\u00f6netimindeki bar\u0131\u015f ve refah\u0131n alt\u0131n \u00e7a\u011f\u0131na do\u011fru bir yolculu\u011fa \u00e7\u0131kar\u0131yor. Roma \u0130mparatorlu\u011fu\u2019ndaki ya\u015fam\u0131n dengeli ve incelikli bir yeniden de\u011ferlendirmesini sunuyor.<\/p>\n","protected":false},"excerpt":{"rendered":"<p>Antik Roma tarihi konusunda uzmanla\u015fm\u0131\u015f bir tarih\u00e7i ve yazar olan Adrian Goldsworthy Roma \u0130mparatorlu\u011fu\u2019nun geli\u015fmesini ve i\u015fleyi\u015fini s\u00fcr\u00fckleyici bir \u015fekilde anlat\u0131yor.Goldsworthy, Roma Tarihi: Roma D\u00fcnyas\u0131nda Sava\u015f<span class=\"excerpt-hellip\"> [\u2026]<\/span><\/p>\n","protected":false},"featured_media":0,"template":"","meta":{"_monsterinsights_skip_tracking":false,"_monsterinsights_sitenote_active":false,"_monsterinsights_sitenote_note":"","_monsterinsights_sitenote_category":0},"product_brand":[],"product_cat":[12305,12304],"product_tag":[],"class_list":{"0":"post-782581","1":"product","2":"type-product","3":"status-publish","5":"product_cat-dunya-tarihi","6":"product_cat-tarih","7":"pa_cilt-ciltsiz","8":"pa_tur-kitap","9":"pa_yayinevi-inkilap-kitabevi","10":"pa_yazar-adrian-goldsworthy","12":"first","13":"instock","14":"sale","15":"shipping-taxable","16":"purchasable","17":"product-type-simple"},"_links":{"self":[{"href":"https:\/\/roveyayinevi.com.tr\/index.php\/wp-json\/wp\/v2\/product\/782581","targetHints":{"allow":["GET"]}}],"collection":[{"href":"https:\/\/roveyayinevi.com.tr\/index.php\/wp-json\/wp\/v2\/product"}],"about":[{"href":"https:\/\/roveyayinevi.com.tr\/index.php\/wp-json\/wp\/v2\/types\/product"}],"wp:attachment":[{"href":"https:\/\/roveyayinevi.com.tr\/index.php\/wp-json\/wp\/v2\/media?parent=782581"}],"wp:term":[{"taxonomy":"product_brand","embeddable":true,"href":"https:\/\/roveyayinevi.com.tr\/index.php\/wp-json\/wp\/v2\/product_brand?post=782581"},{"taxonomy":"product_cat","embeddable":true,"href":"https:\/\/roveyayinevi.com.tr\/index.php\/wp-json\/wp\/v2\/product_cat?post=782581"},{"taxonomy":"product_tag","embeddable":true,"href":"https:\/\/roveyayinevi.com.tr\/index.php\/wp-json\/wp\/v2\/product_tag?post=782581"}],"curies":[{"name":"wp","href":"https:\/\/api.w.org\/{rel}","templated":true}]}}