{"id":782580,"date":"2026-02-23T12:15:19","date_gmt":"2026-02-23T09:15:19","guid":{"rendered":"https:\/\/roveyayinevi.com.tr\/index.php\/urun\/narnia-gunlukleri-safak-yildizinin-son-yolculugu\/"},"modified":"2026-04-16T03:03:13","modified_gmt":"2026-04-16T00:03:13","slug":"narnia-gunlukleri-safak-yildizinin-son-yolculugu","status":"publish","type":"product","link":"https:\/\/roveyayinevi.com.tr\/index.php\/urun\/narnia-gunlukleri-safak-yildizinin-son-yolculugu\/","title":{"rendered":"Narnia G\u00fcnl\u00fckleri &#8211; \u015eafak Y\u0131ld\u0131z\u0131\u2019n\u0131n Son Yolculu\u011fu"},"content":{"rendered":"<p>D\u00dcNYANIN UCUNA YOLCULUK Bir ejderhan\u0131n uyand\u0131\u011f\u0131, y\u0131ld\u0131zlar\u0131n yery\u00fcz\u00fcne indi\u011fi, her \u015feyin olabilece\u011fi bir \u00fclke: NARN\u0130A Bir kral ve hi\u00e7 beklenmedik bir anda gemisine konuk olan dostlar\u0131, bilinen b\u00fct\u00fcn topraklar\u0131n daha da \u00f6tesine do\u011fru yelken a\u00e7arlar. At\u0131ld\u0131klar\u0131 bu macera, onlara d\u00fcnyan\u0131n sonunun sadece bir ba\u015flang\u0131\u00e7 oldu\u011funu g\u00f6sterir.   <\/p>\n","protected":false},"excerpt":{"rendered":"<p>D\u00dcNYANIN UCUNA YOLCULUK Bir ejderhan\u0131n uyand\u0131\u011f\u0131, y\u0131ld\u0131zlar\u0131n yery\u00fcz\u00fcne indi\u011fi, her \u015feyin olabilece\u011fi bir \u00fclke: NARN\u0130A Bir kral ve hi\u00e7 beklenmedik bir anda gemisine konuk olan dostlar\u0131,<span class=\"excerpt-hellip\"> [\u2026]<\/span><\/p>\n","protected":false},"featured_media":0,"template":"","meta":{"_monsterinsights_skip_tracking":false,"_monsterinsights_sitenote_active":false,"_monsterinsights_sitenote_note":"","_monsterinsights_sitenote_category":0},"product_brand":[],"product_cat":[12689,12274],"product_tag":[],"class_list":{"0":"post-782580","1":"product","2":"type-product","3":"status-publish","5":"product_cat-cizgi-roman-cocuk-ve-genclik-kitaplari","6":"product_cat-cocuk-ve-genclik-kitaplari","7":"pa_cilt-ciltsiz","8":"pa_tur-kitap","9":"pa_yayinevi-x-libris","10":"pa_yazar-c-s-lewis","12":"first","13":"instock","14":"sale","15":"shipping-taxable","16":"purchasable","17":"product-type-simple"},"_links":{"self":[{"href":"https:\/\/roveyayinevi.com.tr\/index.php\/wp-json\/wp\/v2\/product\/782580","targetHints":{"allow":["GET"]}}],"collection":[{"href":"https:\/\/roveyayinevi.com.tr\/index.php\/wp-json\/wp\/v2\/product"}],"about":[{"href":"https:\/\/roveyayinevi.com.tr\/index.php\/wp-json\/wp\/v2\/types\/product"}],"wp:attachment":[{"href":"https:\/\/roveyayinevi.com.tr\/index.php\/wp-json\/wp\/v2\/media?parent=782580"}],"wp:term":[{"taxonomy":"product_brand","embeddable":true,"href":"https:\/\/roveyayinevi.com.tr\/index.php\/wp-json\/wp\/v2\/product_brand?post=782580"},{"taxonomy":"product_cat","embeddable":true,"href":"https:\/\/roveyayinevi.com.tr\/index.php\/wp-json\/wp\/v2\/product_cat?post=782580"},{"taxonomy":"product_tag","embeddable":true,"href":"https:\/\/roveyayinevi.com.tr\/index.php\/wp-json\/wp\/v2\/product_tag?post=782580"}],"curies":[{"name":"wp","href":"https:\/\/api.w.org\/{rel}","templated":true}]}}