{"id":782578,"date":"2026-02-23T12:15:09","date_gmt":"2026-02-23T09:15:09","guid":{"rendered":"https:\/\/roveyayinevi.com.tr\/index.php\/urun\/antoinein-hayali\/"},"modified":"2026-04-16T03:03:12","modified_gmt":"2026-04-16T00:03:12","slug":"antoinein-hayali","status":"publish","type":"product","link":"https:\/\/roveyayinevi.com.tr\/index.php\/urun\/antoinein-hayali\/","title":{"rendered":"Antoine\u2019in Hayali"},"content":{"rendered":"<p>Antoine\u2019\u0131n en b\u00fcy\u00fck hayali g\u00f6ky\u00fcz\u00fcnde \u00f6zg\u00fcrce u\u00e7abilmekti. Bir g\u00fcn hayali ger\u00e7ek oldu. G\u00f6ky\u00fcz\u00fcnde \u00f6zg\u00fcrce u\u00e7arken, hayalini ger\u00e7ekle\u015ftirmenin verdi\u011fi ya\u015fam sevinciyle Antoine yeni hayaller kurmaya ba\u015flad\u0131. Art\u0131k her \u015feyi ba\u015faraca\u011f\u0131n\u0131 biliyordu ve hayata daha da s\u0131k\u0131 ba\u011flanm\u0131\u015ft\u0131.Antoine\u2019\u0131n Hayali, hi\u00e7bir zaman hayal kurmaktan vazge\u00e7meyen k\u00fc\u00e7\u00fck bir \u00e7ocu\u011fun ger\u00e7ek ya\u015fam \u00f6yk\u00fcs\u00fcn\u00fc anlat\u0131yor.Duygu y\u00fckl\u00fc bu s\u0131cac\u0131k \u00f6yk\u00fc, hem b\u00fcy\u00fcklerin hem de k\u00fc\u00e7\u00fcklerin kalbini \u0131s\u0131tacak.<\/p>\n","protected":false},"excerpt":{"rendered":"<p>Antoine\u2019\u0131n en b\u00fcy\u00fck hayali g\u00f6ky\u00fcz\u00fcnde \u00f6zg\u00fcrce u\u00e7abilmekti. Bir g\u00fcn hayali ger\u00e7ek oldu. G\u00f6ky\u00fcz\u00fcnde \u00f6zg\u00fcrce u\u00e7arken, hayalini ger\u00e7ekle\u015ftirmenin verdi\u011fi ya\u015fam sevinciyle Antoine yeni hayaller kurmaya ba\u015flad\u0131. Art\u0131k<span class=\"excerpt-hellip\"> [\u2026]<\/span><\/p>\n","protected":false},"featured_media":0,"template":"","meta":{"_monsterinsights_skip_tracking":false,"_monsterinsights_sitenote_active":false,"_monsterinsights_sitenote_note":"","_monsterinsights_sitenote_category":0},"product_brand":[],"product_cat":[12274,12284],"product_tag":[],"class_list":{"0":"post-782578","1":"product","2":"type-product","3":"status-publish","5":"product_cat-cocuk-ve-genclik-kitaplari","6":"product_cat-hikayeler","7":"pa_cilt-ciltsiz","8":"pa_tur-kitap","9":"pa_yayinevi-1001-cicek-kitaplar","10":"pa_yazar-katia-canciani","12":"first","13":"instock","14":"sale","15":"shipping-taxable","16":"purchasable","17":"product-type-simple"},"_links":{"self":[{"href":"https:\/\/roveyayinevi.com.tr\/index.php\/wp-json\/wp\/v2\/product\/782578","targetHints":{"allow":["GET"]}}],"collection":[{"href":"https:\/\/roveyayinevi.com.tr\/index.php\/wp-json\/wp\/v2\/product"}],"about":[{"href":"https:\/\/roveyayinevi.com.tr\/index.php\/wp-json\/wp\/v2\/types\/product"}],"wp:attachment":[{"href":"https:\/\/roveyayinevi.com.tr\/index.php\/wp-json\/wp\/v2\/media?parent=782578"}],"wp:term":[{"taxonomy":"product_brand","embeddable":true,"href":"https:\/\/roveyayinevi.com.tr\/index.php\/wp-json\/wp\/v2\/product_brand?post=782578"},{"taxonomy":"product_cat","embeddable":true,"href":"https:\/\/roveyayinevi.com.tr\/index.php\/wp-json\/wp\/v2\/product_cat?post=782578"},{"taxonomy":"product_tag","embeddable":true,"href":"https:\/\/roveyayinevi.com.tr\/index.php\/wp-json\/wp\/v2\/product_tag?post=782578"}],"curies":[{"name":"wp","href":"https:\/\/api.w.org\/{rel}","templated":true}]}}