{"id":782572,"date":"2026-02-23T12:10:13","date_gmt":"2026-02-23T09:10:13","guid":{"rendered":"https:\/\/roveyayinevi.com.tr\/index.php\/urun\/korduman\/"},"modified":"2026-04-16T02:58:28","modified_gmt":"2026-04-15T23:58:28","slug":"korduman","status":"publish","type":"product","link":"https:\/\/roveyayinevi.com.tr\/index.php\/urun\/korduman\/","title":{"rendered":"K\u00f6rduman"},"content":{"rendered":"<p>\u201cBen Malatya\u2019dayken bir hamalla bir bakkal be\u015f kuru\u015f i\u00e7in \u00e7eki\u015fiyorlard\u0131. Bakkal, be\u015f kuru\u015f i\u00e7in laf\u0131 uzatmay\u0131 ay\u0131play\u0131nca hamal, \u2018Ya\u011fma yok!\u2019 demi\u015fti; \u2018Ben omzumun etini yiyerek ya\u015f\u0131yorum!\u2019 Halk\u0131 b\u00f6yle konu\u015fan bir memlekette uzun \u00f6m\u00fcrl\u00fc roman yazmak kolay de\u011fil!\u201d   Kemal Tahir\u2019in T\u00fcrk\u00e7enin imkanlar\u0131na olan co\u015fkusu ve halk\u0131n bu dilin i\u00e7inde var olma bi\u00e7imlerine olan merak\u0131, bug\u00fcn bizlere unutulmaz eserler kazand\u0131rm\u0131\u015f durumda. Bunlardan biri de K\u00f6rduman. Kemal Tahir, Anadolu k\u00f6yl\u00fcs\u00fcn\u00fc ge\u00e7mi\u015f ve gelece\u011fin gittik\u00e7e bulan\u0131kla\u015ft\u0131\u011f\u0131, kendi i\u00e7ine ve yoksullu\u011funa kapand\u0131\u011f\u0131 bir sisin, yani K\u00f6rduman\u2019\u0131n i\u00e7inde resmediyor bu kez. Sa\u011f\u0131rdere\u2019nin devam\u0131 niteli\u011finde olmas\u0131na ra\u011fmen m\u00fcstakil bir roman olarak okuman\u0131n m\u00fcmk\u00fcn oldu\u011fu bu eser; k\u00f6\u015feye s\u0131k\u0131\u015fan, ahlaki ikilemlerinin maddi isteklerle \u00e7eli\u015fti\u011fi yerde kendi dram\u0131n\u0131 ya\u015fayan insan tekinin \u00e7\u00f6z\u00fcmlemesini yap\u0131yor.   Kemal Tahir; dere neden sa\u011f\u0131r, duman nas\u0131l k\u00f6rd\u00fcr, anlamak i\u00e7in bizi insan ve toplumun derinlerine \u00e7a\u011f\u0131r\u0131yor. <\/p>\n","protected":false},"excerpt":{"rendered":"<p>\u201cBen Malatya\u2019dayken bir hamalla bir bakkal be\u015f kuru\u015f i\u00e7in \u00e7eki\u015fiyorlard\u0131. Bakkal, be\u015f kuru\u015f i\u00e7in laf\u0131 uzatmay\u0131 ay\u0131play\u0131nca hamal, \u2018Ya\u011fma yok!\u2019 demi\u015fti; \u2018Ben omzumun etini yiyerek ya\u015f\u0131yorum!\u2019<span class=\"excerpt-hellip\"> [\u2026]<\/span><\/p>\n","protected":false},"featured_media":0,"template":"","meta":{"_monsterinsights_skip_tracking":false,"_monsterinsights_sitenote_active":false,"_monsterinsights_sitenote_note":"","_monsterinsights_sitenote_category":0},"product_brand":[],"product_cat":[12291,12711],"product_tag":[],"class_list":{"0":"post-782572","1":"product","2":"type-product","3":"status-publish","5":"product_cat-edebiyat","6":"product_cat-roman-oyku","7":"pa_cilt-ciltsiz","8":"pa_tur-kitap","9":"pa_yayinevi-ketebe-yayinlari","10":"pa_yazar-kemal-tahir","12":"first","13":"instock","14":"sale","15":"shipping-taxable","16":"purchasable","17":"product-type-simple"},"_links":{"self":[{"href":"https:\/\/roveyayinevi.com.tr\/index.php\/wp-json\/wp\/v2\/product\/782572","targetHints":{"allow":["GET"]}}],"collection":[{"href":"https:\/\/roveyayinevi.com.tr\/index.php\/wp-json\/wp\/v2\/product"}],"about":[{"href":"https:\/\/roveyayinevi.com.tr\/index.php\/wp-json\/wp\/v2\/types\/product"}],"wp:attachment":[{"href":"https:\/\/roveyayinevi.com.tr\/index.php\/wp-json\/wp\/v2\/media?parent=782572"}],"wp:term":[{"taxonomy":"product_brand","embeddable":true,"href":"https:\/\/roveyayinevi.com.tr\/index.php\/wp-json\/wp\/v2\/product_brand?post=782572"},{"taxonomy":"product_cat","embeddable":true,"href":"https:\/\/roveyayinevi.com.tr\/index.php\/wp-json\/wp\/v2\/product_cat?post=782572"},{"taxonomy":"product_tag","embeddable":true,"href":"https:\/\/roveyayinevi.com.tr\/index.php\/wp-json\/wp\/v2\/product_tag?post=782572"}],"curies":[{"name":"wp","href":"https:\/\/api.w.org\/{rel}","templated":true}]}}