{"id":782566,"date":"2026-02-23T12:06:46","date_gmt":"2026-02-23T09:06:46","guid":{"rendered":"https:\/\/roveyayinevi.com.tr\/index.php\/urun\/freddynin-pizza-dukkaninda-bes-gece-fazbearin-korkunc-tipleri-top-havuzunun-derinliklerinde\/"},"modified":"2026-03-18T03:01:51","modified_gmt":"2026-03-18T00:01:51","slug":"freddynin-pizza-dukkaninda-bes-gece-fazbearin-korkunc-tipleri-top-havuzunun-derinliklerinde","status":"publish","type":"product","link":"https:\/\/roveyayinevi.com.tr\/index.php\/urun\/freddynin-pizza-dukkaninda-bes-gece-fazbearin-korkunc-tipleri-top-havuzunun-derinliklerinde\/","title":{"rendered":"Freddy\u2019nin Pizza D\u00fckk\u00e2n\u0131\u2019nda Be\u015f Gece : Fazbear\u2019\u0131n Korkun\u00e7 Tipleri : Top Havuzunun Derinliklerinde"},"content":{"rendered":"<p>Oswald, Sarah ve Millie\u2026 Her birinin bir iste\u011fi var. Peki, ama bu dilekleri ger\u00e7ekle\u015fti\u011finde kar\u015f\u0131l\u0131klar\u0131n\u0131 verecek cesaretleri de var m\u0131? Kasabadaki de\u011firmenin kapanmas\u0131ndan sonra \u00f6l\u00fcler diyar\u0131na d\u00f6n\u00fc\u015fen bu yerde s\u0131k\u0131c\u0131 bir yaz tatili ge\u00e7irece\u011fini d\u00fc\u015f\u00fcnen Oswald, hayat\u0131nda maceral\u0131 bir \u015feyler olmas\u0131n\u0131 diler. Dile\u011fi kabul olur ve hayat\u0131n\u0131n en unutulmaz yaz\u0131n\u0131 ge\u00e7irir. Kasaban\u0131n eski pizza d\u00fckk\u00e2n\u0131nda ba\u015f\u0131na gelen olaylar Oswald\u2019\u0131, y\u00fczle\u015fmesi gereken \u015feylerle kar\u015f\u0131 kar\u015f\u0131ya getirir ve cesaretini s\u0131nar. Peki, Oswald ger\u00e7ekten cesur biri mi?  D\u0131\u015f g\u00f6r\u00fcn\u00fc\u015f\u00fcn\u00fc asla be\u011fenmeyen ve d\u00fcnyadaki tek dile\u011fi, g\u00fczellik olan Sarah\u2019n\u0131n d\u00fcnyas\u0131 bir okul d\u00f6n\u00fc\u015f\u00fcnde aniden de\u011fi\u015fiverir. Bir gen\u00e7 k\u0131z g\u00fczellik u\u011fruna neleri g\u00f6ze alabilir? Ya da Millie\u2026 Zorunlu olarak ailesinden ayr\u0131lan ve pek anla\u015famad\u0131\u011f\u0131n\u0131 d\u00fc\u015f\u00fcnd\u00fc\u011f\u00fc b\u00fcy\u00fckbabas\u0131yla birlikte ya\u015famaya ba\u015flayan Millie\u2019nin akl\u0131, \u00f6l\u00fcm fikriyle \u00e7alkalanmaktad\u0131r. D\u00fcnyadan \u00f6ylece yok olup gitmeyi ger\u00e7ekten dileyip dilemedi\u011finden bile emin olmadan bu iste\u011finin bedelini \u00f6demek zorunda kal\u0131r. Hepsi de Fazbear\u2019\u0131n Korkun\u00e7 Tipleri serisinin yaratt\u0131\u011f\u0131 karanl\u0131k ve tehlike dolu iklimle ve animatroniklerin \u00fcrk\u00fct\u00fcc\u00fc d\u00fcnyalar\u0131yla farkl\u0131 \u015fekillerde de olsa tan\u0131\u015fan \u00fc\u00e7 farkl\u0131 karakter, \u00fc\u00e7 farkl\u0131 hik\u00e2ye\u2026 <\/p>\n","protected":false},"excerpt":{"rendered":"<p>Oswald, Sarah ve Millie\u2026 Her birinin bir iste\u011fi var. Peki, ama bu dilekleri ger\u00e7ekle\u015fti\u011finde kar\u015f\u0131l\u0131klar\u0131n\u0131 verecek cesaretleri de var m\u0131? Kasabadaki de\u011firmenin kapanmas\u0131ndan sonra \u00f6l\u00fcler diyar\u0131na<span class=\"excerpt-hellip\"> [\u2026]<\/span><\/p>\n","protected":false},"featured_media":0,"template":"","meta":{"_monsterinsights_skip_tracking":false,"_monsterinsights_sitenote_active":false,"_monsterinsights_sitenote_note":"","_monsterinsights_sitenote_category":0},"product_brand":[],"product_cat":[12274,12284],"product_tag":[],"class_list":{"0":"post-782566","1":"product","2":"type-product","3":"status-publish","5":"product_cat-cocuk-ve-genclik-kitaplari","6":"product_cat-hikayeler","7":"pa_cilt-ciltsiz","8":"pa_tur-kitap","9":"pa_yayinevi-olimpos-yayinlari","10":"pa_yazar-scott-cawthon-elley-cooper","12":"first","13":"instock","14":"sale","15":"shipping-taxable","16":"purchasable","17":"product-type-simple"},"_links":{"self":[{"href":"https:\/\/roveyayinevi.com.tr\/index.php\/wp-json\/wp\/v2\/product\/782566","targetHints":{"allow":["GET"]}}],"collection":[{"href":"https:\/\/roveyayinevi.com.tr\/index.php\/wp-json\/wp\/v2\/product"}],"about":[{"href":"https:\/\/roveyayinevi.com.tr\/index.php\/wp-json\/wp\/v2\/types\/product"}],"wp:attachment":[{"href":"https:\/\/roveyayinevi.com.tr\/index.php\/wp-json\/wp\/v2\/media?parent=782566"}],"wp:term":[{"taxonomy":"product_brand","embeddable":true,"href":"https:\/\/roveyayinevi.com.tr\/index.php\/wp-json\/wp\/v2\/product_brand?post=782566"},{"taxonomy":"product_cat","embeddable":true,"href":"https:\/\/roveyayinevi.com.tr\/index.php\/wp-json\/wp\/v2\/product_cat?post=782566"},{"taxonomy":"product_tag","embeddable":true,"href":"https:\/\/roveyayinevi.com.tr\/index.php\/wp-json\/wp\/v2\/product_tag?post=782566"}],"curies":[{"name":"wp","href":"https:\/\/api.w.org\/{rel}","templated":true}]}}