{"id":782563,"date":"2026-02-23T12:04:57","date_gmt":"2026-02-23T09:04:57","guid":{"rendered":"https:\/\/roveyayinevi.com.tr\/index.php\/urun\/islamin-yasam-dunyalari\/"},"modified":"2026-04-16T02:52:46","modified_gmt":"2026-04-15T23:52:46","slug":"islamin-yasam-dunyalari","status":"publish","type":"product","link":"https:\/\/roveyayinevi.com.tr\/index.php\/urun\/islamin-yasam-dunyalari\/","title":{"rendered":"\u0130slam\u2019\u0131n Ya\u015fam D\u00fcnyalar\u0131"},"content":{"rendered":"<p>Mohammed A. Bamyeh, elinizdeki kitapta \u0130slam sosyolojisini toplumsal, kamusal ve k\u00fcresel perspektiflerden ele almaktad\u0131r. \u0130slam\u2019\u0131n \u015fekillendirdi\u011fi toplumsal ve ferd\u00ee ya\u015fam d\u00fcnyalar\u0131n\u0131 din\u00ee rit\u00fcellerin \u00f6tesinde inan\u00e7lara, d\u00fc\u015f\u00fcncelere ve tercihlere dayand\u0131ran Bamyeh, \u0130slam\u2019\u0131 tarihsel ve toplumsal bir ger\u00e7eklik ba\u011flam\u0131nda de\u011ferlendirmektedir. Bu dinin \u00e7e\u015fitli fikir hareketlerine ilham kayna\u011f\u0131 oldu\u011funu vurgulayarak \u0130slami d\u00fc\u015f\u00fcncelerin g\u00fcn\u00fcm\u00fcz d\u00fcnyas\u0131nda birer referans noktas\u0131 olmaya devam etmesinin nedenlerini de sorgulamaktad\u0131r.  \u0130slam\u2019\u0131n Ya\u015fam D\u00fcnyalar\u0131, M\u00fcsl\u00fcmanlar\u0131n g\u00fcnl\u00fck ibadetlerinden ziyade ya\u015famlar\u0131na y\u00f6n veren toplumsal hareketlere, fikirlere, d\u00fc\u015f\u00fcn\u00fcrlere ve kurumlara y\u00f6nelmektedir. \u00dc\u00e7 ana ba\u015fl\u0131ktan olu\u015fan bu kitapta s\u0131ras\u0131yla \u0130slam\u2019\u0131n toplumsal hareketlerdeki rol\u00fc, kamu felsefesi a\u00e7\u0131s\u0131ndan konusu, k\u00fcresel d\u00fczendeki etkisi i\u015flenmektedir.     <\/p>\n","protected":false},"excerpt":{"rendered":"<p>Mohammed A. Bamyeh, elinizdeki kitapta \u0130slam sosyolojisini toplumsal, kamusal ve k\u00fcresel perspektiflerden ele almaktad\u0131r. \u0130slam\u2019\u0131n \u015fekillendirdi\u011fi toplumsal ve ferd\u00ee ya\u015fam d\u00fcnyalar\u0131n\u0131 din\u00ee rit\u00fcellerin \u00f6tesinde inan\u00e7lara, d\u00fc\u015f\u00fcncelere<span class=\"excerpt-hellip\"> [\u2026]<\/span><\/p>\n","protected":false},"featured_media":0,"template":"","meta":{"_monsterinsights_skip_tracking":false,"_monsterinsights_sitenote_active":false,"_monsterinsights_sitenote_note":"","_monsterinsights_sitenote_category":0},"product_brand":[],"product_cat":[12835,12324],"product_tag":[],"class_list":{"0":"post-782563","1":"product","2":"type-product","3":"status-publish","5":"product_cat-genel-sosyoloji","6":"product_cat-sosyoloji","7":"pa_cilt-ciltsiz","8":"pa_tur-kitap","9":"pa_yayinevi-albaraka-yayinlari","10":"pa_yazar-mohammed-a-bamyeh","12":"first","13":"instock","14":"sale","15":"shipping-taxable","16":"purchasable","17":"product-type-simple"},"_links":{"self":[{"href":"https:\/\/roveyayinevi.com.tr\/index.php\/wp-json\/wp\/v2\/product\/782563","targetHints":{"allow":["GET"]}}],"collection":[{"href":"https:\/\/roveyayinevi.com.tr\/index.php\/wp-json\/wp\/v2\/product"}],"about":[{"href":"https:\/\/roveyayinevi.com.tr\/index.php\/wp-json\/wp\/v2\/types\/product"}],"wp:attachment":[{"href":"https:\/\/roveyayinevi.com.tr\/index.php\/wp-json\/wp\/v2\/media?parent=782563"}],"wp:term":[{"taxonomy":"product_brand","embeddable":true,"href":"https:\/\/roveyayinevi.com.tr\/index.php\/wp-json\/wp\/v2\/product_brand?post=782563"},{"taxonomy":"product_cat","embeddable":true,"href":"https:\/\/roveyayinevi.com.tr\/index.php\/wp-json\/wp\/v2\/product_cat?post=782563"},{"taxonomy":"product_tag","embeddable":true,"href":"https:\/\/roveyayinevi.com.tr\/index.php\/wp-json\/wp\/v2\/product_tag?post=782563"}],"curies":[{"name":"wp","href":"https:\/\/api.w.org\/{rel}","templated":true}]}}