{"id":782562,"date":"2026-02-23T12:04:53","date_gmt":"2026-02-23T09:04:53","guid":{"rendered":"https:\/\/roveyayinevi.com.tr\/index.php\/urun\/onur-dokunulmazdir\/"},"modified":"2026-04-16T02:52:46","modified_gmt":"2026-04-15T23:52:46","slug":"onur-dokunulmazdir","status":"publish","type":"product","link":"https:\/\/roveyayinevi.com.tr\/index.php\/urun\/onur-dokunulmazdir\/","title":{"rendered":"Onur  Dokunulmazd\u0131r"},"content":{"rendered":"<p>Anayasam\u0131z \u015fu c\u00fcmleyle ba\u015flar: \u201c\u0130nsan onuru dokunulmazd\u0131r.\u201d Bu elbette yanl\u0131\u015ft\u0131r, \u00e7\u00fcnk\u00fc onura s\u00fcrekli dokunulmaktad\u0131r. Onur Dokunulmazd\u0131r, Ferdinand von Schirach\u2019\u0131n 2010 &#8211; 2013 y\u0131llar\u0131 aras\u0131nda Der Spiegel&#8217;de yay\u0131mlanan denemelerinden olu\u015fan bir derleme. Schirach denemelerde, iyiyi ve k\u00f6t\u00fcy\u00fc, toplumun ahlaki ve etik sorunlar\u0131 hakk\u0131ndaki fikirlerini, ter\u00f6rizmin demokrasiye getirdi\u011fi zorluklar\u0131, \u00fcnl\u00fclerin g\u00f6steri haline gelen duru\u015fmalar\u0131, \u00f6nleyici g\u00f6zalt\u0131 veya \u00e7ocuk katillerine y\u00f6nelik i\u015fkence tehdidi gibi konular\u0131 ele al\u0131yor. Ayr\u0131ca iPad\u2019le okuman\u0131n nas\u0131l oldu\u011fu, yazma zorunlulu\u011funun bir yazar i\u00e7in ger\u00e7ekten ne anlama geldi\u011fi gibi ki\u015fisel sorunlara da de\u011finiyor. Schirach, dedesi Baldur von Schirach hakk\u0131ndaki sorulara da bu kitapta cevap veriyor: Nazi torunu, gen\u00e7 ceza avukat\u0131na sorar: \u201cBen de t\u00fcm bunlar gibi miyim?\u201d O da cevap verir: \u201cKimsen, osun.\u201d Bu, b\u00fcy\u00fckbabamla ilgili sorulara verebilece\u011fim tek cevap. Bu cevab\u0131 bulmam epey zaman\u0131m\u0131 ald\u0131. <\/p>\n","protected":false},"excerpt":{"rendered":"<p>Anayasam\u0131z \u015fu c\u00fcmleyle ba\u015flar: \u201c\u0130nsan onuru dokunulmazd\u0131r.\u201d Bu elbette yanl\u0131\u015ft\u0131r, \u00e7\u00fcnk\u00fc onura s\u00fcrekli dokunulmaktad\u0131r. Onur Dokunulmazd\u0131r, Ferdinand von Schirach\u2019\u0131n 2010 &#8211; 2013 y\u0131llar\u0131 aras\u0131nda Der Spiegel&#8217;de<span class=\"excerpt-hellip\"> [\u2026]<\/span><\/p>\n","protected":false},"featured_media":0,"template":"","meta":{"_monsterinsights_skip_tracking":false,"_monsterinsights_sitenote_active":false,"_monsterinsights_sitenote_note":"","_monsterinsights_sitenote_category":0},"product_brand":[],"product_cat":[13072,12291],"product_tag":[],"class_list":{"0":"post-782562","1":"product","2":"type-product","3":"status-publish","5":"product_cat-arastirma-inceleme-referans","6":"product_cat-edebiyat","7":"pa_cilt-ciltsiz","8":"pa_tur-kitap","9":"pa_yayinevi-alfa-yayinlari","10":"pa_yazar-ferdinand-von-schirach","12":"first","13":"instock","14":"sale","15":"shipping-taxable","16":"purchasable","17":"product-type-simple"},"_links":{"self":[{"href":"https:\/\/roveyayinevi.com.tr\/index.php\/wp-json\/wp\/v2\/product\/782562","targetHints":{"allow":["GET"]}}],"collection":[{"href":"https:\/\/roveyayinevi.com.tr\/index.php\/wp-json\/wp\/v2\/product"}],"about":[{"href":"https:\/\/roveyayinevi.com.tr\/index.php\/wp-json\/wp\/v2\/types\/product"}],"wp:attachment":[{"href":"https:\/\/roveyayinevi.com.tr\/index.php\/wp-json\/wp\/v2\/media?parent=782562"}],"wp:term":[{"taxonomy":"product_brand","embeddable":true,"href":"https:\/\/roveyayinevi.com.tr\/index.php\/wp-json\/wp\/v2\/product_brand?post=782562"},{"taxonomy":"product_cat","embeddable":true,"href":"https:\/\/roveyayinevi.com.tr\/index.php\/wp-json\/wp\/v2\/product_cat?post=782562"},{"taxonomy":"product_tag","embeddable":true,"href":"https:\/\/roveyayinevi.com.tr\/index.php\/wp-json\/wp\/v2\/product_tag?post=782562"}],"curies":[{"name":"wp","href":"https:\/\/api.w.org\/{rel}","templated":true}]}}