{"id":782559,"date":"2026-02-23T12:04:17","date_gmt":"2026-02-23T09:04:17","guid":{"rendered":"https:\/\/roveyayinevi.com.tr\/index.php\/urun\/gorevimiz-malazgirt\/"},"modified":"2026-04-16T02:52:36","modified_gmt":"2026-04-15T23:52:36","slug":"gorevimiz-malazgirt","status":"publish","type":"product","link":"https:\/\/roveyayinevi.com.tr\/index.php\/urun\/gorevimiz-malazgirt\/","title":{"rendered":"G\u00f6revimiz Malazgirt"},"content":{"rendered":"<p>Bahar\u0131n bitmesiyle art\u0131k insanlar\u0131n da s\u0131rtlar\u0131 \u0131s\u0131nmaya ba\u015flam\u0131\u015f, kazman\u0131n ve k\u00fcre\u011fin yak\u0131l\u0131p bitti\u011fi zamanlar geride kalm\u0131\u015ft\u0131. Okullar\u0131n tatil olmas\u0131yla da art\u0131k \u201cYaz Olimpiyatlar\u0131\u201d ba\u015flam\u0131\u015ft\u0131 \u00e7ocuklar i\u00e7in. Gen\u00e7lerde ise durum farkl\u0131 i\u015flemekteydi. Onlar i\u00e7in tarlada, ba\u011fda ve bah\u00e7ede vakit ge\u00e7irecekleri zaman\u0131n gelmesinin eli kula\u011f\u0131ndayd\u0131. <\/p>\n","protected":false},"excerpt":{"rendered":"<p>Bahar\u0131n bitmesiyle art\u0131k insanlar\u0131n da s\u0131rtlar\u0131 \u0131s\u0131nmaya ba\u015flam\u0131\u015f, kazman\u0131n ve k\u00fcre\u011fin yak\u0131l\u0131p bitti\u011fi zamanlar geride kalm\u0131\u015ft\u0131. Okullar\u0131n tatil olmas\u0131yla da art\u0131k \u201cYaz Olimpiyatlar\u0131\u201d ba\u015flam\u0131\u015ft\u0131 \u00e7ocuklar i\u00e7in.<span class=\"excerpt-hellip\"> [\u2026]<\/span><\/p>\n","protected":false},"featured_media":0,"template":"","meta":{"_monsterinsights_skip_tracking":false,"_monsterinsights_sitenote_active":false,"_monsterinsights_sitenote_note":"","_monsterinsights_sitenote_category":0},"product_brand":[],"product_cat":[12274,12284],"product_tag":[],"class_list":{"0":"post-782559","1":"product","2":"type-product","3":"status-publish","5":"product_cat-cocuk-ve-genclik-kitaplari","6":"product_cat-hikayeler","7":"pa_cilt-ciltsiz","8":"pa_tur-kitap","9":"pa_yayinevi-minel-yayin","10":"pa_yazar-metin-mete","12":"first","13":"instock","14":"sale","15":"shipping-taxable","16":"purchasable","17":"product-type-simple"},"_links":{"self":[{"href":"https:\/\/roveyayinevi.com.tr\/index.php\/wp-json\/wp\/v2\/product\/782559","targetHints":{"allow":["GET"]}}],"collection":[{"href":"https:\/\/roveyayinevi.com.tr\/index.php\/wp-json\/wp\/v2\/product"}],"about":[{"href":"https:\/\/roveyayinevi.com.tr\/index.php\/wp-json\/wp\/v2\/types\/product"}],"wp:attachment":[{"href":"https:\/\/roveyayinevi.com.tr\/index.php\/wp-json\/wp\/v2\/media?parent=782559"}],"wp:term":[{"taxonomy":"product_brand","embeddable":true,"href":"https:\/\/roveyayinevi.com.tr\/index.php\/wp-json\/wp\/v2\/product_brand?post=782559"},{"taxonomy":"product_cat","embeddable":true,"href":"https:\/\/roveyayinevi.com.tr\/index.php\/wp-json\/wp\/v2\/product_cat?post=782559"},{"taxonomy":"product_tag","embeddable":true,"href":"https:\/\/roveyayinevi.com.tr\/index.php\/wp-json\/wp\/v2\/product_tag?post=782559"}],"curies":[{"name":"wp","href":"https:\/\/api.w.org\/{rel}","templated":true}]}}