{"id":782558,"date":"2026-02-23T12:04:12","date_gmt":"2026-02-23T09:04:12","guid":{"rendered":"https:\/\/roveyayinevi.com.tr\/index.php\/urun\/egitici-oyunlar-sagligimiz\/"},"modified":"2026-04-16T02:52:34","modified_gmt":"2026-04-15T23:52:34","slug":"egitici-oyunlar-sagligimiz","status":"publish","type":"product","link":"https:\/\/roveyayinevi.com.tr\/index.php\/urun\/egitici-oyunlar-sagligimiz\/","title":{"rendered":"E\u011fitici Oyunlar &#8211; Sa\u011fl\u0131\u011f\u0131m\u0131z"},"content":{"rendered":"<p>Etkinlik kitab\u0131, pedagog onayl\u0131 ve \u201cE\u011fitici Oyunlar Serisi\u201dndendir. E\u011fitici Oyunlar \u2013 Sa\u011fl\u0131\u011f\u0131m\u0131z; okul \u00f6ncesi \u00e7ocuklar\u0131m\u0131z\u0131n sosyal, duygusal ve bili\u015fsel geli\u015fimlerini desteklemek, ayn\u0131 zamanda onlara dil ve akademik beceriler kazand\u0131rmak amac\u0131yla MEB Okul \u00d6ncesi E\u011fitim Program\u0131 kazan\u0131mlar\u0131na uygun \u015fekilde Pedagog Ay\u015fen Oy dan\u0131\u015fmanl\u0131\u011f\u0131nda haz\u0131rlanm\u0131\u015ft\u0131r. \u00c7ocuklarda sa\u011fl\u0131kl\u0131 ya\u015fam bilinci olu\u015fturmaya y\u00f6nelik e\u011flenceli aktivitelerin yer ald\u0131\u011f\u0131 E\u011fitici Oyunlar \u2013 Sa\u011fl\u0131\u011f\u0131m\u0131z kitab\u0131 ile \u00e7ocu\u011funuzun kazanaca\u011f\u0131 yetiler: \u2022          G\u00f6rsel alg\u0131 \u2022          \u0130\u015fitsel alg\u0131 \u2022          El-g\u00f6z koordinasyonu \u2022          Benzerlikleri bulma \u2022          Farkl\u0131l\u0131klar\u0131 bulma \u2022          Z\u0131t kavramlar \u2022          Par\u00e7a-b\u00fct\u00fcn ili\u015fkisi \u2022          Gruplama \u2022          S\u0131ralama \u2022          \u0130nce el kaslar\u0131n\u0131 geli\u015ftirme \u2022          Yorumlama yetisi \u2022          E\u015fle\u015ftirme becerisi \u2022          Matematiksel yeti \u2022          S\u00f6zel yeti \u2022          Uzaysal ve mek\u00e2nsal yeti <\/p>\n","protected":false},"excerpt":{"rendered":"<p>Etkinlik kitab\u0131, pedagog onayl\u0131 ve \u201cE\u011fitici Oyunlar Serisi\u201dndendir. E\u011fitici Oyunlar \u2013 Sa\u011fl\u0131\u011f\u0131m\u0131z; okul \u00f6ncesi \u00e7ocuklar\u0131m\u0131z\u0131n sosyal, duygusal ve bili\u015fsel geli\u015fimlerini desteklemek, ayn\u0131 zamanda onlara dil ve<span class=\"excerpt-hellip\"> [\u2026]<\/span><\/p>\n","protected":false},"featured_media":0,"template":"","meta":{"_monsterinsights_skip_tracking":false,"_monsterinsights_sitenote_active":false,"_monsterinsights_sitenote_note":"","_monsterinsights_sitenote_category":0},"product_brand":[],"product_cat":[12274,15842],"product_tag":[],"class_list":{"0":"post-782558","1":"product","2":"type-product","3":"status-publish","5":"product_cat-cocuk-ve-genclik-kitaplari","6":"product_cat-egitici-kitaplar","7":"pa_cilt-ciltsiz","8":"pa_tur-kitap","9":"pa_yayinevi-floki-yayinlari","10":"pa_yazar-aysen-oy","12":"first","13":"instock","14":"sale","15":"shipping-taxable","16":"purchasable","17":"product-type-simple"},"_links":{"self":[{"href":"https:\/\/roveyayinevi.com.tr\/index.php\/wp-json\/wp\/v2\/product\/782558","targetHints":{"allow":["GET"]}}],"collection":[{"href":"https:\/\/roveyayinevi.com.tr\/index.php\/wp-json\/wp\/v2\/product"}],"about":[{"href":"https:\/\/roveyayinevi.com.tr\/index.php\/wp-json\/wp\/v2\/types\/product"}],"wp:attachment":[{"href":"https:\/\/roveyayinevi.com.tr\/index.php\/wp-json\/wp\/v2\/media?parent=782558"}],"wp:term":[{"taxonomy":"product_brand","embeddable":true,"href":"https:\/\/roveyayinevi.com.tr\/index.php\/wp-json\/wp\/v2\/product_brand?post=782558"},{"taxonomy":"product_cat","embeddable":true,"href":"https:\/\/roveyayinevi.com.tr\/index.php\/wp-json\/wp\/v2\/product_cat?post=782558"},{"taxonomy":"product_tag","embeddable":true,"href":"https:\/\/roveyayinevi.com.tr\/index.php\/wp-json\/wp\/v2\/product_tag?post=782558"}],"curies":[{"name":"wp","href":"https:\/\/api.w.org\/{rel}","templated":true}]}}