{"id":782557,"date":"2026-02-23T12:03:29","date_gmt":"2026-02-23T09:03:29","guid":{"rendered":"https:\/\/roveyayinevi.com.tr\/index.php\/urun\/benim-renkli-yumagim-minikler-serisi-renkler\/"},"modified":"2026-04-16T02:51:30","modified_gmt":"2026-04-15T23:51:30","slug":"benim-renkli-yumagim-minikler-serisi-renkler","status":"publish","type":"product","link":"https:\/\/roveyayinevi.com.tr\/index.php\/urun\/benim-renkli-yumagim-minikler-serisi-renkler\/","title":{"rendered":"Benim Renkli Yuma\u011f\u0131m &#8211; Minikler Serisi Renkler"},"content":{"rendered":"<p>Bu kitap, \u00e7ocuklar\u0131n okul \u00f6ncesi d\u00f6nemde renkleri \u00f6\u011frenirken e\u011flenceli zaman ge\u00e7irmelerini ve \u00e7e\u015fitli etkinliklerle yeni ke\u015fifler yapmalar\u0131n\u0131 sa\u011flayacak.<\/p>\n","protected":false},"excerpt":{"rendered":"<p>Bu kitap, \u00e7ocuklar\u0131n okul \u00f6ncesi d\u00f6nemde renkleri \u00f6\u011frenirken e\u011flenceli zaman ge\u00e7irmelerini ve \u00e7e\u015fitli etkinliklerle yeni ke\u015fifler yapmalar\u0131n\u0131 sa\u011flayacak.<\/p>\n","protected":false},"featured_media":0,"template":"","meta":{"_monsterinsights_skip_tracking":false,"_monsterinsights_sitenote_active":false,"_monsterinsights_sitenote_note":"","_monsterinsights_sitenote_category":0},"product_brand":[],"product_cat":[12913,12274],"product_tag":[],"class_list":{"0":"post-782557","1":"product","2":"type-product","3":"status-publish","5":"product_cat-3-6-yas-kitaplari","6":"product_cat-cocuk-ve-genclik-kitaplari","7":"pa_cilt-ciltsiz","8":"pa_tur-kitap","9":"pa_yayinevi-tubitak-yayinlari","10":"pa_yazar-yasemin-sahin","12":"first","13":"instock","14":"sale","15":"shipping-taxable","16":"purchasable","17":"product-type-simple"},"_links":{"self":[{"href":"https:\/\/roveyayinevi.com.tr\/index.php\/wp-json\/wp\/v2\/product\/782557","targetHints":{"allow":["GET"]}}],"collection":[{"href":"https:\/\/roveyayinevi.com.tr\/index.php\/wp-json\/wp\/v2\/product"}],"about":[{"href":"https:\/\/roveyayinevi.com.tr\/index.php\/wp-json\/wp\/v2\/types\/product"}],"wp:attachment":[{"href":"https:\/\/roveyayinevi.com.tr\/index.php\/wp-json\/wp\/v2\/media?parent=782557"}],"wp:term":[{"taxonomy":"product_brand","embeddable":true,"href":"https:\/\/roveyayinevi.com.tr\/index.php\/wp-json\/wp\/v2\/product_brand?post=782557"},{"taxonomy":"product_cat","embeddable":true,"href":"https:\/\/roveyayinevi.com.tr\/index.php\/wp-json\/wp\/v2\/product_cat?post=782557"},{"taxonomy":"product_tag","embeddable":true,"href":"https:\/\/roveyayinevi.com.tr\/index.php\/wp-json\/wp\/v2\/product_tag?post=782557"}],"curies":[{"name":"wp","href":"https:\/\/api.w.org\/{rel}","templated":true}]}}