{"id":782554,"date":"2026-02-23T12:03:18","date_gmt":"2026-02-23T09:03:18","guid":{"rendered":"https:\/\/roveyayinevi.com.tr\/index.php\/urun\/antik-cag-evleri-kucuk-mimarlar\/"},"modified":"2026-04-16T02:51:30","modified_gmt":"2026-04-15T23:51:30","slug":"antik-cag-evleri-kucuk-mimarlar","status":"publish","type":"product","link":"https:\/\/roveyayinevi.com.tr\/index.php\/urun\/antik-cag-evleri-kucuk-mimarlar\/","title":{"rendered":"Antik \u00c7a\u011f Evleri &#8211; K\u00fc\u00e7\u00fck Mimarlar"},"content":{"rendered":"<p>Antik \u015fehirleri ortaya \u00e7\u0131karmak ve eski yap\u0131lar\u0131n nas\u0131l in\u015fa edildi\u011fini \u00f6\u011frenmek isteyen mimar, tasar\u0131mc\u0131 ve m\u00fchendis adaylar\u0131 i\u00e7in? Kitaptaki mimarl\u0131k terimleri, kat planlar\u0131n\u0131n yer ald\u0131\u011f\u0131 projeler ve d\u00fcnyan\u0131n d\u00f6rt bir yan\u0131ndan gelen foto\u011fraflar olduk\u00e7a ilham verici ve e\u011flenceli. Bu kitapta a\u015fa\u011f\u0131daki konularla ilgili anlat\u0131mlar yer al\u0131yor: \u015fehir planlamas\u0131, el aletleri, yerle\u015fim yerleri, arkeoloji, kaleler, su m\u00fchendisli\u011fi ve \u00e7ok daha fazlas\u0131?<\/p>\n","protected":false},"excerpt":{"rendered":"<p>Antik \u015fehirleri ortaya \u00e7\u0131karmak ve eski yap\u0131lar\u0131n nas\u0131l in\u015fa edildi\u011fini \u00f6\u011frenmek isteyen mimar, tasar\u0131mc\u0131 ve m\u00fchendis adaylar\u0131 i\u00e7in? Kitaptaki mimarl\u0131k terimleri, kat planlar\u0131n\u0131n yer ald\u0131\u011f\u0131 projeler<span class=\"excerpt-hellip\"> [\u2026]<\/span><\/p>\n","protected":false},"featured_media":0,"template":"","meta":{"_monsterinsights_skip_tracking":false,"_monsterinsights_sitenote_active":false,"_monsterinsights_sitenote_note":"","_monsterinsights_sitenote_category":0},"product_brand":[],"product_cat":[12275,12274],"product_tag":[],"class_list":{"0":"post-782554","1":"product","2":"type-product","3":"status-publish","5":"product_cat-6-12-yas-kitaplari","6":"product_cat-cocuk-ve-genclik-kitaplari","7":"pa_cilt-ciltsiz","8":"pa_tur-kitap","9":"pa_yayinevi-tubitak-yayinlari","10":"pa_yazar-saranne-taylor","12":"first","13":"instock","14":"sale","15":"shipping-taxable","16":"purchasable","17":"product-type-simple"},"_links":{"self":[{"href":"https:\/\/roveyayinevi.com.tr\/index.php\/wp-json\/wp\/v2\/product\/782554","targetHints":{"allow":["GET"]}}],"collection":[{"href":"https:\/\/roveyayinevi.com.tr\/index.php\/wp-json\/wp\/v2\/product"}],"about":[{"href":"https:\/\/roveyayinevi.com.tr\/index.php\/wp-json\/wp\/v2\/types\/product"}],"wp:attachment":[{"href":"https:\/\/roveyayinevi.com.tr\/index.php\/wp-json\/wp\/v2\/media?parent=782554"}],"wp:term":[{"taxonomy":"product_brand","embeddable":true,"href":"https:\/\/roveyayinevi.com.tr\/index.php\/wp-json\/wp\/v2\/product_brand?post=782554"},{"taxonomy":"product_cat","embeddable":true,"href":"https:\/\/roveyayinevi.com.tr\/index.php\/wp-json\/wp\/v2\/product_cat?post=782554"},{"taxonomy":"product_tag","embeddable":true,"href":"https:\/\/roveyayinevi.com.tr\/index.php\/wp-json\/wp\/v2\/product_tag?post=782554"}],"curies":[{"name":"wp","href":"https:\/\/api.w.org\/{rel}","templated":true}]}}