{"id":782553,"date":"2026-02-23T12:03:10","date_gmt":"2026-02-23T09:03:10","guid":{"rendered":"https:\/\/roveyayinevi.com.tr\/index.php\/urun\/ayse-kulin-dogdum-kizdim-everest-acikhava-19\/"},"modified":"2026-02-25T13:46:48","modified_gmt":"2026-02-25T10:46:48","slug":"ayse-kulin-dogdum-kizdim-everest-acikhava-19","status":"publish","type":"product","link":"https:\/\/roveyayinevi.com.tr\/index.php\/urun\/ayse-kulin-dogdum-kizdim-everest-acikhava-19\/","title":{"rendered":"Ay\u015fe Kulin: Do\u011fdum, K\u0131zd\u0131m &#8211; Everest A\u00e7\u0131khava 19"},"content":{"rendered":"<p>Ad\u0131: Aylin, Sevdalinka, K\u00f6pr\u00fc, Nefes Nefese gibi romanlar\u0131yla milyonlarca okur taraf\u0131ndan \u00e7ok sevilen Ay\u015fe Kulin \u00f6yk\u00fcleriyle a\u00e7\u0131khava\u2019da! Kulin, kad\u0131na \u015fiddete, yoksullu\u011fa, s\u0131n\u0131f farklar\u0131na, kapal\u0131 topluma edebiyat\u0131n olanaklar\u0131yla bakmaya \u00e7a\u011f\u0131r\u0131yor. Ay\u015fe Kulin\u2019in iyi bilinen yal\u0131n, sinematografik tarz\u0131yla dokunmu\u015f bu metinler, bir yazar\u0131n kendi \u00fclkesine sorumlu bak\u0131\u015f\u0131n\u0131n \u00fcr\u00fcnleri.<\/p>\n","protected":false},"excerpt":{"rendered":"<p>Ad\u0131: Aylin, Sevdalinka, K\u00f6pr\u00fc, Nefes Nefese gibi romanlar\u0131yla milyonlarca okur taraf\u0131ndan \u00e7ok sevilen Ay\u015fe Kulin \u00f6yk\u00fcleriyle a\u00e7\u0131khava\u2019da! Kulin, kad\u0131na \u015fiddete, yoksullu\u011fa, s\u0131n\u0131f farklar\u0131na, kapal\u0131 topluma edebiyat\u0131n<span class=\"excerpt-hellip\"> [\u2026]<\/span><\/p>\n","protected":false},"featured_media":0,"template":"","meta":{"_monsterinsights_skip_tracking":false,"_monsterinsights_sitenote_active":false,"_monsterinsights_sitenote_note":"","_monsterinsights_sitenote_category":0},"product_brand":[],"product_cat":[12291,12711],"product_tag":[],"class_list":{"0":"post-782553","1":"product","2":"type-product","3":"status-publish","5":"product_cat-edebiyat","6":"product_cat-roman-oyku","7":"pa_cilt-ciltsiz","8":"pa_tur-kitap","9":"pa_yayinevi-everest-yayinlari","10":"pa_yazar-kolektif","12":"first","13":"instock","14":"sale","15":"shipping-taxable","16":"purchasable","17":"product-type-simple"},"_links":{"self":[{"href":"https:\/\/roveyayinevi.com.tr\/index.php\/wp-json\/wp\/v2\/product\/782553","targetHints":{"allow":["GET"]}}],"collection":[{"href":"https:\/\/roveyayinevi.com.tr\/index.php\/wp-json\/wp\/v2\/product"}],"about":[{"href":"https:\/\/roveyayinevi.com.tr\/index.php\/wp-json\/wp\/v2\/types\/product"}],"wp:attachment":[{"href":"https:\/\/roveyayinevi.com.tr\/index.php\/wp-json\/wp\/v2\/media?parent=782553"}],"wp:term":[{"taxonomy":"product_brand","embeddable":true,"href":"https:\/\/roveyayinevi.com.tr\/index.php\/wp-json\/wp\/v2\/product_brand?post=782553"},{"taxonomy":"product_cat","embeddable":true,"href":"https:\/\/roveyayinevi.com.tr\/index.php\/wp-json\/wp\/v2\/product_cat?post=782553"},{"taxonomy":"product_tag","embeddable":true,"href":"https:\/\/roveyayinevi.com.tr\/index.php\/wp-json\/wp\/v2\/product_tag?post=782553"}],"curies":[{"name":"wp","href":"https:\/\/api.w.org\/{rel}","templated":true}]}}