{"id":782552,"date":"2026-02-23T11:59:18","date_gmt":"2026-02-23T08:59:18","guid":{"rendered":"https:\/\/roveyayinevi.com.tr\/index.php\/urun\/masumiyet-istasyonu\/"},"modified":"2026-03-16T12:31:00","modified_gmt":"2026-03-16T09:31:00","slug":"masumiyet-istasyonu","status":"publish","type":"product","link":"https:\/\/roveyayinevi.com.tr\/index.php\/urun\/masumiyet-istasyonu\/","title":{"rendered":"Masumiyet \u0130stasyonu"},"content":{"rendered":"<p>Kavruk \u00e7ocuklard\u0131k hepimiz. T\u00fcrk\u00e7eyi \u015fiveli konu\u015furduk.Oyunca\u011f\u0131m\u0131z\u0131 topraktan, a\u011fa\u00e7tan, ta\u015ftan yapar; oyunumuzu toprakta, ta\u015fta, buzda oynard\u0131k.\u201cKuyunun dibindeki kurba\u011fa i\u00e7in g\u00f6ky\u00fcz\u00fc, kuyunun a\u011fz\u0131 kadard\u0131r\u201d demi\u015f ya ozan, bizim hayallerimiz de ya\u015fad\u0131\u011f\u0131m\u0131z yer kadard\u0131. D\u00fcnyay\u0131kendi k\u00f6y\u00fcm\u00fcz, kendi \u015fehrimiz kadar bilirdik.Biraz b\u00fcy\u00fcd\u00fck, \u00fczerimizden ge\u00e7en g\u00fcr\u00fclt\u00fcl\u00fc u\u00e7aklar\u0131 fark ettik.Biraz daha b\u00fcy\u00fcd\u00fck, devasa tanklarla tan\u0131\u015ft\u0131k.TRT radyosundan arkas\u0131 yar\u0131nlar\u0131, k\u0131sa dalgadan uzaktaki t\u00fcrk\u00fcleri dinledik.Okumay\u0131 \u00f6\u011frendik, okulla tan\u0131\u015ft\u0131k; ba\u015fka k\u00f6yler, ba\u015fka \u015fehirler oldu\u011funu, o \u015fehirlerde bize benzeyen ba\u015fka \u00e7ocuklar\u0131n ya\u015fad\u0131\u011f\u0131n\u0131 anlad\u0131k. Elimizdeki birka\u00e7 yumurtay\u0131, bir file patatesi, nefes nefese kalarak ko\u015fup yakalad\u0131\u011f\u0131m\u0131z seyyar kitap\u00e7\u0131yla takas ettik.G\u00fcn\u00fcn birinde takasla ald\u0131\u011f\u0131m\u0131z plastik bir oyuncak araban\u0131n biz uyurken ger\u00e7e\u011fe d\u00f6n\u00fc\u015febilece\u011fini d\u00fc\u015f\u00fcnebilecek kadar s\u0131n\u0131r tan\u0131maz hale geldi hayallerimiz.Her yeni kitap, g\u00f6rmedi\u011fimiz, duymad\u0131\u011f\u0131m\u0131z yeni yerlerin, yeni insanlar\u0131n varl\u0131\u011f\u0131n\u0131 g\u00f6sterdi.\u00d6\u011frendi\u011fimiz her yeni yer, her yeni bilgi hayallerimizi biraz daha b\u00fcy\u00fctt\u00fc. B\u00fcy\u00fck kentlere gitmek; doktor, m\u00fchendis, bilim insan\u0131 olmak istedik.Do\u011fu Ekspresi o hayaller i\u00e7in \u00e7\u0131k\u0131lan uzun yolculu\u011fun ad\u0131yd\u0131 bizim i\u00e7in.\u00c7\u00fcnk\u00fc biz Do\u011fu Ekspresi \u00e7ocuklar\u0131y\u0131z.<\/p>\n","protected":false},"excerpt":{"rendered":"<p>Kavruk \u00e7ocuklard\u0131k hepimiz. T\u00fcrk\u00e7eyi \u015fiveli konu\u015furduk.Oyunca\u011f\u0131m\u0131z\u0131 topraktan, a\u011fa\u00e7tan, ta\u015ftan yapar; oyunumuzu toprakta, ta\u015fta, buzda oynard\u0131k.\u201cKuyunun dibindeki kurba\u011fa i\u00e7in g\u00f6ky\u00fcz\u00fc, kuyunun a\u011fz\u0131 kadard\u0131r\u201d demi\u015f ya ozan, bizim<span class=\"excerpt-hellip\"> [\u2026]<\/span><\/p>\n","protected":false},"featured_media":0,"template":"","meta":{"_monsterinsights_skip_tracking":false,"_monsterinsights_sitenote_active":false,"_monsterinsights_sitenote_note":"","_monsterinsights_sitenote_category":0},"product_brand":[],"product_cat":[18545,12291],"product_tag":[],"class_list":{"0":"post-782552","1":"product","2":"type-product","3":"status-publish","5":"product_cat-anlati","6":"product_cat-edebiyat","7":"pa_cilt-ciltsiz","8":"pa_tur-kitap","9":"pa_yayinevi-sozcu-kitabevi","10":"pa_yazar-deniz-zeyrek","12":"first","13":"instock","14":"sale","15":"shipping-taxable","16":"purchasable","17":"product-type-simple"},"_links":{"self":[{"href":"https:\/\/roveyayinevi.com.tr\/index.php\/wp-json\/wp\/v2\/product\/782552","targetHints":{"allow":["GET"]}}],"collection":[{"href":"https:\/\/roveyayinevi.com.tr\/index.php\/wp-json\/wp\/v2\/product"}],"about":[{"href":"https:\/\/roveyayinevi.com.tr\/index.php\/wp-json\/wp\/v2\/types\/product"}],"wp:attachment":[{"href":"https:\/\/roveyayinevi.com.tr\/index.php\/wp-json\/wp\/v2\/media?parent=782552"}],"wp:term":[{"taxonomy":"product_brand","embeddable":true,"href":"https:\/\/roveyayinevi.com.tr\/index.php\/wp-json\/wp\/v2\/product_brand?post=782552"},{"taxonomy":"product_cat","embeddable":true,"href":"https:\/\/roveyayinevi.com.tr\/index.php\/wp-json\/wp\/v2\/product_cat?post=782552"},{"taxonomy":"product_tag","embeddable":true,"href":"https:\/\/roveyayinevi.com.tr\/index.php\/wp-json\/wp\/v2\/product_tag?post=782552"}],"curies":[{"name":"wp","href":"https:\/\/api.w.org\/{rel}","templated":true}]}}