{"id":782551,"date":"2026-02-23T11:59:11","date_gmt":"2026-02-23T08:59:11","guid":{"rendered":"https:\/\/roveyayinevi.com.tr\/index.php\/urun\/bay-tavsanin-cikolata-fabrikasi-ciltli-2\/"},"modified":"2026-04-16T02:47:44","modified_gmt":"2026-04-15T23:47:44","slug":"bay-tavsanin-cikolata-fabrikasi-ciltli-2","status":"publish","type":"product","link":"https:\/\/roveyayinevi.com.tr\/index.php\/urun\/bay-tavsanin-cikolata-fabrikasi-ciltli-2\/","title":{"rendered":"Bay Tav\u015fan&#8217;\u0131n \u00c7ikolata Fabrikas\u0131 (Ciltli)"},"content":{"rendered":"<p>\u00c7ikolata yumurtalar nas\u0131l m\u0131 yap\u0131l\u0131yor? Elys Dolan&#8217;\u0131n yaz\u0131p resimledi\u011fi Bay Tav\u015fan&#8217;\u0131n \u00c7ikolata Fabrikas\u0131, zihinleri me\u015fgul eden bu sorunun yan\u0131t\u0131n\u0131 aramakla kalm\u0131yor, K\u00fcmeskent&#8217;in direni\u015f\u00e7i tavuklar\u0131n\u0131n m\u00fcthi\u015f dayan\u0131\u015fmas\u0131n\u0131 da anlat\u0131yor. Minikleri nefis, enfes \u00e7ikolatalar\u0131n \u00fcretildi\u011fi bir fabrikaya davet eden kitap; i\u015f ya\u015fam\u0131, \u00fcretim-t\u00fcketim, i\u015f\u00e7i-i\u015fveren ili\u015fkisi, i\u015f g\u00fcvenli\u011fi gibi konular \u00fczerine d\u00fc\u015f\u00fcnd\u00fcr\u00fcyor.   \u0130\u015f\u00e7i tavuklar\u0131n hak ve \u00f6zg\u00fcrl\u00fcklerini mizah\u0131n g\u00fcc\u00fcyle \u00e7izgilerine dolayan bu bol \u00f6d\u00fcll\u00fc hik\u00e2ye, g\u00fc\u00e7l\u00fc diyaloglar\u0131yla her sayfas\u0131nda k\u0131k\u0131rdatmay\u0131 ba\u015far\u0131yor. Siz hi\u00e7 fabrikat\u00f6r bir tav\u015fanla tan\u0131\u015ft\u0131n\u0131z m\u0131? Peki g\u00fcn boyu \u00e7ikolata yiyip, \u00e7ikolatadan yumurtalar yumurtalayan tavuklar\u0131 biliyor musunuz? Bay Tav\u015fan&#8217;\u0131n \u00e7ikolata fabrikas\u0131 a\u011f\u0131z suland\u0131ran bir yer gibi g\u00f6r\u00fcnse de i\u015fin asl\u0131 \u00f6yle de\u011fil. \u00c7\u00fcnk\u00fc bu fabrikan\u0131n \u00e7al\u0131\u015fma ko\u015fullar\u0131 biraz a\u011f\u0131r!  Mesela \u00e7ikolatadan ba\u015fka yiyecek hi\u00e7bir \u015fey yok! Tatil deseniz, bir \u00e7ay molas\u0131 bile yok!  O h\u00e2lde ne mi var? Bu duruma \u00e7ok fena kafay\u0131 takm\u0131\u015f bir fabrika dolusu tavuk! &#8221;\u00c7ikolata havuzunda y\u00fcz\u00fclen yerde bu huzursuzluk da neyin nesi?&#8221; demeyin, ya\u015fananlar\u0131 bir de tavuklar\u0131n a\u011fz\u0131ndan dinleyin: &#8221;Ba\u015flarda i\u015fler t\u0131k\u0131r\u0131ndayd\u0131. Biz, yani tavuklar \u00e7al\u0131\u015f\u0131yor, Bay Tav\u015fan&#8217;\u0131n istedi\u011fi her i\u015fi yap\u0131yorduk. Patronumuz mutluydu, kazanc\u0131ndan pek memnundu. Ama bir g\u00fcn, neden daha fazlas\u0131n\u0131 kazanmayay\u0131m ki? diye d\u00fc\u015f\u00fcnd\u00fc. Tabii bunun i\u00e7in yap\u0131lmas\u0131 gereken \u015fey, bizlerin daha fazla \u00e7al\u0131\u015fmas\u0131yd\u0131. Oysa bu yarat\u0131c\u0131(!) plan\u0131n sonu\u00e7lar\u0131 hi\u00e7 de onun hayal etti\u011fi gibi olmayacakt\u0131&#8230;&#8221;  Bakal\u0131m, a\u00e7g\u00f6zl\u00fcl\u00fc\u011f\u00fcn\u00fcn pen\u00e7esine d\u00fc\u015fen Bay Tav\u015fan&#8217;a tavuklar nas\u0131l bir ders verecek? <\/p>\n","protected":false},"excerpt":{"rendered":"<p>\u00c7ikolata yumurtalar nas\u0131l m\u0131 yap\u0131l\u0131yor? Elys Dolan&#8217;\u0131n yaz\u0131p resimledi\u011fi Bay Tav\u015fan&#8217;\u0131n \u00c7ikolata Fabrikas\u0131, zihinleri me\u015fgul eden bu sorunun yan\u0131t\u0131n\u0131 aramakla kalm\u0131yor, K\u00fcmeskent&#8217;in direni\u015f\u00e7i tavuklar\u0131n\u0131n m\u00fcthi\u015f dayan\u0131\u015fmas\u0131n\u0131<span class=\"excerpt-hellip\"> [\u2026]<\/span><\/p>\n","protected":false},"featured_media":0,"template":"","meta":{"_monsterinsights_skip_tracking":false,"_monsterinsights_sitenote_active":false,"_monsterinsights_sitenote_note":"","_monsterinsights_sitenote_category":0},"product_brand":[],"product_cat":[12913,12274],"product_tag":[],"class_list":{"0":"post-782551","1":"product","2":"type-product","3":"status-publish","5":"product_cat-3-6-yas-kitaplari","6":"product_cat-cocuk-ve-genclik-kitaplari","7":"pa_cilt-ciltli","8":"pa_tur-kitap","9":"pa_yayinevi-ucanbalik-yayincilik","10":"pa_yazar-elys-dolan","12":"first","13":"instock","14":"sale","15":"shipping-taxable","16":"purchasable","17":"product-type-simple"},"_links":{"self":[{"href":"https:\/\/roveyayinevi.com.tr\/index.php\/wp-json\/wp\/v2\/product\/782551","targetHints":{"allow":["GET"]}}],"collection":[{"href":"https:\/\/roveyayinevi.com.tr\/index.php\/wp-json\/wp\/v2\/product"}],"about":[{"href":"https:\/\/roveyayinevi.com.tr\/index.php\/wp-json\/wp\/v2\/types\/product"}],"wp:attachment":[{"href":"https:\/\/roveyayinevi.com.tr\/index.php\/wp-json\/wp\/v2\/media?parent=782551"}],"wp:term":[{"taxonomy":"product_brand","embeddable":true,"href":"https:\/\/roveyayinevi.com.tr\/index.php\/wp-json\/wp\/v2\/product_brand?post=782551"},{"taxonomy":"product_cat","embeddable":true,"href":"https:\/\/roveyayinevi.com.tr\/index.php\/wp-json\/wp\/v2\/product_cat?post=782551"},{"taxonomy":"product_tag","embeddable":true,"href":"https:\/\/roveyayinevi.com.tr\/index.php\/wp-json\/wp\/v2\/product_tag?post=782551"}],"curies":[{"name":"wp","href":"https:\/\/api.w.org\/{rel}","templated":true}]}}