{"id":782541,"date":"2026-02-23T11:56:52","date_gmt":"2026-02-23T08:56:52","guid":{"rendered":"https:\/\/roveyayinevi.com.tr\/index.php\/urun\/dede-korkut-hikayeleri-18\/"},"modified":"2026-04-08T02:54:16","modified_gmt":"2026-04-07T23:54:16","slug":"dede-korkut-hikayeleri-18","status":"publish","type":"product","link":"https:\/\/roveyayinevi.com.tr\/index.php\/urun\/dede-korkut-hikayeleri-18\/","title":{"rendered":"Dede Korkut Hikayeleri"},"content":{"rendered":"<p>Nerede \u00f6vd\u00fc\u011f\u00fcm\u00fcz erler,\u201cD\u00fcnya benim!\u201d diyenler?Ecel ald\u0131, yer gizledi.Fani d\u00fcnya kime kald\u0131?Farkl\u0131 co\u011frafyalarda gezen, gezdi\u011fi her yerden izler ta\u015f\u0131yan bir k\u00fclt\u00fcr atlas\u0131&#8230; Efsanevi bilge, O\u011fuzb\u00fcy\u00fc\u011f\u00fc Dede Korkut\u2019un anlatt\u0131\u011f\u0131 hik\u00e2yelere bir yenisi daha ekleniyor.S\u00f6zl\u00fc edebiyat\u0131m\u0131z\u0131n en m\u00fcstesna \u00fcr\u00fcnlerinden Dede Korkut Hik\u00e2yeleri\u2019ne Vatikan ve Dresden n\u00fcshalar\u0131ndaki 12 hik\u00e2yenin d\u0131\u015f\u0131nda 2018 y\u0131l\u0131nda T\u00fcrkistan\u2019da bulunan yeni n\u00fcsha eklendi.\u201cSalur Kazan\u2019\u0131n Ejderhay\u0131 \u00d6ld\u00fcrmesi\u201d hik\u00e2yesini de i\u00e7eren Dede Korkut Hik\u00e2yeleri, y\u00fczlerce y\u0131ld\u0131r s\u00fcren efsanevi bir yolculu\u011fa davet ediyor okurlar\u0131n\u0131&#8230;<\/p>\n","protected":false},"excerpt":{"rendered":"<p>Nerede \u00f6vd\u00fc\u011f\u00fcm\u00fcz erler,\u201cD\u00fcnya benim!\u201d diyenler?Ecel ald\u0131, yer gizledi.Fani d\u00fcnya kime kald\u0131?Farkl\u0131 co\u011frafyalarda gezen, gezdi\u011fi her yerden izler ta\u015f\u0131yan bir k\u00fclt\u00fcr atlas\u0131&#8230; Efsanevi bilge, O\u011fuzb\u00fcy\u00fc\u011f\u00fc Dede Korkut\u2019un<span class=\"excerpt-hellip\"> [\u2026]<\/span><\/p>\n","protected":false},"featured_media":0,"template":"","meta":{"_monsterinsights_skip_tracking":false,"_monsterinsights_sitenote_active":false,"_monsterinsights_sitenote_note":"","_monsterinsights_sitenote_category":0},"product_brand":[],"product_cat":[12291,12711],"product_tag":[],"class_list":{"0":"post-782541","1":"product","2":"type-product","3":"status-publish","5":"product_cat-edebiyat","6":"product_cat-roman-oyku","7":"pa_cilt-ciltsiz","8":"pa_tur-kitap","9":"pa_yayinevi-turkuvaz-kitap","10":"pa_yazar-kolektif","12":"first","13":"instock","14":"sale","15":"shipping-taxable","16":"purchasable","17":"product-type-simple"},"_links":{"self":[{"href":"https:\/\/roveyayinevi.com.tr\/index.php\/wp-json\/wp\/v2\/product\/782541","targetHints":{"allow":["GET"]}}],"collection":[{"href":"https:\/\/roveyayinevi.com.tr\/index.php\/wp-json\/wp\/v2\/product"}],"about":[{"href":"https:\/\/roveyayinevi.com.tr\/index.php\/wp-json\/wp\/v2\/types\/product"}],"wp:attachment":[{"href":"https:\/\/roveyayinevi.com.tr\/index.php\/wp-json\/wp\/v2\/media?parent=782541"}],"wp:term":[{"taxonomy":"product_brand","embeddable":true,"href":"https:\/\/roveyayinevi.com.tr\/index.php\/wp-json\/wp\/v2\/product_brand?post=782541"},{"taxonomy":"product_cat","embeddable":true,"href":"https:\/\/roveyayinevi.com.tr\/index.php\/wp-json\/wp\/v2\/product_cat?post=782541"},{"taxonomy":"product_tag","embeddable":true,"href":"https:\/\/roveyayinevi.com.tr\/index.php\/wp-json\/wp\/v2\/product_tag?post=782541"}],"curies":[{"name":"wp","href":"https:\/\/api.w.org\/{rel}","templated":true}]}}