{"id":782540,"date":"2026-02-23T11:56:48","date_gmt":"2026-02-23T08:56:48","guid":{"rendered":"https:\/\/roveyayinevi.com.tr\/index.php\/urun\/gayrimenkulde-basarinin-7-altin-anahtari\/"},"modified":"2026-04-16T02:45:52","modified_gmt":"2026-04-15T23:45:52","slug":"gayrimenkulde-basarinin-7-altin-anahtari","status":"publish","type":"product","link":"https:\/\/roveyayinevi.com.tr\/index.php\/urun\/gayrimenkulde-basarinin-7-altin-anahtari\/","title":{"rendered":"Gayrimenkulde Ba\u015far\u0131n\u0131n 7 Alt\u0131n Anahtar\u0131"},"content":{"rendered":"<p>\u0130nsanlar\u0131n hayat\u0131ndaki en \u00f6nemli sat\u0131n alma ve sat\u0131\u015f karar\u0131 gayrimenkul. Peki, siz bir gayrimenkul dan\u0131\u015fman\u0131 olarak bu konuda ne kadar iyisiniz ve ne kadar iyi olacaks\u0131n\u0131z? Meslekteki ba\u015far\u0131m\u0131z bu becerimiz ile do\u011fru orant\u0131l\u0131. Bu kitap, sizi bu becerinizi ustala\u015ft\u0131racak bilgiler ve y\u00f6ntemler ile bulu\u015fturmak i\u00e7in yaz\u0131ld\u0131. Amac\u0131m sizlerin de gayrimenkulde bu de\u011ferli hizmeti sunarken \u00e7evrenizin, b\u00f6lgenizin ve konunuzun Uber\u2019i, Yemeksepeti\u2019si, AirBnb\u2019si, Udemy\u2019si kalitesinde bir dan\u0131\u015fman olman\u0131z.   Elma Yay\u0131nevi Ocak 2022\u2019nin ikinci kitab\u0131yla bulu\u015fuyor okurlar\u0131yla. Yazar Bar\u0131\u015f K\u0131l\u0131\u00e7arslan, d\u00fcnya genelinde verdi\u011fi gayrimenkul dan\u0131\u015fmanl\u0131\u011f\u0131 e\u011fitimlerinden derledi\u011fi ve sizi ba\u015far\u0131ya g\u00f6t\u00fcrecek 7 alt\u0131n anahtar\u0131 bu kitapta anlat\u0131yor. Keyifli okumalar\u2026 <\/p>\n","protected":false},"excerpt":{"rendered":"<p>\u0130nsanlar\u0131n hayat\u0131ndaki en \u00f6nemli sat\u0131n alma ve sat\u0131\u015f karar\u0131 gayrimenkul. Peki, siz bir gayrimenkul dan\u0131\u015fman\u0131 olarak bu konuda ne kadar iyisiniz ve ne kadar iyi olacaks\u0131n\u0131z?<span class=\"excerpt-hellip\"> [\u2026]<\/span><\/p>\n","protected":false},"featured_media":0,"template":"","meta":{"_monsterinsights_skip_tracking":false,"_monsterinsights_sitenote_active":false,"_monsterinsights_sitenote_note":"","_monsterinsights_sitenote_category":0},"product_brand":[],"product_cat":[13043,17647],"product_tag":[],"class_list":{"0":"post-782540","1":"product","2":"type-product","3":"status-publish","5":"product_cat-ekonomi","6":"product_cat-is-dunyasi","7":"pa_cilt-ciltsiz","8":"pa_tur-kitap","9":"pa_yayinevi-elma-yayinevi","10":"pa_yazar-baris-kilicarslan","12":"first","13":"instock","14":"sale","15":"shipping-taxable","16":"purchasable","17":"product-type-simple"},"_links":{"self":[{"href":"https:\/\/roveyayinevi.com.tr\/index.php\/wp-json\/wp\/v2\/product\/782540","targetHints":{"allow":["GET"]}}],"collection":[{"href":"https:\/\/roveyayinevi.com.tr\/index.php\/wp-json\/wp\/v2\/product"}],"about":[{"href":"https:\/\/roveyayinevi.com.tr\/index.php\/wp-json\/wp\/v2\/types\/product"}],"wp:attachment":[{"href":"https:\/\/roveyayinevi.com.tr\/index.php\/wp-json\/wp\/v2\/media?parent=782540"}],"wp:term":[{"taxonomy":"product_brand","embeddable":true,"href":"https:\/\/roveyayinevi.com.tr\/index.php\/wp-json\/wp\/v2\/product_brand?post=782540"},{"taxonomy":"product_cat","embeddable":true,"href":"https:\/\/roveyayinevi.com.tr\/index.php\/wp-json\/wp\/v2\/product_cat?post=782540"},{"taxonomy":"product_tag","embeddable":true,"href":"https:\/\/roveyayinevi.com.tr\/index.php\/wp-json\/wp\/v2\/product_tag?post=782540"}],"curies":[{"name":"wp","href":"https:\/\/api.w.org\/{rel}","templated":true}]}}