{"id":782534,"date":"2026-02-23T11:56:02","date_gmt":"2026-02-23T08:56:02","guid":{"rendered":"https:\/\/roveyayinevi.com.tr\/index.php\/urun\/hiristiyan-ezoterizmi\/"},"modified":"2026-04-16T02:45:40","modified_gmt":"2026-04-15T23:45:40","slug":"hiristiyan-ezoterizmi","status":"publish","type":"product","link":"https:\/\/roveyayinevi.com.tr\/index.php\/urun\/hiristiyan-ezoterizmi\/","title":{"rendered":"H\u0131ristiyan Ezoterizmi"},"content":{"rendered":"<p>Ren\u00e9 Gu\u00e9non\u2026 20. y\u00fczy\u0131l\u0131n en esasl\u0131, sars\u0131c\u0131, a\u00e7\u0131k medeniyet ve zihniyet ele\u015ftirilerini kaleme alan Frans\u0131z as\u0131ll\u0131 M\u00fcsl\u00fcman d\u00fc\u015f\u00fcn\u00fcr\u2026 H\u0131ristiyan Ezoterizmi, Gu\u00e9non\u2019un \u00e7e\u015fitli vesilelerle kaleme ald\u0131\u011f\u0131 yaz\u0131lar\u0131n\u0131n, vefat\u0131ndan sonra bir araya getirilmesiyle olu\u015fmu\u015ftur. Bu yaz\u0131lardan baz\u0131s\u0131 okuyucular taraf\u0131ndan kendisine y\u00f6neltilen sorulara cevap, baz\u0131lar\u0131 da bizzat kendisinin okudu\u011fu eserlerdeki eksiklerin giderilmesine dayan\u0131yor. Bu itibarla onun k\u00fclliyat\u0131n\u0131 daha b\u00fct\u00fcnl\u00fckl\u00fc anlama noktas\u0131nda \u00f6nemli metinler ihtiva ediyor. Metodik a\u00e7\u0131dan yapt\u0131\u011f\u0131 vurgular hem gelene\u011fe hem de onun eserlerine nas\u0131l yakla\u015f\u0131labilece\u011fi noktas\u0131nda olduk\u00e7a ayd\u0131nlat\u0131c\u0131: Baz\u0131 problemleri \u00e7\u00f6zebilmek i\u00e7in basit\u00e7e \u201ctarihe bakmak\u201d yeterli de\u011fildir. \u201c\u0130nisiyatik\u201d metinleri anlamak i\u00e7in, bu zihniyete sahip olunmal\u0131d\u0131r. Bu kitap, bir b\u00fct\u00fcn olarak bak\u0131ld\u0131\u011f\u0131nda, daha \u00f6nce Hint ve \u00c7in medeniyetlerini yazm\u0131\u015f olan Gu\u00e9non\u2019un, ayn\u0131 gelene\u011fin H\u0131ristiyanl\u0131kla al\u00e2kal\u0131 y\u00f6n\u00fcne de\u011findi\u011fi metinler olarak g\u00f6r\u00fclebilir\u2026 <\/p>\n","protected":false},"excerpt":{"rendered":"<p>Ren\u00e9 Gu\u00e9non\u2026 20. y\u00fczy\u0131l\u0131n en esasl\u0131, sars\u0131c\u0131, a\u00e7\u0131k medeniyet ve zihniyet ele\u015ftirilerini kaleme alan Frans\u0131z as\u0131ll\u0131 M\u00fcsl\u00fcman d\u00fc\u015f\u00fcn\u00fcr\u2026 H\u0131ristiyan Ezoterizmi, Gu\u00e9non\u2019un \u00e7e\u015fitli vesilelerle kaleme ald\u0131\u011f\u0131 yaz\u0131lar\u0131n\u0131n,<span class=\"excerpt-hellip\"> [\u2026]<\/span><\/p>\n","protected":false},"featured_media":0,"template":"","meta":{"_monsterinsights_skip_tracking":false,"_monsterinsights_sitenote_active":false,"_monsterinsights_sitenote_note":"","_monsterinsights_sitenote_category":0},"product_brand":[],"product_cat":[19998,12388],"product_tag":[],"class_list":{"0":"post-782534","1":"product","2":"type-product","3":"status-publish","5":"product_cat-din-felsefesi","6":"product_cat-felsefe","7":"pa_cilt-ciltsiz","8":"pa_tur-kitap","9":"pa_yayinevi-kapi-yayinlari","10":"pa_yazar-rene-guenon","12":"first","13":"instock","14":"sale","15":"shipping-taxable","16":"purchasable","17":"product-type-simple"},"_links":{"self":[{"href":"https:\/\/roveyayinevi.com.tr\/index.php\/wp-json\/wp\/v2\/product\/782534","targetHints":{"allow":["GET"]}}],"collection":[{"href":"https:\/\/roveyayinevi.com.tr\/index.php\/wp-json\/wp\/v2\/product"}],"about":[{"href":"https:\/\/roveyayinevi.com.tr\/index.php\/wp-json\/wp\/v2\/types\/product"}],"wp:attachment":[{"href":"https:\/\/roveyayinevi.com.tr\/index.php\/wp-json\/wp\/v2\/media?parent=782534"}],"wp:term":[{"taxonomy":"product_brand","embeddable":true,"href":"https:\/\/roveyayinevi.com.tr\/index.php\/wp-json\/wp\/v2\/product_brand?post=782534"},{"taxonomy":"product_cat","embeddable":true,"href":"https:\/\/roveyayinevi.com.tr\/index.php\/wp-json\/wp\/v2\/product_cat?post=782534"},{"taxonomy":"product_tag","embeddable":true,"href":"https:\/\/roveyayinevi.com.tr\/index.php\/wp-json\/wp\/v2\/product_tag?post=782534"}],"curies":[{"name":"wp","href":"https:\/\/api.w.org\/{rel}","templated":true}]}}