{"id":782533,"date":"2026-02-23T11:55:58","date_gmt":"2026-02-23T08:55:58","guid":{"rendered":"https:\/\/roveyayinevi.com.tr\/index.php\/urun\/ebeveynligin-cokusu\/"},"modified":"2026-04-16T02:45:39","modified_gmt":"2026-04-15T23:45:39","slug":"ebeveynligin-cokusu","status":"publish","type":"product","link":"https:\/\/roveyayinevi.com.tr\/index.php\/urun\/ebeveynligin-cokusu\/","title":{"rendered":"Ebeveynli\u011fin \u00c7\u00f6k\u00fc\u015f\u00fc"},"content":{"rendered":"<p>Amerika&#8217;n\u0131n \u00f6nde gelen \u00e7ocuk psikologlar\u0131ndan Leonard Sax, New York Times \u00e7oksatan kitab\u0131 Ebeveynli\u011fin \u00c7\u00f6k\u00fc\u015f\u00fc\u2019nde, modern ebeveynli\u011fin kasvetli durumuna dair okunmas\u0131 gereken bir anlat\u0131 ve \u00e7ocuklar\u0131m\u0131z\u0131 yeti\u015fkin d\u00fcnyas\u0131n\u0131n zorluklar\u0131na nas\u0131l daha iyi haz\u0131rlayabilece\u011fimize dair bir vizyon sunuyor. Gen\u00e7 insanlar aras\u0131nda artan obezite, depresyon ve kayg\u0131 bozuklu\u011fu sorunlar\u0131n\u0131n, anne babalar\u0131n kendi otoritelerinden feragat etmesinden kaynaklanabilece\u011fini \u00f6ne s\u00fcr\u00fcyor. Bunun sonucunda do\u011fru ve yanl\u0131\u015f konusunda bir standard\u0131 olmayan, disiplinden yoksun ve y\u00f6nlerini bulmak i\u00e7in akranlar\u0131na ve internete bakan \u00e7ocuklar\u0131n yeti\u015fti\u011fini anlat\u0131yor.     Sax, \u00e7ocuklar\u0131yla ili\u015fkilerini yenilemek i\u00e7in ebeveynlerin, ekran s\u00fcrelerini s\u0131n\u0131rlayarak, daha iyi al\u0131\u015fkanl\u0131klar\u0131 te\u015fvik ederek ve onlara bak\u0131\u015f a\u00e7\u0131s\u0131 kazand\u0131rarak otoritelerini nas\u0131l yeniden kurmalar\u0131 gerekti\u011fini g\u00f6steriyor. Bir aile hekimi ve psikolog olarak yakla\u015f\u0131k otuz y\u0131ll\u0131k deneyiminin yan\u0131 s\u0131ra \u00e7ocuklar, ebeveynler ve \u00f6\u011fretmenlerle yap\u0131lan y\u00fczlerce r\u00f6portajdan yararlanarak ebeveynlere gitgide daha karma\u015f\u0131k hale gelen bir d\u00fcnyada \u00e7ocuklar\u0131n\u0131n ba\u015far\u0131l\u0131 olmalar\u0131na yard\u0131mc\u0131 olmak i\u00e7in kullanabilecekleri bir plan ortaya koyuyor.      \u201cAnne babalar\u0131n nerede yanl\u0131\u015f yapt\u0131klar\u0131na, \u00e7ocuklar\u0131na erdem ve ki\u015filik kazand\u0131rma konusunda ba\u015far\u0131y\u0131 nas\u0131l yeniden yakalayacaklar\u0131na dair kapsaml\u0131 bir d\u00f6k\u00fcm\u2026 Sax daha sa\u011fl\u0131kl\u0131, daha sayg\u0131l\u0131 ve vicdanl\u0131 bireyler i\u00e7in, ebeveynlerle \u00e7ocuklar\u0131n\u0131 yeniden ortak bir \u00e7izgide birle\u015ftirebilecek bir dizi izlenmesi kolay \u00e7\u00f6z\u00fcm \u00f6neriyor.\u201d  \u2014Kirkus    \u201cEbeveynlik konusunda \u00f6nde gelen uzmanlardan biri olan Dr. Leonard Sax, ebeveynlerin \u00e7ocuklar\u0131yla ya\u015fad\u0131\u011f\u0131 sorunlar\u0131 zekice dile getiriyor ve bunlara \u00e7\u00f6z\u00fcmler sunuyor. Ebeveynli\u011fin \u00c7\u00f6k\u00fc\u015f\u00fc akademik ama ayn\u0131 zamanda pratik, basit ama ayn\u0131 zamanda derinlikli bir kitap. Bu y\u0131l sadece bir kitap okuyabilecekseniz bunu okuyun.\u201d \u2014Meg Meeker, Strong Fathers, Strong Daughters ve Strong Mothers, Strong Sons kitaplar\u0131n\u0131n yazar\u0131   \u201cY\u0131llard\u0131r ebeveynler ve \u00e7ocuklarla do\u011frudan \u00e7al\u0131\u015fman\u0131n getirdi\u011fi deneyim ve birikim ile Dr. Leonard Sax size, modern zamanlarda ebeveynli\u011fe, nerede yanl\u0131\u015f yap\u0131ld\u0131\u011f\u0131na ve yanl\u0131\u015flar\u0131n nas\u0131l d\u00fczeltilece\u011fine dair \u00f6nemli bir bak\u0131\u015f a\u00e7\u0131s\u0131 kazand\u0131rarak ebeveynlik tuzaklar\u0131ndan nas\u0131l ka\u00e7\u0131naca\u011f\u0131n\u0131z\u0131, \u00e7ocuklar\u0131n\u0131z\u0131 nas\u0131l daha iyi yeti\u015ftirece\u011finizi anlat\u0131yor.\u201d \u2014Dr. Bill Bennett, ABD E\u011fitim Eski Bakan\u0131 <\/p>\n","protected":false},"excerpt":{"rendered":"<p>Amerika&#8217;n\u0131n \u00f6nde gelen \u00e7ocuk psikologlar\u0131ndan Leonard Sax, New York Times \u00e7oksatan kitab\u0131 Ebeveynli\u011fin \u00c7\u00f6k\u00fc\u015f\u00fc\u2019nde, modern ebeveynli\u011fin kasvetli durumuna dair okunmas\u0131 gereken bir anlat\u0131 ve \u00e7ocuklar\u0131m\u0131z\u0131 yeti\u015fkin<span class=\"excerpt-hellip\"> [\u2026]<\/span><\/p>\n","protected":false},"featured_media":0,"template":"","meta":{"_monsterinsights_skip_tracking":false,"_monsterinsights_sitenote_active":false,"_monsterinsights_sitenote_note":"","_monsterinsights_sitenote_category":0},"product_brand":[],"product_cat":[17996,12364],"product_tag":[],"class_list":{"0":"post-782533","1":"product","2":"type-product","3":"status-publish","5":"product_cat-ebeveyn-kitaplari","6":"product_cat-genel-konular","7":"pa_cilt-ciltsiz","8":"pa_tur-kitap","9":"pa_yayinevi-nova-kitap","10":"pa_yazar-leonard-sax","12":"first","13":"instock","14":"sale","15":"shipping-taxable","16":"purchasable","17":"product-type-simple"},"_links":{"self":[{"href":"https:\/\/roveyayinevi.com.tr\/index.php\/wp-json\/wp\/v2\/product\/782533","targetHints":{"allow":["GET"]}}],"collection":[{"href":"https:\/\/roveyayinevi.com.tr\/index.php\/wp-json\/wp\/v2\/product"}],"about":[{"href":"https:\/\/roveyayinevi.com.tr\/index.php\/wp-json\/wp\/v2\/types\/product"}],"wp:attachment":[{"href":"https:\/\/roveyayinevi.com.tr\/index.php\/wp-json\/wp\/v2\/media?parent=782533"}],"wp:term":[{"taxonomy":"product_brand","embeddable":true,"href":"https:\/\/roveyayinevi.com.tr\/index.php\/wp-json\/wp\/v2\/product_brand?post=782533"},{"taxonomy":"product_cat","embeddable":true,"href":"https:\/\/roveyayinevi.com.tr\/index.php\/wp-json\/wp\/v2\/product_cat?post=782533"},{"taxonomy":"product_tag","embeddable":true,"href":"https:\/\/roveyayinevi.com.tr\/index.php\/wp-json\/wp\/v2\/product_tag?post=782533"}],"curies":[{"name":"wp","href":"https:\/\/api.w.org\/{rel}","templated":true}]}}