{"id":782532,"date":"2026-02-23T11:55:51","date_gmt":"2026-02-23T08:55:51","guid":{"rendered":"https:\/\/roveyayinevi.com.tr\/index.php\/urun\/dekorator\/"},"modified":"2026-04-08T02:54:07","modified_gmt":"2026-04-07T23:54:07","slug":"dekorator","status":"publish","type":"product","link":"https:\/\/roveyayinevi.com.tr\/index.php\/urun\/dekorator\/","title":{"rendered":"Dekorat\u00f6r"},"content":{"rendered":"<p>Erast Fandorin, Kar\u0131nde\u015fen Jack\u2019in Moskova\u2019n\u0131n kenar mahallelerindeki ac\u0131mas\u0131z ve insanl\u0131kd\u0131\u015f\u0131 su\u00e7lar\u0131n\u0131 herkes i\u00e7in sona erdirmek amac\u0131yla sahnede. T\u00fcm serinin en karanl\u0131k roman\u0131 Dekorat\u00f6r\u2019de, cinayetlerin t\u00fcyler \u00fcrpertici ayr\u0131nt\u0131lar\u0131 incelikle i\u015fleniyor, mezarl\u0131klar ve morglarda katilin izi s\u00fcr\u00fcl\u00fcyor. Fandorin\u2019in y\u00f6ntemleri, bu vakada da ona e\u015flik eden yard\u0131mc\u0131s\u0131 Anisi\u2019nin ara\u015ft\u0131rmalar\u0131yla de\u011fi\u015fiyor. Katilin s\u00f6zde dini sanr\u0131lar i\u00e7inde k\u0131vranan sapk\u0131n zihni, insan v\u00fccudunun g\u00fczelli\u011fini d\u00fcnyaya sergilemek i\u00e7in t\u00fcrl\u00fc oyunlar\u0131n dekorunu haz\u0131rl\u0131yor. <\/p>\n","protected":false},"excerpt":{"rendered":"<p>Erast Fandorin, Kar\u0131nde\u015fen Jack\u2019in Moskova\u2019n\u0131n kenar mahallelerindeki ac\u0131mas\u0131z ve insanl\u0131kd\u0131\u015f\u0131 su\u00e7lar\u0131n\u0131 herkes i\u00e7in sona erdirmek amac\u0131yla sahnede. T\u00fcm serinin en karanl\u0131k roman\u0131 Dekorat\u00f6r\u2019de, cinayetlerin t\u00fcyler \u00fcrpertici<span class=\"excerpt-hellip\"> [\u2026]<\/span><\/p>\n","protected":false},"featured_media":0,"template":"","meta":{"_monsterinsights_skip_tracking":false,"_monsterinsights_sitenote_active":false,"_monsterinsights_sitenote_note":"","_monsterinsights_sitenote_category":0},"product_brand":[],"product_cat":[12291,12711],"product_tag":[],"class_list":{"0":"post-782532","1":"product","2":"type-product","3":"status-publish","5":"product_cat-edebiyat","6":"product_cat-roman-oyku","7":"pa_cilt-ciltsiz","8":"pa_tur-kitap","9":"pa_yayinevi-alfa-yayinlari","10":"pa_yazar-boris-akunin","12":"first","13":"instock","14":"sale","15":"shipping-taxable","16":"purchasable","17":"product-type-simple"},"_links":{"self":[{"href":"https:\/\/roveyayinevi.com.tr\/index.php\/wp-json\/wp\/v2\/product\/782532","targetHints":{"allow":["GET"]}}],"collection":[{"href":"https:\/\/roveyayinevi.com.tr\/index.php\/wp-json\/wp\/v2\/product"}],"about":[{"href":"https:\/\/roveyayinevi.com.tr\/index.php\/wp-json\/wp\/v2\/types\/product"}],"wp:attachment":[{"href":"https:\/\/roveyayinevi.com.tr\/index.php\/wp-json\/wp\/v2\/media?parent=782532"}],"wp:term":[{"taxonomy":"product_brand","embeddable":true,"href":"https:\/\/roveyayinevi.com.tr\/index.php\/wp-json\/wp\/v2\/product_brand?post=782532"},{"taxonomy":"product_cat","embeddable":true,"href":"https:\/\/roveyayinevi.com.tr\/index.php\/wp-json\/wp\/v2\/product_cat?post=782532"},{"taxonomy":"product_tag","embeddable":true,"href":"https:\/\/roveyayinevi.com.tr\/index.php\/wp-json\/wp\/v2\/product_tag?post=782532"}],"curies":[{"name":"wp","href":"https:\/\/api.w.org\/{rel}","templated":true}]}}