{"id":782530,"date":"2026-02-23T11:55:38","date_gmt":"2026-02-23T08:55:38","guid":{"rendered":"https:\/\/roveyayinevi.com.tr\/index.php\/urun\/anilar-birinci-cilt\/"},"modified":"2026-04-03T02:51:26","modified_gmt":"2026-04-02T23:51:26","slug":"anilar-birinci-cilt","status":"publish","type":"product","link":"https:\/\/roveyayinevi.com.tr\/index.php\/urun\/anilar-birinci-cilt\/","title":{"rendered":"An\u0131lar Birinci Cilt"},"content":{"rendered":"<p>2016\u2019da Nobel Edebiyat \u00d6d\u00fcl\u00fc\u2019ne lay\u0131k g\u00f6r\u00fclen Bob Dylan, An\u0131lar: Birinci Cilt\u2019te hayat\u0131ndaki ve kariyerindeki kritik d\u00f6neme\u00e7leri bir g\u00fcnl\u00fck gibi kaleme al\u0131yor. Dylan\u2019la ayn\u0131 masaya oturup konu\u015fuyormu\u015fsunuz hissi yaratan bu samimi metinler, 1960\u2019lar\u0131, Dylan&#8217;\u0131n \u015fark\u0131 s\u00f6ylemeye ba\u015flad\u0131\u011f\u0131 ilk y\u0131llar\u0131, \u0131\u015f\u0131lt\u0131l\u0131 ve ac\u0131mas\u0131z New York g\u00fcnlerini, zaman\u0131n b\u00fcy\u00fck folk ve caz ustalar\u0131n\u0131 anlat\u0131yor. Dylan&#8217;\u0131n New York&#8217;u b\u00fcy\u00fcl\u00fc bir olas\u0131l\u0131klar \u015fehridir \u2013dumanl\u0131 barlar, gece partileri, felsefi uyan\u0131\u015flar, siyasi patlamalar, hareketli sokaklar, birbirinden ilgin\u00e7 karakterler, kaybedenler, varolu\u015f\u00e7ular, beatnikler, serseriler, ge\u00e7ici a\u015fklar, unutulmaz dostluklar\u2026 Dylan bu kitapta sadece 60\u2019lar\u0131 ve New York\u2019u de\u011fil, 90\u2019l\u0131 y\u0131llara kadarki Amerika yolculuklar\u0131n\u0131 ve \u015fark\u0131lar\u0131n\u0131n hikayelerini de kayda ge\u00e7iriyor.Bazen \u015fiirsel, bazen felsefi, bazen de ironik bir tona b\u00fcr\u00fcnen An\u0131lar\u2019da Bob Dylan hayat\u0131n\u0131n par\u0131lt\u0131l\u0131 oldu\u011fu kadar mutsuz ve karanl\u0131k d\u00f6nemlerini de birer itiraf gibi okurla payla\u015farak Dylan\u2019\u0131 Dylan yapan her \u015feyi g\u00f6zler \u00f6n\u00fcne seriyor. Hayat\u0131n\u0131 etkileyen karakterlerin yan\u0131 s\u0131ra, beslendi\u011fi m\u00fczikal ve edebi kaynaklar, Woody Guthrie ve Joan Baez gibi m\u00fczisyenler, Rimbaud ve Poe gibi \u015fairler, Gogol, Balzac, Melville ve Jack Kerouac gibi yazarlar da yolculu\u011funda Dylan\u2019a e\u015flik ediyor.T\u00fcrkiyeli okurlar i\u00e7in bir de s\u00fcrpriz var: aile k\u00f6kenleri T\u00fcrkiye\u2019ye uzanan Dylan, kitab\u0131nda bu aidiyetin ailesindeki ve \u00e7ocuklu\u011fundaki etkilerine dair ilgin\u00e7 ayr\u0131nt\u0131lara yer veriyor.An\u0131lar, hem efsanevi bir rockstar\u2019\u0131n ini\u015fli \u00e7\u0131k\u0131\u015fl\u0131 hayat\u0131na hem de tarihin \u00e7alkant\u0131l\u0131 ve yo\u011fun bir d\u00f6nemine tan\u0131kl\u0131k etmek isteyenler i\u00e7in e\u015fsiz bir kitap.\u201cAn\u0131lar herkesi hayrete d\u00fc\u015f\u00fcrd\u00fc\u2026 Tam bir ba\u015fyap\u0131t.\u201d Sunday Times\u201cDylan\u2019\u0131n derinlikli, g\u00fczel An\u0131lar\u2019\u0131 herkesi afallatt\u0131.\u201d Nick Hornby\u201cHi\u00e7 kimse Dylan\u2019\u0131n b\u00f6yle bir kitap yazaca\u011f\u0131n\u0131 d\u00fc\u015f\u00fcnemezdi herhalde.\u201d Hanif Kureishi<\/p>\n","protected":false},"excerpt":{"rendered":"<p>2016\u2019da Nobel Edebiyat \u00d6d\u00fcl\u00fc\u2019ne lay\u0131k g\u00f6r\u00fclen Bob Dylan, An\u0131lar: Birinci Cilt\u2019te hayat\u0131ndaki ve kariyerindeki kritik d\u00f6neme\u00e7leri bir g\u00fcnl\u00fck gibi kaleme al\u0131yor. Dylan\u2019la ayn\u0131 masaya oturup konu\u015fuyormu\u015fsunuz<span class=\"excerpt-hellip\"> [\u2026]<\/span><\/p>\n","protected":false},"featured_media":0,"template":"","meta":{"_monsterinsights_skip_tracking":false,"_monsterinsights_sitenote_active":false,"_monsterinsights_sitenote_note":"","_monsterinsights_sitenote_category":0},"product_brand":[],"product_cat":[13701,12291],"product_tag":[],"class_list":{"0":"post-782530","1":"product","2":"type-product","3":"status-publish","5":"product_cat-ani-mektup-gunluk","6":"product_cat-edebiyat","7":"pa_cilt-ciltsiz","8":"pa_tur-kitap","9":"pa_yayinevi-biri-yayinlari","10":"pa_yazar-bob-dylan","12":"first","13":"instock","14":"sale","15":"shipping-taxable","16":"purchasable","17":"product-type-simple"},"_links":{"self":[{"href":"https:\/\/roveyayinevi.com.tr\/index.php\/wp-json\/wp\/v2\/product\/782530","targetHints":{"allow":["GET"]}}],"collection":[{"href":"https:\/\/roveyayinevi.com.tr\/index.php\/wp-json\/wp\/v2\/product"}],"about":[{"href":"https:\/\/roveyayinevi.com.tr\/index.php\/wp-json\/wp\/v2\/types\/product"}],"wp:attachment":[{"href":"https:\/\/roveyayinevi.com.tr\/index.php\/wp-json\/wp\/v2\/media?parent=782530"}],"wp:term":[{"taxonomy":"product_brand","embeddable":true,"href":"https:\/\/roveyayinevi.com.tr\/index.php\/wp-json\/wp\/v2\/product_brand?post=782530"},{"taxonomy":"product_cat","embeddable":true,"href":"https:\/\/roveyayinevi.com.tr\/index.php\/wp-json\/wp\/v2\/product_cat?post=782530"},{"taxonomy":"product_tag","embeddable":true,"href":"https:\/\/roveyayinevi.com.tr\/index.php\/wp-json\/wp\/v2\/product_tag?post=782530"}],"curies":[{"name":"wp","href":"https:\/\/api.w.org\/{rel}","templated":true}]}}