{"id":782529,"date":"2026-02-23T11:55:35","date_gmt":"2026-02-23T08:55:35","guid":{"rendered":"https:\/\/roveyayinevi.com.tr\/index.php\/urun\/deccal-3\/"},"modified":"2026-02-23T11:55:35","modified_gmt":"2026-02-23T08:55:35","slug":"deccal-3","status":"publish","type":"product","link":"https:\/\/roveyayinevi.com.tr\/index.php\/urun\/deccal-3\/","title":{"rendered":"Deccal"},"content":{"rendered":"<p>Ya\u015fad\u0131\u011f\u0131m\u0131z \u00e7a\u011fda insanlar\u0131n geli\u015ftirdi\u011fi teknolojiler sayesinde t\u00fcm insanlar, birka\u00e7 saat i\u00e7inde k\u0131talar aras\u0131 yolculuk yapabiliyor.                    Bilim o kadar ilerledi ki, bundan 1400 sene \u00f6nce \u201cAsr-\u0131 Saadet\u201d denilen d\u00f6nemde insanlar ortalama 30 &#8211; 40 y\u0131l ya\u015fayabiliyorken bug\u00fcn geli\u015fmi\u015f \u00fclkelerde bu ortalaman\u0131n 80 &#8211; 90 ya\u015f\u0131na kadar \u00e7\u0131kt\u0131\u011f\u0131n\u0131 g\u00f6rebiliyoruz.                    Organ nakli, kalp pili, protezler sayesinde \u00e7o\u011fu insan yarat\u0131l\u0131\u015ftan ta\u015f\u0131d\u0131\u011f\u0131 ya da sonradan olu\u015fan anomalilerden kurtulup, \u00e7ok daha uzun y\u0131llar ya\u015fayabilmektedir.                    Bug\u00fcn geli\u015fmi\u015f toplumlar yapay zekay\u0131, insanlar\u0131n hayatlar\u0131n\u0131 kolayla\u015ft\u0131ran nano teknolojileri, robotlar ve benzeri teknolojileri konu\u015furken, \u0130slam toplumlar\u0131 b\u00fct\u00fcn bu ba\u015far\u0131l\u0131 i\u015fleri yap\u0131p insanlar\u0131n hatta hayvanlar\u0131n hayatlar\u0131n\u0131 kolayla\u015ft\u0131ran insanlar\u0131 kafirlikle su\u00e7lamaktad\u0131r.                    Gelin g\u00f6r\u00fcn ki onlar, \u201cAllah\u2019\u0131n evi\u201d olarak adland\u0131rd\u0131klar\u0131 camilere salg\u0131n nedeniyle kilit vurup, vir\u00fcsten dua ve ibadet ederek kurtulmaya \u00e7al\u0131\u015f\u0131rken t\u00fcm insanl\u0131\u011f\u0131 salg\u0131ndan koruyacak a\u015f\u0131y\u0131 da onlar\u0131n \u201cgavur\u201d dedi\u011fi insanlar geli\u015ftirdi.                    \u0130slam \u00fclkelerinde halen meleklerin cinsiyeti, kad\u0131nlar\u0131n erkeklerle birlikte \u00e7al\u0131\u015f\u0131p \u00e7al\u0131\u015famayaca\u011f\u0131, deve sidi\u011finin yararlar\u0131, cennetteki hurilerin cinsel ya\u015fam\u0131 konu\u015fuluyor, Deccal&#8217;in gelece\u011fi, aln\u0131n\u0131n ortas\u0131nda \u201ckefere\u201d yazaca\u011f\u0131, g\u00f6zlerinden birinin k\u00f6r olaca\u011f\u0131 yaz\u0131l\u0131yor, anlat\u0131l\u0131yor ve bu anlat\u0131ya uygun robot Deccal resimleri \u00e7iziliyor.                    Elinizdeki bu kitap din diye sunulan bu hurafeler konusunda yaz\u0131lm\u0131\u015f \u00e7ok de\u011ferli bir eserdir. <\/p>\n","protected":false},"excerpt":{"rendered":"<p>Ya\u015fad\u0131\u011f\u0131m\u0131z \u00e7a\u011fda insanlar\u0131n geli\u015ftirdi\u011fi teknolojiler sayesinde t\u00fcm insanlar, birka\u00e7 saat i\u00e7inde k\u0131talar aras\u0131 yolculuk yapabiliyor. Bilim o kadar ilerledi ki, bundan 1400 sene \u00f6nce \u201cAsr-\u0131 Saadet\u201d<span class=\"excerpt-hellip\"> [\u2026]<\/span><\/p>\n","protected":false},"featured_media":0,"template":"","meta":{"_monsterinsights_skip_tracking":false,"_monsterinsights_sitenote_active":false,"_monsterinsights_sitenote_note":"","_monsterinsights_sitenote_category":0},"product_brand":[],"product_cat":[13036,12718,12719],"product_tag":[],"class_list":{"0":"post-782529","1":"product","2":"type-product","3":"status-publish","5":"product_cat-arastirma-inceleme-islam","6":"product_cat-din","7":"product_cat-islam","8":"pa_cilt-ciltsiz","9":"pa_tur-kitap","10":"pa_yayinevi-altayli-yayinlari","11":"pa_yazar-yakup-deniz","13":"first","14":"instock","15":"sale","16":"shipping-taxable","17":"purchasable","18":"product-type-simple"},"_links":{"self":[{"href":"https:\/\/roveyayinevi.com.tr\/index.php\/wp-json\/wp\/v2\/product\/782529","targetHints":{"allow":["GET"]}}],"collection":[{"href":"https:\/\/roveyayinevi.com.tr\/index.php\/wp-json\/wp\/v2\/product"}],"about":[{"href":"https:\/\/roveyayinevi.com.tr\/index.php\/wp-json\/wp\/v2\/types\/product"}],"wp:attachment":[{"href":"https:\/\/roveyayinevi.com.tr\/index.php\/wp-json\/wp\/v2\/media?parent=782529"}],"wp:term":[{"taxonomy":"product_brand","embeddable":true,"href":"https:\/\/roveyayinevi.com.tr\/index.php\/wp-json\/wp\/v2\/product_brand?post=782529"},{"taxonomy":"product_cat","embeddable":true,"href":"https:\/\/roveyayinevi.com.tr\/index.php\/wp-json\/wp\/v2\/product_cat?post=782529"},{"taxonomy":"product_tag","embeddable":true,"href":"https:\/\/roveyayinevi.com.tr\/index.php\/wp-json\/wp\/v2\/product_tag?post=782529"}],"curies":[{"name":"wp","href":"https:\/\/api.w.org\/{rel}","templated":true}]}}