{"id":782528,"date":"2026-02-23T11:55:25","date_gmt":"2026-02-23T08:55:25","guid":{"rendered":"https:\/\/roveyayinevi.com.tr\/index.php\/urun\/seyir-defteri\/"},"modified":"2026-04-16T02:44:51","modified_gmt":"2026-04-15T23:44:51","slug":"seyir-defteri","status":"publish","type":"product","link":"https:\/\/roveyayinevi.com.tr\/index.php\/urun\/seyir-defteri\/","title":{"rendered":"Seyir Defteri"},"content":{"rendered":"<p>Seyir eden misin, seyreden mi bu \u00e2lemde? Kendi seyrini yazmaya haz\u0131r m\u0131s\u0131n?   Bug\u00fcne kadar binlerce Seyir okuyucusu, Mina\u2019n\u0131n yolculu\u011funa tan\u0131kl\u0131k etti. \u015eimdi s\u0131ra senin hik\u00e2yende\u2026 Seyir\u2019den izler ta\u015f\u0131yan Seyir Defteri\u2019ni kendi yolculu\u011funu yazmak i\u00e7in kullanabilir, Mina gibi bir d\u00f6n\u00fc\u015f\u00fcm yolculu\u011funa \u00e7\u0131kabilirsin. Unutma, bu hik\u00e2yenin ba\u015frol\u00fc sensin! <\/p>\n","protected":false},"excerpt":{"rendered":"<p>Seyir eden misin, seyreden mi bu \u00e2lemde? Kendi seyrini yazmaya haz\u0131r m\u0131s\u0131n? Bug\u00fcne kadar binlerce Seyir okuyucusu, Mina\u2019n\u0131n yolculu\u011funa tan\u0131kl\u0131k etti. \u015eimdi s\u0131ra senin hik\u00e2yende\u2026 Seyir\u2019den<span class=\"excerpt-hellip\"> [\u2026]<\/span><\/p>\n","protected":false},"featured_media":0,"template":"","meta":{"_monsterinsights_skip_tracking":false,"_monsterinsights_sitenote_active":false,"_monsterinsights_sitenote_note":"","_monsterinsights_sitenote_category":0},"product_brand":[],"product_cat":[28265,15563],"product_tag":[],"class_list":{"0":"post-782528","1":"product","2":"type-product","3":"status-publish","5":"product_cat-diger-hobi","6":"product_cat-hobi","7":"pa_cilt-ciltsiz","8":"pa_tur-kitap","9":"pa_yayinevi-mona-kitap","10":"pa_yazar-piraye","12":"first","13":"instock","14":"sale","15":"shipping-taxable","16":"purchasable","17":"product-type-simple"},"_links":{"self":[{"href":"https:\/\/roveyayinevi.com.tr\/index.php\/wp-json\/wp\/v2\/product\/782528","targetHints":{"allow":["GET"]}}],"collection":[{"href":"https:\/\/roveyayinevi.com.tr\/index.php\/wp-json\/wp\/v2\/product"}],"about":[{"href":"https:\/\/roveyayinevi.com.tr\/index.php\/wp-json\/wp\/v2\/types\/product"}],"wp:attachment":[{"href":"https:\/\/roveyayinevi.com.tr\/index.php\/wp-json\/wp\/v2\/media?parent=782528"}],"wp:term":[{"taxonomy":"product_brand","embeddable":true,"href":"https:\/\/roveyayinevi.com.tr\/index.php\/wp-json\/wp\/v2\/product_brand?post=782528"},{"taxonomy":"product_cat","embeddable":true,"href":"https:\/\/roveyayinevi.com.tr\/index.php\/wp-json\/wp\/v2\/product_cat?post=782528"},{"taxonomy":"product_tag","embeddable":true,"href":"https:\/\/roveyayinevi.com.tr\/index.php\/wp-json\/wp\/v2\/product_tag?post=782528"}],"curies":[{"name":"wp","href":"https:\/\/api.w.org\/{rel}","templated":true}]}}