{"id":782525,"date":"2026-02-23T11:55:09","date_gmt":"2026-02-23T08:55:09","guid":{"rendered":"https:\/\/roveyayinevi.com.tr\/index.php\/urun\/matematik-4-yas-okul-oncesi-ve-erken-okul-donemi-aktivite-kitabim\/"},"modified":"2026-03-16T12:29:18","modified_gmt":"2026-03-16T09:29:18","slug":"matematik-4-yas-okul-oncesi-ve-erken-okul-donemi-aktivite-kitabim","status":"publish","type":"product","link":"https:\/\/roveyayinevi.com.tr\/index.php\/urun\/matematik-4-yas-okul-oncesi-ve-erken-okul-donemi-aktivite-kitabim\/","title":{"rendered":"Matematik 4+ Ya\u015f &#8211; Okul \u00d6ncesi ve Erken Okul D\u00f6nemi Aktivite Kitab\u0131m"},"content":{"rendered":"<p>Erken \u00c7ocukluk D\u00f6nemi geli\u015fimin en h\u0131zl\u0131 oldu\u011fu, temel kavramlar\u0131 kazand\u0131\u011f\u0131 d\u00f6nemdir. Bu d\u00f6nemde \u00e7ocuklar i\u015flem \u00f6ncesi d\u00f6nemden, somut i\u015flemler d\u00f6nemine do\u011fru ilerlemektedir. Yani \u00e7ocuk g\u00f6rsel d\u00fc\u015f\u00fcnmeden, zihinsel d\u00fc\u015f\u00fcnmeye ge\u00e7er.Hayat\u0131m\u0131z\u0131n \u00f6nemli bir par\u00e7as\u0131 olan matematik ile ilgili deneyimler matematik kavram\u0131n\u0131n geli\u015fmesinde \u00f6nemli bir yer te\u015fkil eder. T\u00fcm bunlar erken \u00e7ocukluk d\u00f6nemindeki \u00e7ocu\u011fun ilerleyen y\u0131llarda kullanaca\u011f\u0131 matematik kavramlar\u0131n\u0131n, becerilerinin geli\u015fimi i\u00e7in do\u011fru y\u00f6ntemlere ihtiyac\u0131 vard\u0131r.Biz de bu ihtiyac\u0131 kar\u015f\u0131lamas\u0131 amac\u0131yla Erken \u00c7ocukluk ve Okul \u00d6ncesi D\u00f6nemi Aktvite Kitab\u0131 Matematik kitab\u0131m\u0131zda;\u2022 Somut kavramlardan soyut kavramlara ge\u00e7erek,\u2022 Basitten ba\u015flay\u0131p, kavramlar\u0131n anla\u015f\u0131l\u0131rl\u0131\u011f\u0131 sa\u011flayarak,\u2022 Bir\u00e7ok disiplinler aras\u0131 \u00f6\u011frenme konular\u0131n\u0131 (renk, geometrik \u015fekil, k\u00fc\u00e7\u00fck kas geli\u015fimi) kullanarak,\u2022 Matematik \u00f6\u011freniminin s\u00fcreklilik gerektirdi\u011fini bilerek (basit bir toplama i\u015flemini yapabilmek i\u00e7in say\u0131lar\u0131n tan\u0131nmas\u0131, s\u0131ralama becerisinin olu\u015fturulmas\u0131),\u2022 Matematik \u00f6\u011fretiminin ve \u00f6\u011freniminin iyi bir planlama program\u0131 olmas\u0131 gereklili\u011fini temel alarak etkili ve yetkin kal\u0131c\u0131 \u00f6\u011frenme hedefli \u00e7al\u0131\u015fmalar haz\u0131rlad\u0131k. Haz\u0131rlad\u0131\u011f\u0131m\u0131z kitapla Matemati\u011fi seven, matemati\u011fi hayat\u0131nda kullanan nesiller olu\u015fturmada katk\u0131m\u0131z olaca\u011f\u0131n\u0131 hedefliyoruz. MATEMAT\u0130K kitab\u0131m\u0131zda t\u00fcm bu basamaklar\u0131 dikkate alarak \u00e7al\u0131\u015fmalar\u0131m\u0131z\u0131 s\u0131ras\u0131yla planlad\u0131k.\u00c7ocuklar\u0131m\u0131z\u0131n e\u011flenerek, yaparak ve ya\u015fayarak, \u00f6\u011frenmesi dile\u011fiyle\u2026<\/p>\n","protected":false},"excerpt":{"rendered":"<p>Erken \u00c7ocukluk D\u00f6nemi geli\u015fimin en h\u0131zl\u0131 oldu\u011fu, temel kavramlar\u0131 kazand\u0131\u011f\u0131 d\u00f6nemdir. Bu d\u00f6nemde \u00e7ocuklar i\u015flem \u00f6ncesi d\u00f6nemden, somut i\u015flemler d\u00f6nemine do\u011fru ilerlemektedir. Yani \u00e7ocuk g\u00f6rsel d\u00fc\u015f\u00fcnmeden,<span class=\"excerpt-hellip\"> [\u2026]<\/span><\/p>\n","protected":false},"featured_media":0,"template":"","meta":{"_monsterinsights_skip_tracking":false,"_monsterinsights_sitenote_active":false,"_monsterinsights_sitenote_note":"","_monsterinsights_sitenote_category":0},"product_brand":[],"product_cat":[12274,12518],"product_tag":[],"class_list":{"0":"post-782525","1":"product","2":"type-product","3":"status-publish","5":"product_cat-cocuk-ve-genclik-kitaplari","6":"product_cat-okul-oncesi-kitaplar","7":"pa_cilt-ciltsiz","8":"pa_tur-kitap","9":"pa_yayinevi-marti-cocuk-yayinlari","10":"pa_yazar-marti-cocuk-yayinlari-kolektif","12":"first","13":"instock","14":"sale","15":"shipping-taxable","16":"purchasable","17":"product-type-simple"},"_links":{"self":[{"href":"https:\/\/roveyayinevi.com.tr\/index.php\/wp-json\/wp\/v2\/product\/782525","targetHints":{"allow":["GET"]}}],"collection":[{"href":"https:\/\/roveyayinevi.com.tr\/index.php\/wp-json\/wp\/v2\/product"}],"about":[{"href":"https:\/\/roveyayinevi.com.tr\/index.php\/wp-json\/wp\/v2\/types\/product"}],"wp:attachment":[{"href":"https:\/\/roveyayinevi.com.tr\/index.php\/wp-json\/wp\/v2\/media?parent=782525"}],"wp:term":[{"taxonomy":"product_brand","embeddable":true,"href":"https:\/\/roveyayinevi.com.tr\/index.php\/wp-json\/wp\/v2\/product_brand?post=782525"},{"taxonomy":"product_cat","embeddable":true,"href":"https:\/\/roveyayinevi.com.tr\/index.php\/wp-json\/wp\/v2\/product_cat?post=782525"},{"taxonomy":"product_tag","embeddable":true,"href":"https:\/\/roveyayinevi.com.tr\/index.php\/wp-json\/wp\/v2\/product_tag?post=782525"}],"curies":[{"name":"wp","href":"https:\/\/api.w.org\/{rel}","templated":true}]}}